{"id":578,"date":"2024-04-30T13:34:04","date_gmt":"2024-04-30T05:34:04","guid":{"rendered":"http:\/\/localhost:8012\/?page_id=578"},"modified":"2024-04-30T13:34:13","modified_gmt":"2024-04-30T05:34:13","slug":"company-advantages","status":"publish","type":"page","link":"https:\/\/atalu.cn\/de\/company-advantages","title":{"rendered":"Vorteile f\u00fcr das Unternehmen"},"content":{"rendered":"<table border=\"0\" width=\"100%\" cellspacing=\"0\">\n<tbody>\n<tr class=\"firstRow\">\n<td align=\"center\" valign=\"middle\" width=\"374\"><img loading=\"lazy\" decoding=\"async\" title=\"1Produktionsanlagen(001)\" src=\"https:\/\/atalu.cn\/wp-content\/uploads\/replace\/cc4330fdb7b0f94a91f03d40aa0692e9.jpeg\" alt=\"1Production Equipment(001)\" width=\"500\" height=\"345\" \/><\/td>\n<td align=\"center\" valign=\"middle\" width=\"374\"><img loading=\"lazy\" decoding=\"async\" title=\"2Produktionskontrolle(001)\" src=\"https:\/\/atalu.cn\/wp-content\/uploads\/replace\/4b01b3461def849303aa0771d81a80b3.jpeg\" alt=\"2Production inspection(001)\" width=\"500\" height=\"345\" \/><\/td>\n<\/tr>\n<tr>\n<td align=\"center\" valign=\"middle\" width=\"374\"><strong>Produktionsmittel<\/strong><\/td>\n<td align=\"center\" valign=\"middle\" width=\"374\"><strong>Kontrolle der Produktion<\/strong><\/td>\n<\/tr>\n<tr>\n<td align=\"center\" valign=\"middle\" width=\"374\"><\/td>\n<td align=\"center\" valign=\"middle\" width=\"374\"><\/td>\n<\/tr>\n<tr>\n<td align=\"center\" valign=\"middle\" width=\"374\"><img loading=\"lazy\" decoding=\"async\" title=\"3Laboratorium(001)\" src=\"https:\/\/atalu.cn\/wp-content\/uploads\/replace\/35c513acd80dadf50b9df1600b85db13.jpeg\" alt=\"3laboratory(001)\" width=\"500\" height=\"345\" \/><\/td>\n<td align=\"center\" valign=\"middle\" width=\"374\"><img loading=\"lazy\" decoding=\"async\" title=\"4Laborausstattung(001)\" src=\"https:\/\/atalu.cn\/wp-content\/uploads\/replace\/34bc967e69e1ed5d4078f4345d281261.jpeg\" alt=\"4laboratory equipment(001)\" width=\"500\" height=\"345\" \/><\/td>\n<\/tr>\n<tr>\n<td align=\"center\" valign=\"middle\" width=\"374\"><strong>Labor<\/strong><\/td>\n<td align=\"center\" valign=\"middle\" width=\"374\"><strong>Laborausstattung<\/strong><\/td>\n<\/tr>\n<\/tbody>\n<\/table>\n<p><strong>Produktionsmittel<\/strong><\/p>\n<p>Einf\u00fchrung von 5 automatischen Walzenbeschichtungsanlagen mit drei Beschichtungen und drei Backvorg\u00e4ngen aus Deutschland<\/p>\n<p>Das erste Unternehmen in China, das eine automatische Walzenbeschichtungsanlage einf\u00fchrt, die 4,0 mm x 2600 mm x C produzieren kann.<\/p>\n<p>Mehr als 1000 Arten von Druckwalzen<\/p>\n<p>2 automatische Spr\u00fchfertigungslinien<\/p>\n<p>4 automatische Hochgeschwindigkeits-Schneidlinien<\/p>\n<p>12 Pr\u00e4zisions-Querschneiderlinien<\/p>\n<p>6 Pr\u00e4gelinien<\/p>\n<p><strong>Professionell<\/strong><\/p>\n<p>Wir konzentrieren uns seit 20 Jahren auf die Beschichtungsindustrie und haben eine Reihe von umfassenden Systemzertifizierungen erhalten. Unsere fortschrittlichen 8 vollautomatischen Hochgeschwindigkeits-Produktionslinien verwenden die international fortschrittlichen drei Beschichtungs- und zwei Einbrennverfahren.<\/p>\n<p><strong>Qualit\u00e4t<\/strong><\/p>\n<p>Das vom Amt f\u00fcr Wissenschaft und Technologie zertifizierte \"Forschungszentrum f\u00fcr Ingenieurtechnik und farbbeschichtete Aluminiumbleche\" kontrolliert streng den Produktionsprozess (8-16 Pr\u00fcfverfahren), verbessert innovativ den Produktionsprozess, gew\u00e4hrleistet die Stabilit\u00e4t der Produktqualit\u00e4t und die Forschung und Entwicklung neuer Produkte.<\/p>\n<p><strong>St\u00e4rke<\/strong><\/p>\n<p>ATALU technology vertritt das Konzept des \"Null-Fehlers\" und der \"Verantwortung f\u00fcr den Kunden\" und produziert in strikter \u00dcbereinstimmung mit den Standards des Qualit\u00e4tsmanagements. Wir verwenden Produkte von gro\u00dfen inl\u00e4ndischen Aluminiumherstellern wie Sinal und Chinalco und arbeiten mit den besten Beschichtungsherstellern zusammen.<\/p>","protected":false},"excerpt":{"rendered":"<p>Production Equipment Production inspection Laboratory Laboratory equipment Production Equipment Introduced 5 automatic roller coating production lines of three-coating and three-baking from Germany The first in China to introduce a roller coating automatic production line capable of producing 4.0mmx2600mmxC More than 1000 kinds of printing rollers 2 automatic spraying production lines 4 high-speed automatic slitting lines [&hellip;]<\/p>","protected":false},"author":1,"featured_media":582,"parent":0,"menu_order":0,"comment_status":"closed","ping_status":"closed","template":"","meta":{"_gspb_post_css":"","footnotes":""},"class_list":["post-578","page","type-page","status-publish","has-post-thumbnail","hentry"],"blocksy_meta":[],"featured_image_urls":{"full":["https:\/\/atalu.cn\/wp-content\/uploads\/replace\/34bc967e69e1ed5d4078f4345d281261.jpeg",500,345,false],"thumbnail":["https:\/\/atalu.cn\/wp-content\/uploads\/replace\/34bc967e69e1ed5d4078f4345d281261.jpeg",150,104,false],"medium":["https:\/\/atalu.cn\/wp-content\/uploads\/replace\/34bc967e69e1ed5d4078f4345d281261.jpeg",300,207,false],"medium_large":["https:\/\/atalu.cn\/wp-content\/uploads\/replace\/34bc967e69e1ed5d4078f4345d281261.jpeg",500,345,false],"large":["https:\/\/atalu.cn\/wp-content\/uploads\/replace\/34bc967e69e1ed5d4078f4345d281261.jpeg",500,345,false],"gs-tiny":["https:\/\/atalu.cn\/wp-content\/uploads\/replace\/34bc967e69e1ed5d4078f4345d281261.jpeg",50,35,false],"xl":["https:\/\/atalu.cn\/wp-content\/uploads\/replace\/34bc967e69e1ed5d4078f4345d281261.jpeg",500,345,false],"xxl":["https:\/\/atalu.cn\/wp-content\/uploads\/replace\/34bc967e69e1ed5d4078f4345d281261.jpeg",500,345,false],"xxxl":["https:\/\/atalu.cn\/wp-content\/uploads\/replace\/34bc967e69e1ed5d4078f4345d281261.jpeg",500,345,false],"xxxxl":["https:\/\/atalu.cn\/wp-content\/uploads\/replace\/34bc967e69e1ed5d4078f4345d281261.jpeg",500,345,false],"xxxxxl":["https:\/\/atalu.cn\/wp-content\/uploads\/replace\/34bc967e69e1ed5d4078f4345d281261.jpeg",500,345,false],"1536x1536":["https:\/\/atalu.cn\/wp-content\/uploads\/replace\/34bc967e69e1ed5d4078f4345d281261.jpeg",500,345,false],"2048x2048":["https:\/\/atalu.cn\/wp-content\/uploads\/replace\/34bc967e69e1ed5d4078f4345d281261.jpeg",500,345,false],"trp-custom-language-flag":["https:\/\/atalu.cn\/wp-content\/uploads\/replace\/34bc967e69e1ed5d4078f4345d281261.jpeg",18,12,false],"woocommerce_archive_thumbnail":["https:\/\/atalu.cn\/wp-content\/uploads\/replace\/34bc967e69e1ed5d4078f4345d281261.jpeg",500,345,false],"woocommerce_thumbnail":["https:\/\/atalu.cn\/wp-content\/uploads\/replace\/34bc967e69e1ed5d4078f4345d281261-300x300.jpeg",300,300,true],"woocommerce_single":["https:\/\/atalu.cn\/wp-content\/uploads\/replace\/34bc967e69e1ed5d4078f4345d281261.jpeg",500,345,false],"woocommerce_gallery_thumbnail":["https:\/\/atalu.cn\/wp-content\/uploads\/replace\/34bc967e69e1ed5d4078f4345d281261-100x100.jpeg",100,100,true]},"post_excerpt_stackable":"<p>Production Equipment Production inspection Laboratory Laboratory equipment Production Equipment Introduced 5 automatic roller coating production lines of three-coating and three-baking from Germany The first in China to introduce a roller coating automatic production line capable of producing 4.0mmx2600mmxC More than 1000 kinds of printing rollers 2 automatic spraying production lines 4 high-speed automatic slitting lines 12 precision crosscutting lines 6 embossing lines Professional We have focused on the coating industry for 20 years, and have passed a series of comprehensive system certification. Our advanced 8 fully automatic high-speed production lines adopt the international advanced three coating and two baking process.&hellip;<\/p>\n","category_list":"","author_info":{"name":"aydenzeng","url":"https:\/\/atalu.cn\/de\/author\/aydenzeng"},"comments_num":"0 comments","_links":{"self":[{"href":"https:\/\/atalu.cn\/de\/wp-json\/wp\/v2\/pages\/578","targetHints":{"allow":["GET"]}}],"collection":[{"href":"https:\/\/atalu.cn\/de\/wp-json\/wp\/v2\/pages"}],"about":[{"href":"https:\/\/atalu.cn\/de\/wp-json\/wp\/v2\/types\/page"}],"author":[{"embeddable":true,"href":"https:\/\/atalu.cn\/de\/wp-json\/wp\/v2\/users\/1"}],"replies":[{"embeddable":true,"href":"https:\/\/atalu.cn\/de\/wp-json\/wp\/v2\/comments?post=578"}],"version-history":[{"count":1,"href":"https:\/\/atalu.cn\/de\/wp-json\/wp\/v2\/pages\/578\/revisions"}],"predecessor-version":[{"id":583,"href":"https:\/\/atalu.cn\/de\/wp-json\/wp\/v2\/pages\/578\/revisions\/583"}],"wp:featuredmedia":[{"embeddable":true,"href":"https:\/\/atalu.cn\/de\/wp-json\/wp\/v2\/media\/582"}],"wp:attachment":[{"href":"https:\/\/atalu.cn\/de\/wp-json\/wp\/v2\/media?parent=578"}],"curies":[{"name":"wp","href":"https:\/\/api.w.org\/{rel}","templated":true}]}}