{"id":578,"date":"2024-04-30T13:34:04","date_gmt":"2024-04-30T05:34:04","guid":{"rendered":"http:\/\/localhost:8012\/?page_id=578"},"modified":"2024-04-30T13:34:13","modified_gmt":"2024-04-30T05:34:13","slug":"company-advantages","status":"publish","type":"page","link":"https:\/\/atalu.cn\/es\/company-advantages","title":{"rendered":"Ventajas de la empresa"},"content":{"rendered":"<table border=\"0\" width=\"100%\" cellspacing=\"0\">\n<tbody>\n<tr class=\"firstRow\">\n<td align=\"center\" valign=\"middle\" width=\"374\"><img loading=\"lazy\" decoding=\"async\" title=\"1Equipos de producci\u00f3n(001)\" src=\"https:\/\/atalu.cn\/wp-content\/uploads\/replace\/cc4330fdb7b0f94a91f03d40aa0692e9.jpeg\" alt=\"1Production Equipment(001)\" width=\"500\" height=\"345\" \/><\/td>\n<td align=\"center\" valign=\"middle\" width=\"374\"><img loading=\"lazy\" decoding=\"async\" title=\"2Inspecci\u00f3n de la producci\u00f3n(001)\" src=\"https:\/\/atalu.cn\/wp-content\/uploads\/replace\/4b01b3461def849303aa0771d81a80b3.jpeg\" alt=\"2Production inspection(001)\" width=\"500\" height=\"345\" \/><\/td>\n<\/tr>\n<tr>\n<td align=\"center\" valign=\"middle\" width=\"374\"><strong>Equipos de producci\u00f3n<\/strong><\/td>\n<td align=\"center\" valign=\"middle\" width=\"374\"><strong>Inspecci\u00f3n de la producci\u00f3n<\/strong><\/td>\n<\/tr>\n<tr>\n<td align=\"center\" valign=\"middle\" width=\"374\"><\/td>\n<td align=\"center\" valign=\"middle\" width=\"374\"><\/td>\n<\/tr>\n<tr>\n<td align=\"center\" valign=\"middle\" width=\"374\"><img loading=\"lazy\" decoding=\"async\" title=\"3laboratorio(001)\" src=\"https:\/\/atalu.cn\/wp-content\/uploads\/replace\/35c513acd80dadf50b9df1600b85db13.jpeg\" alt=\"3laboratory(001)\" width=\"500\" height=\"345\" \/><\/td>\n<td align=\"center\" valign=\"middle\" width=\"374\"><img loading=\"lazy\" decoding=\"async\" title=\"4equipos de laboratorio(001)\" src=\"https:\/\/atalu.cn\/wp-content\/uploads\/replace\/34bc967e69e1ed5d4078f4345d281261.jpeg\" alt=\"4laboratory equipment(001)\" width=\"500\" height=\"345\" \/><\/td>\n<\/tr>\n<tr>\n<td align=\"center\" valign=\"middle\" width=\"374\"><strong>Laboratorio<\/strong><\/td>\n<td align=\"center\" valign=\"middle\" width=\"374\"><strong>Material de laboratorio<\/strong><\/td>\n<\/tr>\n<\/tbody>\n<\/table>\n<p><strong>Equipos de producci\u00f3n<\/strong><\/p>\n<p>Se introducen 5 l\u00edneas autom\u00e1ticas de producci\u00f3n de revestimiento de rodillos de tres capas y tres horneados procedentes de Alemania<\/p>\n<p>La primera en China en introducir una l\u00ednea de producci\u00f3n autom\u00e1tica de recubrimiento por rodillos capaz de producir 4,0mmx2600mmxC<\/p>\n<p>M\u00e1s de 1000 tipos de rodillos de impresi\u00f3n<\/p>\n<p>2 l\u00edneas autom\u00e1ticas de producci\u00f3n por pulverizaci\u00f3n<\/p>\n<p>4 l\u00edneas de corte autom\u00e1tico de alta velocidad<\/p>\n<p>12 l\u00edneas de corte de precisi\u00f3n<\/p>\n<p>6 l\u00edneas de gofrado<\/p>\n<p><strong>Profesional<\/strong><\/p>\n<p>Nos hemos centrado en la industria del revestimiento durante 20 a\u00f1os, y hemos superado una serie de certificaciones de sistemas integrales. Nuestras avanzadas 8 l\u00edneas de producci\u00f3n de alta velocidad totalmente autom\u00e1ticas adoptan el avanzado proceso internacional de tres recubrimientos y dos horneados.<\/p>\n<p><strong>Calidad<\/strong><\/p>\n<p>Certificado por la oficina de ciencia y tecnolog\u00eda, se establece el \"centro de investigaci\u00f3n de tecnolog\u00eda de ingenier\u00eda o placa de aluminio recubierta de color\", que controla estrictamente el proceso de producci\u00f3n (8-16 procesos de inspecci\u00f3n), mejora de forma innovadora el proceso de producci\u00f3n, garantiza la estabilidad o la calidad del producto y la investigaci\u00f3n y desarrollo de nuevos productos.<\/p>\n<p><strong>Fuerza<\/strong><\/p>\n<p>La tecnolog\u00eda ATALU defiende el concepto de \"cero defectos\" y \"responsable de los clientes\" y produce en estricta conformidad con las normas de gesti\u00f3n de calidad. Utilizamos productos de grandes fabricantes nacionales de aluminio, como Sinal y Chinalco, y formamos alianzas de cooperaci\u00f3n con los principales proveedores de revestimientos.<\/p>","protected":false},"excerpt":{"rendered":"<p>Production Equipment Production inspection Laboratory Laboratory equipment Production Equipment Introduced 5 automatic roller coating production lines of three-coating and three-baking from Germany The first in China to introduce a roller coating automatic production line capable of producing 4.0mmx2600mmxC More than 1000 kinds of printing rollers 2 automatic spraying production lines 4 high-speed automatic slitting lines [&hellip;]<\/p>","protected":false},"author":1,"featured_media":582,"parent":0,"menu_order":0,"comment_status":"closed","ping_status":"closed","template":"","meta":{"_gspb_post_css":"","footnotes":""},"class_list":["post-578","page","type-page","status-publish","has-post-thumbnail","hentry"],"blocksy_meta":[],"featured_image_urls":{"full":["https:\/\/atalu.cn\/wp-content\/uploads\/replace\/34bc967e69e1ed5d4078f4345d281261.jpeg",500,345,false],"thumbnail":["https:\/\/atalu.cn\/wp-content\/uploads\/replace\/34bc967e69e1ed5d4078f4345d281261.jpeg",150,104,false],"medium":["https:\/\/atalu.cn\/wp-content\/uploads\/replace\/34bc967e69e1ed5d4078f4345d281261.jpeg",300,207,false],"medium_large":["https:\/\/atalu.cn\/wp-content\/uploads\/replace\/34bc967e69e1ed5d4078f4345d281261.jpeg",500,345,false],"large":["https:\/\/atalu.cn\/wp-content\/uploads\/replace\/34bc967e69e1ed5d4078f4345d281261.jpeg",500,345,false],"gs-tiny":["https:\/\/atalu.cn\/wp-content\/uploads\/replace\/34bc967e69e1ed5d4078f4345d281261.jpeg",50,35,false],"xl":["https:\/\/atalu.cn\/wp-content\/uploads\/replace\/34bc967e69e1ed5d4078f4345d281261.jpeg",500,345,false],"xxl":["https:\/\/atalu.cn\/wp-content\/uploads\/replace\/34bc967e69e1ed5d4078f4345d281261.jpeg",500,345,false],"xxxl":["https:\/\/atalu.cn\/wp-content\/uploads\/replace\/34bc967e69e1ed5d4078f4345d281261.jpeg",500,345,false],"xxxxl":["https:\/\/atalu.cn\/wp-content\/uploads\/replace\/34bc967e69e1ed5d4078f4345d281261.jpeg",500,345,false],"xxxxxl":["https:\/\/atalu.cn\/wp-content\/uploads\/replace\/34bc967e69e1ed5d4078f4345d281261.jpeg",500,345,false],"1536x1536":["https:\/\/atalu.cn\/wp-content\/uploads\/replace\/34bc967e69e1ed5d4078f4345d281261.jpeg",500,345,false],"2048x2048":["https:\/\/atalu.cn\/wp-content\/uploads\/replace\/34bc967e69e1ed5d4078f4345d281261.jpeg",500,345,false],"trp-custom-language-flag":["https:\/\/atalu.cn\/wp-content\/uploads\/replace\/34bc967e69e1ed5d4078f4345d281261.jpeg",18,12,false],"woocommerce_archive_thumbnail":["https:\/\/atalu.cn\/wp-content\/uploads\/replace\/34bc967e69e1ed5d4078f4345d281261.jpeg",500,345,false],"woocommerce_thumbnail":["https:\/\/atalu.cn\/wp-content\/uploads\/replace\/34bc967e69e1ed5d4078f4345d281261-300x300.jpeg",300,300,true],"woocommerce_single":["https:\/\/atalu.cn\/wp-content\/uploads\/replace\/34bc967e69e1ed5d4078f4345d281261.jpeg",500,345,false],"woocommerce_gallery_thumbnail":["https:\/\/atalu.cn\/wp-content\/uploads\/replace\/34bc967e69e1ed5d4078f4345d281261-100x100.jpeg",100,100,true]},"post_excerpt_stackable":"<p>Production Equipment Production inspection Laboratory Laboratory equipment Production Equipment Introduced 5 automatic roller coating production lines of three-coating and three-baking from Germany The first in China to introduce a roller coating automatic production line capable of producing 4.0mmx2600mmxC More than 1000 kinds of printing rollers 2 automatic spraying production lines 4 high-speed automatic slitting lines 12 precision crosscutting lines 6 embossing lines Professional We have focused on the coating industry for 20 years, and have passed a series of comprehensive system certification. Our advanced 8 fully automatic high-speed production lines adopt the international advanced three coating and two baking process.&hellip;<\/p>\n","category_list":"","author_info":{"name":"aydenzeng","url":"https:\/\/atalu.cn\/es\/author\/aydenzeng"},"comments_num":"0 comentarios","_links":{"self":[{"href":"https:\/\/atalu.cn\/es\/wp-json\/wp\/v2\/pages\/578","targetHints":{"allow":["GET"]}}],"collection":[{"href":"https:\/\/atalu.cn\/es\/wp-json\/wp\/v2\/pages"}],"about":[{"href":"https:\/\/atalu.cn\/es\/wp-json\/wp\/v2\/types\/page"}],"author":[{"embeddable":true,"href":"https:\/\/atalu.cn\/es\/wp-json\/wp\/v2\/users\/1"}],"replies":[{"embeddable":true,"href":"https:\/\/atalu.cn\/es\/wp-json\/wp\/v2\/comments?post=578"}],"version-history":[{"count":1,"href":"https:\/\/atalu.cn\/es\/wp-json\/wp\/v2\/pages\/578\/revisions"}],"predecessor-version":[{"id":583,"href":"https:\/\/atalu.cn\/es\/wp-json\/wp\/v2\/pages\/578\/revisions\/583"}],"wp:featuredmedia":[{"embeddable":true,"href":"https:\/\/atalu.cn\/es\/wp-json\/wp\/v2\/media\/582"}],"wp:attachment":[{"href":"https:\/\/atalu.cn\/es\/wp-json\/wp\/v2\/media?parent=578"}],"curies":[{"name":"wp","href":"https:\/\/api.w.org\/{rel}","templated":true}]}}