{"id":3046,"date":"2024-05-05T20:30:56","date_gmt":"2024-05-05T12:30:56","guid":{"rendered":"http:\/\/localhost:8012\/product\/3-0mm-color-coated-aluminum-sheet-for-curtain"},"modified":"2024-05-05T20:30:56","modified_gmt":"2024-05-05T12:30:56","slug":"3-0mm-color-coated-aluminum-sheet-for-curtain","status":"publish","type":"product","link":"https:\/\/atalu.cn\/es\/3-0mm-color-coated-aluminum-sheet-for-curtain","title":{"rendered":"L\u00e1mina de aluminio recubierta de color de 3.0mm para muro cortina"},"content":{"rendered":"<p><input id=\"productID\" name=\"productID\" type=\"hidden\" value=\"205373751\"><\/p>\n<p><strong>L\u00e1mina de aluminio recubierta de color de 3.0mm para muro cortina<\/strong><\/p>\n<p><strong>Introducci\u00f3n:<\/strong><\/p>\n<p>La L\u00e1mina de Aluminio Recubierta de Color de 3.0mm para Muro Cortina es una l\u00e1mina de alta calidad con un espesor de 3.0mm que est\u00e1 dise\u00f1ada para su uso en proyectos de construcci\u00f3n a gran escala. Se fabrica a partir de una aleaci\u00f3n de aluminio de alta resistencia y se recubre con una pintura especialmente formulada que proporciona una excelente resistencia a la intemperie y durabilidad. La chapa est\u00e1 disponible en una amplia gama de colores y acabados, lo que facilita su adaptaci\u00f3n a los requisitos est\u00e9ticos de cualquier proyecto.<\/p>\n<p><strong>Caracter\u00edsticas:<\/strong><\/p>\n<p>La l\u00e1mina de aluminio recubierta de color de 3,0 mm para muro cortina est\u00e1 fabricada con una aleaci\u00f3n de aluminio de alta resistencia que proporciona una excelente estabilidad y fuerza estructural. La l\u00e1mina est\u00e1 recubierta con una pintura especialmente formulada que proporciona una excelente resistencia a la intemperie, durabilidad y retenci\u00f3n del color. La pintura est\u00e1 disponible en una gama de colores y acabados para adaptarse a los requisitos est\u00e9ticos de cualquier proyecto. La superficie de la plancha es lisa y uniforme, lo que proporciona un acabado elegante y profesional f\u00e1cil de limpiar y mantener.<\/p>\n<p><strong>Aplicaciones:<\/strong><\/p>\n<p>La l\u00e1mina de aluminio revestida de color de 3,0 mm para muro cortina est\u00e1 dise\u00f1ada para su uso en proyectos de construcci\u00f3n a gran escala, como edificios de gran altura, aeropuertos, estaciones de tren y otros edificios comerciales. Es ideal para su uso como material de revestimiento en paredes exteriores, as\u00ed como para su uso en sistemas de techos y paredes interiores.<\/p>\n<p><strong>Ventajas:<\/strong><\/p>\n<p>La chapa de aluminio con revestimiento de color de 3,0 mm para muro cortina ofrece varias ventajas con respecto a los materiales de construcci\u00f3n tradicionales. Es ligera, lo que facilita su manipulaci\u00f3n e instalaci\u00f3n y reduce el peso total del edificio. La hoja es resistente a la intemperie y duradera, proporcionando una protecci\u00f3n duradera contra los elementos. Tambi\u00e9n es f\u00e1cil de limpiar y mantener, lo que reduce los costes generales de mantenimiento del edificio.<\/p>\n<p><strong>Conclusi\u00f3n<\/strong>:<\/p>\n<p>Si est\u00e1 buscando un material de revestimiento de alta calidad para sus proyectos de construcci\u00f3n a gran escala, la l\u00e1mina de aluminio con revestimiento de color de 3,0 mm para muro cortina es una excelente elecci\u00f3n. Proporciona una excelente resistencia a la intemperie, durabilidad y retenci\u00f3n del color, por lo que es una soluci\u00f3n rentable y duradera para cualquier proyecto.<\/p>\n<p class=\"productsTags\"> Hot Tags: 3,0 mm de color recubierto de chapa de aluminio para muro cortina, China 3,0 mm de color recubierto de chapa de aluminio para muro cortina fabricantes, proveedores, f\u00e1brica,  <a href=\"\/es\/showroom\/6061-sheet\/\" target=\"_blank\" title=\"Chapa 6061\" rel=\"noopener\">Chapa 6061<\/a>, <a href=\"\/es\/showroom\/extruded-aluminum-sheets\/\" target=\"_blank\" title=\"chapas de aluminio extruido\" rel=\"noopener\">chapas de aluminio extruido<\/a>, <a href=\"\/es\/showroom\/brushed-aluminium-composite-sheet\/\" target=\"_blank\" title=\"chapa compuesta de aluminio cepillado\" rel=\"noopener\">chapa compuesta de aluminio cepillado<\/a>, <a href=\"\/es\/showroom\/acp-sheet-aluminium\/\" target=\"_blank\" title=\"chapa acp aluminio\" rel=\"noopener\">chapa acp aluminio<\/a>, <a href=\"\/es\/showroom\/bendable-aluminium-sheet\/\" target=\"_blank\" title=\"chapa de aluminio plegable\" rel=\"noopener\">chapa de aluminio plegable<\/a>, <a href=\"\/es\/showroom\/printed-embossed-aluminum-sheet\/\" target=\"_blank\" title=\"Chapa de aluminio gofrada impresa\" rel=\"noopener\">Chapa de aluminio gofrada impresa<\/a> <\/p>\n<p><\/input><\/p>","protected":false},"excerpt":{"rendered":"<p class=\"pdshow-r-text\">L\u00e1mina de aluminio recubierta de color de 3.0mm para muro cortina Introducci\u00f3n: La l\u00e1mina de aluminio recubierta de color de 3.0mm para muro cortina es una l\u00e1mina de alta calidad con un espesor de 3.0mm que est\u00e1 dise\u00f1ada para su uso en proyectos de construcci\u00f3n a gran escala. Se fabrica a partir de aleaci\u00f3n de aluminio de alta ...<\/p>","protected":false},"featured_media":2657,"comment_status":"closed","ping_status":"open","template":"","meta":{"_gspb_post_css":""},"product_cat":[23,31],"product_tag":[],"product_brands":[],"class_list":{"0":"post-3046","1":"product","2":"type-product","3":"status-publish","4":"has-post-thumbnail","6":"product_cat-aluminum-sheet","7":"product_cat-prepainted-aluminum-sheet","9":"first","10":"instock","11":"product-type-simple"},"featured_image_urls":{"full":["https:\/\/atalu.cn\/wp-content\/uploads\/2024\/05\/3-0mm-color-coated-aluminum-sheet-for-curtain.webp",730,730,false],"thumbnail":["https:\/\/atalu.cn\/wp-content\/uploads\/2024\/05\/3-0mm-color-coated-aluminum-sheet-for-curtain-150x150.webp",150,150,true],"medium":["https:\/\/atalu.cn\/wp-content\/uploads\/2024\/05\/3-0mm-color-coated-aluminum-sheet-for-curtain-300x300.webp",300,300,true],"medium_large":["https:\/\/atalu.cn\/wp-content\/uploads\/2024\/05\/3-0mm-color-coated-aluminum-sheet-for-curtain.webp",730,730,false],"large":["https:\/\/atalu.cn\/wp-content\/uploads\/2024\/05\/3-0mm-color-coated-aluminum-sheet-for-curtain.webp",730,730,false],"gs-tiny":["https:\/\/atalu.cn\/wp-content\/uploads\/2024\/05\/3-0mm-color-coated-aluminum-sheet-for-curtain.webp",50,50,false],"xl":["https:\/\/atalu.cn\/wp-content\/uploads\/2024\/05\/3-0mm-color-coated-aluminum-sheet-for-curtain.webp",730,730,false],"xxl":["https:\/\/atalu.cn\/wp-content\/uploads\/2024\/05\/3-0mm-color-coated-aluminum-sheet-for-curtain.webp",730,730,false],"xxxl":["https:\/\/atalu.cn\/wp-content\/uploads\/2024\/05\/3-0mm-color-coated-aluminum-sheet-for-curtain.webp",730,730,false],"xxxxl":["https:\/\/atalu.cn\/wp-content\/uploads\/2024\/05\/3-0mm-color-coated-aluminum-sheet-for-curtain.webp",730,730,false],"xxxxxl":["https:\/\/atalu.cn\/wp-content\/uploads\/2024\/05\/3-0mm-color-coated-aluminum-sheet-for-curtain.webp",730,730,false],"1536x1536":["https:\/\/atalu.cn\/wp-content\/uploads\/2024\/05\/3-0mm-color-coated-aluminum-sheet-for-curtain.webp",730,730,false],"2048x2048":["https:\/\/atalu.cn\/wp-content\/uploads\/2024\/05\/3-0mm-color-coated-aluminum-sheet-for-curtain.webp",730,730,false],"trp-custom-language-flag":["https:\/\/atalu.cn\/wp-content\/uploads\/2024\/05\/3-0mm-color-coated-aluminum-sheet-for-curtain.webp",12,12,false],"woocommerce_archive_thumbnail":["https:\/\/atalu.cn\/wp-content\/uploads\/2024\/05\/3-0mm-color-coated-aluminum-sheet-for-curtain-500x500.webp",500,500,true],"woocommerce_thumbnail":["https:\/\/atalu.cn\/wp-content\/uploads\/2024\/05\/3-0mm-color-coated-aluminum-sheet-for-curtain-300x300.webp",300,300,true],"woocommerce_single":["https:\/\/atalu.cn\/wp-content\/uploads\/2024\/05\/3-0mm-color-coated-aluminum-sheet-for-curtain-600x600.webp",600,600,true],"woocommerce_gallery_thumbnail":["https:\/\/atalu.cn\/wp-content\/uploads\/2024\/05\/3-0mm-color-coated-aluminum-sheet-for-curtain-100x100.webp",100,100,true]},"post_excerpt_stackable":"<p class=\"pdshow-r-text\">3.0mm Color Coated Aluminum Sheet for Curtain Wall Introduction: The 3.0mm Color Coated Aluminum Sheet for Curtain Wall is a high-quality sheet with a thickness of 3.0mm that is designed for use in large-scale construction projects. It is manufactured from high-strength aluminum alloy and is&#8230;<\/p>\n","category_list":"","author_info":{"name":"","url":""},"comments_num":"0 comentarios","_links":{"self":[{"href":"https:\/\/atalu.cn\/es\/wp-json\/wp\/v2\/product\/3046","targetHints":{"allow":["GET"]}}],"collection":[{"href":"https:\/\/atalu.cn\/es\/wp-json\/wp\/v2\/product"}],"about":[{"href":"https:\/\/atalu.cn\/es\/wp-json\/wp\/v2\/types\/product"}],"replies":[{"embeddable":true,"href":"https:\/\/atalu.cn\/es\/wp-json\/wp\/v2\/comments?post=3046"}],"wp:featuredmedia":[{"embeddable":true,"href":"https:\/\/atalu.cn\/es\/wp-json\/wp\/v2\/media\/2657"}],"wp:attachment":[{"href":"https:\/\/atalu.cn\/es\/wp-json\/wp\/v2\/media?parent=3046"}],"wp:term":[{"taxonomy":"product_cat","embeddable":true,"href":"https:\/\/atalu.cn\/es\/wp-json\/wp\/v2\/product_cat?post=3046"},{"taxonomy":"product_tag","embeddable":true,"href":"https:\/\/atalu.cn\/es\/wp-json\/wp\/v2\/product_tag?post=3046"},{"taxonomy":"product_brands","embeddable":true,"href":"https:\/\/atalu.cn\/es\/wp-json\/wp\/v2\/product_brands?post=3046"}],"curies":[{"name":"wp","href":"https:\/\/api.w.org\/{rel}","templated":true}]}}