{"id":3169,"date":"2024-05-05T20:31:13","date_gmt":"2024-05-05T12:31:13","guid":{"rendered":"http:\/\/localhost:8012\/product\/color-coated-aluminum-truck-body-sheet"},"modified":"2024-05-05T20:31:13","modified_gmt":"2024-05-05T12:31:13","slug":"color-coated-aluminum-truck-body-sheet","status":"publish","type":"product","link":"https:\/\/atalu.cn\/es\/color-coated-aluminum-truck-body-sheet","title":{"rendered":"Chapa de carrocer\u00eda de aluminio revestida de color para camiones"},"content":{"rendered":"<p><input id=\"productID\" name=\"productID\" type=\"hidden\" value=\"209493638\"><\/p>\n<p>La chapa de aluminio con revestimiento de color para carrocer\u00edas de camiones es un material ligero y duradero utilizado para la fabricaci\u00f3n de camiones y remolques. Este producto est\u00e1 hecho de aluminio de alta calidad, que est\u00e1 recubierto con una capa de pintura para proporcionar protecci\u00f3n contra el \u00f3xido y la corrosi\u00f3n. El recubrimiento de color no s\u00f3lo mejora la apariencia de la carrocer\u00eda del cami\u00f3n, sino que tambi\u00e9n proporciona resistencia a la intemperie y aislamiento adicionales.<\/p>\n<p>La chapa de aluminio revestida de color para carrocer\u00edas de camiones ofrece varias ventajas sobre los materiales tradicionales de acero o madera. En primer lugar, es significativamente m\u00e1s ligero que el acero, lo que proporciona eficiencia de combustible y reduce el peso total del veh\u00edculo. En segundo lugar, el aluminio es inherentemente resistente a la corrosi\u00f3n, lo que reduce los costes de mantenimiento y prolonga la vida \u00fatil de la carrocer\u00eda del cami\u00f3n. Adem\u00e1s, sus excelentes propiedades de aislamiento t\u00e9rmico y ac\u00fastico lo convierten en el material preferido para camiones y remolques frigor\u00edficos.<\/p>\n<p>La chapa de aluminio revestida de color para carrocer\u00edas de camiones est\u00e1 disponible en una gran variedad de colores, acabados y anchuras, lo que la hace altamente personalizable para satisfacer las necesidades \u00fanicas de cada cliente. Es f\u00e1cil de trabajar y puede cortarse, doblarse y moldearse para adaptarse a los requisitos de dise\u00f1o espec\u00edficos del cami\u00f3n o remolque. El producto tambi\u00e9n es respetuoso con el medio ambiente, ya que es reciclable, lo que lo convierte en una opci\u00f3n sostenible tanto para fabricantes como para consumidores.<\/p>\n<p>En conclusi\u00f3n, la chapa de aluminio con revestimiento de color para carrocer\u00edas de camiones es un material fiable, rentable y vers\u00e1til que ofrece numerosas ventajas a los fabricantes de camiones y remolques. Su ligereza, durabilidad, resistencia a la corrosi\u00f3n y propiedades aislantes lo convierten en la opci\u00f3n preferida para una gran variedad de aplicaciones. Adem\u00e1s, sus opciones personalizables de color y acabado proporcionan versatilidad en el dise\u00f1o y mejoran el aspecto de la carrocer\u00eda del cami\u00f3n.<\/p>\n<p class=\"productsTags\"> Hot Tags: color recubierto de aluminio cami\u00f3n cuerpo hoja, China color recubierto de aluminio cami\u00f3n cuerpo hoja fabricantes, proveedores, f\u00e1brica,  <a href=\"\/es\/showroom\/3-0mm-color-coated-aluminum-wood-grain-sheet\/\" target=\"_blank\" title=\"3 0mm Hoja de aluminio recubierto de color de grano de madera\" rel=\"noopener\">3 0mm Hoja de aluminio recubierto de color de grano de madera<\/a>, <a href=\"\/es\/showroom\/14-gauge-aluminum-sheet-metal\/\" target=\"_blank\" title=\"Chapa de aluminio de calibre 14\" rel=\"noopener\">Chapa de aluminio de calibre 14<\/a>, <a href=\"\/es\/showroom\/aligloss-composite-panel\/\" target=\"_blank\" title=\"panel compuesto aligloss\" rel=\"noopener\">panel compuesto aligloss<\/a>, <a href=\"\/es\/showroom\/laser-aluminum-plate\/\" target=\"_blank\" title=\"placa de aluminio l\u00e1ser\" rel=\"noopener\">placa de aluminio l\u00e1ser<\/a>, <a href=\"\/es\/showroom\/patterned-aluminum-panels\/\" target=\"_blank\" title=\"paneles de aluminio estampado\" rel=\"noopener\">paneles de aluminio estampado<\/a>, <a href=\"\/es\/showroom\/aluminium-sheet-metal-fabrication\/\" target=\"_blank\" title=\"fabricaci\u00f3n de chapa de aluminio\" rel=\"noopener\">fabricaci\u00f3n de chapa de aluminio<\/a> <\/p>\n<p><\/input><\/p>","protected":false},"excerpt":{"rendered":"<p class=\"pdshow-r-text\">La chapa de aluminio con revestimiento de color para carrocer\u00edas de camiones es un material ligero y duradero utilizado para la fabricaci\u00f3n de camiones y remolques. Este producto est\u00e1 hecho de aluminio de alta calidad, que est\u00e1 recubierto con una capa de pintura para proporcionar protecci\u00f3n contra el \u00f3xido y la corrosi\u00f3n. El recubrimiento de color no s\u00f3lo mejora...<\/p>","protected":false},"featured_media":2696,"comment_status":"closed","ping_status":"open","template":"","meta":{"_gspb_post_css":""},"product_cat":[23,31],"product_tag":[],"product_brands":[],"class_list":{"0":"post-3169","1":"product","2":"type-product","3":"status-publish","4":"has-post-thumbnail","6":"product_cat-aluminum-sheet","7":"product_cat-prepainted-aluminum-sheet","9":"first","10":"instock","11":"product-type-simple"},"featured_image_urls":{"full":["https:\/\/atalu.cn\/wp-content\/uploads\/2024\/05\/color-coated-aluminum-truck-body-sheet.webp",730,730,false],"thumbnail":["https:\/\/atalu.cn\/wp-content\/uploads\/2024\/05\/color-coated-aluminum-truck-body-sheet-150x150.webp",150,150,true],"medium":["https:\/\/atalu.cn\/wp-content\/uploads\/2024\/05\/color-coated-aluminum-truck-body-sheet-300x300.webp",300,300,true],"medium_large":["https:\/\/atalu.cn\/wp-content\/uploads\/2024\/05\/color-coated-aluminum-truck-body-sheet.webp",730,730,false],"large":["https:\/\/atalu.cn\/wp-content\/uploads\/2024\/05\/color-coated-aluminum-truck-body-sheet.webp",730,730,false],"gs-tiny":["https:\/\/atalu.cn\/wp-content\/uploads\/2024\/05\/color-coated-aluminum-truck-body-sheet.webp",50,50,false],"xl":["https:\/\/atalu.cn\/wp-content\/uploads\/2024\/05\/color-coated-aluminum-truck-body-sheet.webp",730,730,false],"xxl":["https:\/\/atalu.cn\/wp-content\/uploads\/2024\/05\/color-coated-aluminum-truck-body-sheet.webp",730,730,false],"xxxl":["https:\/\/atalu.cn\/wp-content\/uploads\/2024\/05\/color-coated-aluminum-truck-body-sheet.webp",730,730,false],"xxxxl":["https:\/\/atalu.cn\/wp-content\/uploads\/2024\/05\/color-coated-aluminum-truck-body-sheet.webp",730,730,false],"xxxxxl":["https:\/\/atalu.cn\/wp-content\/uploads\/2024\/05\/color-coated-aluminum-truck-body-sheet.webp",730,730,false],"1536x1536":["https:\/\/atalu.cn\/wp-content\/uploads\/2024\/05\/color-coated-aluminum-truck-body-sheet.webp",730,730,false],"2048x2048":["https:\/\/atalu.cn\/wp-content\/uploads\/2024\/05\/color-coated-aluminum-truck-body-sheet.webp",730,730,false],"trp-custom-language-flag":["https:\/\/atalu.cn\/wp-content\/uploads\/2024\/05\/color-coated-aluminum-truck-body-sheet.webp",12,12,false],"woocommerce_archive_thumbnail":["https:\/\/atalu.cn\/wp-content\/uploads\/2024\/05\/color-coated-aluminum-truck-body-sheet-500x500.webp",500,500,true],"woocommerce_thumbnail":["https:\/\/atalu.cn\/wp-content\/uploads\/2024\/05\/color-coated-aluminum-truck-body-sheet-300x300.webp",300,300,true],"woocommerce_single":["https:\/\/atalu.cn\/wp-content\/uploads\/2024\/05\/color-coated-aluminum-truck-body-sheet-600x600.webp",600,600,true],"woocommerce_gallery_thumbnail":["https:\/\/atalu.cn\/wp-content\/uploads\/2024\/05\/color-coated-aluminum-truck-body-sheet-100x100.webp",100,100,true]},"post_excerpt_stackable":"<p class=\"pdshow-r-text\">Color coated aluminum truck body sheet is a lightweight and durable material used for manufacturing trucks and trailers. This product is made from high-quality aluminum, which is coated with a layer of paint to provide protection against rust and corrosion. The color coating not only enhances&#8230;<\/p>\n","category_list":"","author_info":{"name":"","url":""},"comments_num":"0 comentarios","_links":{"self":[{"href":"https:\/\/atalu.cn\/es\/wp-json\/wp\/v2\/product\/3169","targetHints":{"allow":["GET"]}}],"collection":[{"href":"https:\/\/atalu.cn\/es\/wp-json\/wp\/v2\/product"}],"about":[{"href":"https:\/\/atalu.cn\/es\/wp-json\/wp\/v2\/types\/product"}],"replies":[{"embeddable":true,"href":"https:\/\/atalu.cn\/es\/wp-json\/wp\/v2\/comments?post=3169"}],"wp:featuredmedia":[{"embeddable":true,"href":"https:\/\/atalu.cn\/es\/wp-json\/wp\/v2\/media\/2696"}],"wp:attachment":[{"href":"https:\/\/atalu.cn\/es\/wp-json\/wp\/v2\/media?parent=3169"}],"wp:term":[{"taxonomy":"product_cat","embeddable":true,"href":"https:\/\/atalu.cn\/es\/wp-json\/wp\/v2\/product_cat?post=3169"},{"taxonomy":"product_tag","embeddable":true,"href":"https:\/\/atalu.cn\/es\/wp-json\/wp\/v2\/product_tag?post=3169"},{"taxonomy":"product_brands","embeddable":true,"href":"https:\/\/atalu.cn\/es\/wp-json\/wp\/v2\/product_brands?post=3169"}],"curies":[{"name":"wp","href":"https:\/\/api.w.org\/{rel}","templated":true}]}}