{"id":3210,"date":"2024-05-05T20:31:19","date_gmt":"2024-05-05T12:31:19","guid":{"rendered":"http:\/\/localhost:8012\/product\/matt-color-coated-aluminum-sheet"},"modified":"2024-05-05T20:31:19","modified_gmt":"2024-05-05T12:31:19","slug":"matt-color-coated-aluminum-sheet","status":"publish","type":"product","link":"https:\/\/atalu.cn\/es\/matt-color-coated-aluminum-sheet","title":{"rendered":"Chapa de aluminio revestida de color mate"},"content":{"rendered":"<p><input id=\"productID\" name=\"productID\" type=\"hidden\" value=\"204836091\"><\/p>\n<p>para varios comerciantes.<\/p>\n<p>\u00a0<\/p>\n<p>Presentamos nuestra l\u00e1mina de aluminio con revestimiento de color mate: un producto duradero y vers\u00e1til para las necesidades de su empresa.<\/p>\n<p>\u00a0<\/p>\n<p>\u00bfBusca un material fiable y duradero para sus necesidades comerciales? Si es as\u00ed, entonces nuestra hoja de aluminio recubierto de color mate es la soluci\u00f3n perfecta para usted. Somos un fabricante de renombre situado en China, que produce productos de hoja de aluminio de alta calidad para todo tipo de negocios.<\/p>\n<p>\u00a0<\/p>\n<p>Nuestra chapa de aluminio con revestimiento de color mate es un producto vers\u00e1til que puede utilizar para diversas aplicaciones industriales y comerciales. Es una soluci\u00f3n ideal para fines arquitect\u00f3nicos y decorativos, as\u00ed como para crear productos acabados de alta calidad para necesidades de edificaci\u00f3n y construcci\u00f3n.<\/p>\n<p>\u00a0<\/p>\n<p>En nuestras instalaciones de fabricaci\u00f3n, utilizamos tecnolog\u00eda de producci\u00f3n avanzada para garantizar que producimos l\u00e1minas de aluminio de calidad superior. Nuestras l\u00e1minas de aluminio con revestimiento de color mate son tratadas con un recubrimiento especial que les proporciona un atractivo est\u00e9tico y una durabilidad que puede soportar las duras condiciones clim\u00e1ticas, la corrosi\u00f3n y la abrasi\u00f3n.<\/p>\n<p>\u00a0<\/p>\n<p>Beneficios clave de nuestras l\u00e1minas de aluminio recubiertas de color mate<\/p>\n<p>\u00a0<\/p>\n<p>1. 1. Durabilidad: Nuestras l\u00e1minas de aluminio con revestimiento de color mate est\u00e1n dise\u00f1adas para soportar condiciones ambientales adversas, como temperaturas y humedad extremas. No se corroe f\u00e1cilmente ni pierde su brillo, por lo que es una opci\u00f3n perfecta para paneles decorativos de exterior, estructuras arquitect\u00f3nicas y exteriores de edificios.<\/p>\n<p>\u00a0<\/p>\n<p>2. Versatilidad: Nuestra L\u00e1mina de Aluminio Recubierta de Color Mate viene en una amplia gama de colores y acabados que usted puede elegir dependiendo de las necesidades de su negocio. Tanto si busca un acabado mate como una superficie brillante y reflectante, podemos personalizar su pedido para satisfacer sus necesidades.<\/p>\n<p>\u00a0<\/p>\n<p>3. F\u00e1cil de trabajar: Nuestra l\u00e1mina de aluminio recubierto de color mate es f\u00e1cil de instalar, fabricar y cortar. Es ligera, lo que facilita su transporte y manipulaci\u00f3n, y puede adaptarse a cualquier forma o tama\u00f1o. Puede utilizarla para revestimientos de paredes, cubiertas, paneles de techos, fachadas y cualquier otra aplicaci\u00f3n que requiera materiales vers\u00e1tiles.<\/p>\n<p>\u00a0<\/p>\n<p>4. Bajo mantenimiento: Nuestra l\u00e1mina de aluminio con revestimiento de color mate requiere un mantenimiento m\u00ednimo. Es f\u00e1cil de limpiar con agua y jab\u00f3n y no requiere ninguna soluci\u00f3n de limpieza especial.<\/p>\n<p>\u00a0<\/p>\n<p>5. Ecol\u00f3gico: Nuestra l\u00e1mina de aluminio recubierto de color mate es un material ecol\u00f3gico que est\u00e1 hecho de aluminio reciclable 100%. No libera ninguna sustancia peligrosa, por lo que es seguro para el uso humano y el medio ambiente.<\/p>\n<p>\u00a0<\/p>\n<p>\u00bfPor qu\u00e9 elegir nuestras l\u00e1minas de aluminio recubiertas de color mate?<\/p>\n<p>\u00a0<\/p>\n<p>1. Producto de alta calidad: Producimos nuestra hoja de aluminio recubierto de color mate con est\u00e1ndares de calidad excepcionales que son incomparables en el mercado. Nuestros productos se someten a rigurosas pruebas de calidad para asegurar que cumplen con los est\u00e1ndares deseados.<\/p>\n<p>\u00a0<\/p>\n<p>2. Precios competitivos: Ofrecemos nuestros productos a precios razonables para ayudar a las empresas a ahorrar en costes sin comprometer la calidad.<\/p>\n<p>\u00a0<\/p>\n<p>3. Atenci\u00f3n al cliente: Contamos con un equipo de personal profesional de atenci\u00f3n al cliente que siempre est\u00e1 disponible para ayudarle con todas sus consultas e inquietudes. Nos esforzamos por ofrecer un excelente servicio de atenci\u00f3n al cliente para garantizar que nuestros clientes queden satisfechos con cada compra.<\/p>\n<p>\u00a0<\/p>\n<p>4. Servicios de entrega r\u00e1pida: Contamos con una red de cadena de suministro bien establecida que nos permite entregar los pedidos a nuestros clientes con prontitud. Nos aseguramos de que sus pedidos se entreguen a tiempo y en buenas condiciones.<\/p>\n<p>\u00a0<\/p>\n<p>Conclusi\u00f3n<\/p>\n<p>\u00a0<\/p>\n<p>Nuestra l\u00e1mina de aluminio con revestimiento de color mate es un material excelente para diversas necesidades comerciales. Gracias a su durabilidad, versatilidad y bajo mantenimiento, es la soluci\u00f3n perfecta para todas sus necesidades de construcci\u00f3n. Cont\u00e1ctenos hoy mismo para ordenar sus l\u00e1minas de aluminio recubierto de color mate y experimente los beneficios de este producto de alta calidad.<\/p>\n<p>\u00a0<\/p>\n<p>\u00a0<\/p>\n<div class=\"wmkc-template-7\">\n<h5>Descripci\u00f3n de los productos<\/h5>\n<\/div>\n<p>\u00a0<\/p>\n<p>La chapa de aluminio revestida de color mate es un tipo de chapa de aluminio que tiene un acabado mate y est\u00e1 revestida de un color especial. El acabado mate se consigue mediante el uso de un revestimiento especial que difumina la luz y evita que se refleje en la superficie, lo que la hace ideal para su uso en aplicaciones en las que no se desea una alta reflectividad.<br \/>\n\u00a0<\/p>\n<div class=\"wmkc-template-7\">\n<h5>Informaci\u00f3n sobre productos<\/h5>\n<\/div>\n<p>\u00a0<\/p>\n<p>La chapa de aluminio utilizada para la chapa de aluminio con revestimiento de color mate est\u00e1 fabricada con una aleaci\u00f3n de aluminio de alta calidad, que le confiere una excelente resistencia y durabilidad. Es ligera, resistente a la corrosi\u00f3n y puede soportar condiciones clim\u00e1ticas adversas, por lo que es adecuada para su uso en diversas aplicaciones.<\/p>\n<p>El revestimiento de color especial utilizado en la chapa de aluminio con revestimiento de color mate se aplica mediante un proceso de revestimiento con rodillo. Esto garantiza que el revestimiento sea uniforme y se adhiera firmemente a la superficie de la chapa de aluminio. A continuaci\u00f3n, el revestimiento se cura a alta temperatura para garantizar que quede totalmente adherido a la superficie de aluminio.<\/p>\n<p>\u00a0<\/p>\n<div class=\"wmkc-template-7\">\n<h5>Ventajas de los productos<\/h5>\n<\/div>\n<p>\u00a0<\/p>\n<p>La chapa de aluminio con revestimiento de color mate est\u00e1 disponible en una amplia gama de colores, como negro, blanco, gris y otras tonalidades. Esto hace que sea una opci\u00f3n popular para su uso en aplicaciones arquitect\u00f3nicas y decorativas, donde la coordinaci\u00f3n de colores es importante.<\/p>\n<p>Adem\u00e1s de su atractivo est\u00e9tico, la chapa de aluminio con revestimiento de color mate tambi\u00e9n ofrece una excelente durabilidad y resistencia a la intemperie. Es resistente a la decoloraci\u00f3n, el agrietamiento y la descamaci\u00f3n, incluso en condiciones clim\u00e1ticas adversas, lo que la convierte en una opci\u00f3n fiable para aplicaciones exteriores.<\/p>\n<p>En general, la chapa de aluminio con revestimiento de color mate es un material vers\u00e1til que ofrece una combinaci\u00f3n \u00fanica de durabilidad, est\u00e9tica y resistencia a la intemperie. Tanto si se utiliza en arquitectura, automoci\u00f3n u otras aplicaciones, ofrece una soluci\u00f3n rentable y fiable para una amplia gama de necesidades.<\/p>\n<p class=\"productsTags\"> Hot Tags: hoja de aluminio recubierta de color mate, China hoja de aluminio recubierta de color mate fabricantes, proveedores, f\u00e1brica,  <a href=\"\/es\/showroom\/uv-reflective-aluminum-sheet\/\" target=\"_blank\" title=\"chapa de aluminio reflectante uv\" rel=\"noopener\">chapa de aluminio reflectante uv<\/a>, <a href=\"\/es\/showroom\/20mm-aluminium-sheet\/\" target=\"_blank\" title=\"Chapa de aluminio de 20 mm\" rel=\"noopener\">Chapa de aluminio de 20 mm<\/a>, <a href=\"\/es\/showroom\/aluminum-honeycomb-sheet\/\" target=\"_blank\" title=\"chapa de aluminio alveolar\" rel=\"noopener\">chapa de aluminio alveolar<\/a>, <a href=\"\/es\/showroom\/4mm-aluminium-sheet\/\" target=\"_blank\" title=\"Chapa de aluminio de 4 mm\" rel=\"noopener\">Chapa de aluminio de 4 mm<\/a>, <a href=\"\/es\/showroom\/12mm-aluminium-plate\/\" target=\"_blank\" title=\"Placa de aluminio de 12 mm\" rel=\"noopener\">Placa de aluminio de 12 mm<\/a>, <a href=\"\/es\/showroom\/mill-finish-aluminum-sheet\/\" target=\"_blank\" title=\"chapa de aluminio acabado fresado\" rel=\"noopener\">chapa de aluminio acabado fresado<\/a> <\/p>\n<p><\/input><\/p>","protected":false},"excerpt":{"rendered":"<p class=\"pdshow-r-text\">Descripci\u00f3n del producto Las l\u00e1minas de aluminio con revestimiento de color mate son un tipo de l\u00e1mina de aluminio que tiene un acabado mate y est\u00e1 recubierta de un color especial. El acabado mate se consigue mediante el uso de un revestimiento especial que difumina la luz y evita que se refleje en la superficie, lo que la hace ideal...<\/p>","protected":false},"featured_media":2107,"comment_status":"closed","ping_status":"open","template":"","meta":{"_gspb_post_css":""},"product_cat":[23,31],"product_tag":[],"product_brands":[],"class_list":{"0":"post-3210","1":"product","2":"type-product","3":"status-publish","4":"has-post-thumbnail","6":"product_cat-aluminum-sheet","7":"product_cat-prepainted-aluminum-sheet","9":"first","10":"instock","11":"product-type-simple"},"featured_image_urls":{"full":["https:\/\/atalu.cn\/wp-content\/uploads\/2024\/05\/matt-color-coated-aluminum-sheet.webp",730,730,false],"thumbnail":["https:\/\/atalu.cn\/wp-content\/uploads\/2024\/05\/matt-color-coated-aluminum-sheet-150x150.webp",150,150,true],"medium":["https:\/\/atalu.cn\/wp-content\/uploads\/2024\/05\/matt-color-coated-aluminum-sheet-300x300.webp",300,300,true],"medium_large":["https:\/\/atalu.cn\/wp-content\/uploads\/2024\/05\/matt-color-coated-aluminum-sheet.webp",730,730,false],"large":["https:\/\/atalu.cn\/wp-content\/uploads\/2024\/05\/matt-color-coated-aluminum-sheet.webp",730,730,false],"gs-tiny":["https:\/\/atalu.cn\/wp-content\/uploads\/2024\/05\/matt-color-coated-aluminum-sheet.webp",50,50,false],"xl":["https:\/\/atalu.cn\/wp-content\/uploads\/2024\/05\/matt-color-coated-aluminum-sheet.webp",730,730,false],"xxl":["https:\/\/atalu.cn\/wp-content\/uploads\/2024\/05\/matt-color-coated-aluminum-sheet.webp",730,730,false],"xxxl":["https:\/\/atalu.cn\/wp-content\/uploads\/2024\/05\/matt-color-coated-aluminum-sheet.webp",730,730,false],"xxxxl":["https:\/\/atalu.cn\/wp-content\/uploads\/2024\/05\/matt-color-coated-aluminum-sheet.webp",730,730,false],"xxxxxl":["https:\/\/atalu.cn\/wp-content\/uploads\/2024\/05\/matt-color-coated-aluminum-sheet.webp",730,730,false],"1536x1536":["https:\/\/atalu.cn\/wp-content\/uploads\/2024\/05\/matt-color-coated-aluminum-sheet.webp",730,730,false],"2048x2048":["https:\/\/atalu.cn\/wp-content\/uploads\/2024\/05\/matt-color-coated-aluminum-sheet.webp",730,730,false],"trp-custom-language-flag":["https:\/\/atalu.cn\/wp-content\/uploads\/2024\/05\/matt-color-coated-aluminum-sheet.webp",12,12,false],"woocommerce_archive_thumbnail":["https:\/\/atalu.cn\/wp-content\/uploads\/2024\/05\/matt-color-coated-aluminum-sheet-500x500.webp",500,500,true],"woocommerce_thumbnail":["https:\/\/atalu.cn\/wp-content\/uploads\/2024\/05\/matt-color-coated-aluminum-sheet-300x300.webp",300,300,true],"woocommerce_single":["https:\/\/atalu.cn\/wp-content\/uploads\/2024\/05\/matt-color-coated-aluminum-sheet-600x600.webp",600,600,true],"woocommerce_gallery_thumbnail":["https:\/\/atalu.cn\/wp-content\/uploads\/2024\/05\/matt-color-coated-aluminum-sheet-100x100.webp",100,100,true]},"post_excerpt_stackable":"<p class=\"pdshow-r-text\">Products Description Matt color coated aluminum sheet is a type of aluminum sheet that has a matte finish and is coated with a special color. The matte finish is achieved by the use of a special coating that diffuses the light and prevents it from reflecting off the surface, which makes it ideal&#8230;<\/p>\n","category_list":"","author_info":{"name":"","url":""},"comments_num":"0 comentarios","_links":{"self":[{"href":"https:\/\/atalu.cn\/es\/wp-json\/wp\/v2\/product\/3210","targetHints":{"allow":["GET"]}}],"collection":[{"href":"https:\/\/atalu.cn\/es\/wp-json\/wp\/v2\/product"}],"about":[{"href":"https:\/\/atalu.cn\/es\/wp-json\/wp\/v2\/types\/product"}],"replies":[{"embeddable":true,"href":"https:\/\/atalu.cn\/es\/wp-json\/wp\/v2\/comments?post=3210"}],"wp:featuredmedia":[{"embeddable":true,"href":"https:\/\/atalu.cn\/es\/wp-json\/wp\/v2\/media\/2107"}],"wp:attachment":[{"href":"https:\/\/atalu.cn\/es\/wp-json\/wp\/v2\/media?parent=3210"}],"wp:term":[{"taxonomy":"product_cat","embeddable":true,"href":"https:\/\/atalu.cn\/es\/wp-json\/wp\/v2\/product_cat?post=3210"},{"taxonomy":"product_tag","embeddable":true,"href":"https:\/\/atalu.cn\/es\/wp-json\/wp\/v2\/product_tag?post=3210"},{"taxonomy":"product_brands","embeddable":true,"href":"https:\/\/atalu.cn\/es\/wp-json\/wp\/v2\/product_brands?post=3210"}],"curies":[{"name":"wp","href":"https:\/\/api.w.org\/{rel}","templated":true}]}}