{"id":3245,"date":"2024-05-05T20:31:26","date_gmt":"2024-05-05T12:31:26","guid":{"rendered":"http:\/\/localhost:8012\/product\/prepained-aluminum-trim-coil"},"modified":"2024-05-05T20:31:26","modified_gmt":"2024-05-05T12:31:26","slug":"prepained-aluminum-trim-coil","status":"publish","type":"product","link":"https:\/\/atalu.cn\/es\/prepained-aluminum-trim-coil","title":{"rendered":"Bobina de aluminio prepintado"},"content":{"rendered":"<p><input id=\"productID\" name=\"productID\" type=\"hidden\" value=\"206368522\"><\/p>\n<p>La bobina de aluminio prelacado para molduras es un producto vers\u00e1til que se utiliza para diversas aplicaciones, como molduras exteriores, elementos arquitect\u00f3nicos, tableros de imposta, molduras decorativas y mucho m\u00e1s. Se fabrica prepintando bobinas de aluminio en una amplia gama de colores y texturas, lo que facilita su adaptaci\u00f3n a cualquier dise\u00f1o o arquitectura.<\/p>\n<p>Una de las principales ventajas de las bobinas de aluminio prelacado es que son extremadamente duraderas y resistentes a la intemperie. El revestimiento prepintado protege el aluminio de los elementos, evitando el \u00f3xido, la corrosi\u00f3n y la decoloraci\u00f3n con el paso del tiempo. Esto lo convierte en una opci\u00f3n ideal para aplicaciones exteriores, donde estar\u00e1 expuesto a duras condiciones clim\u00e1ticas.<\/p>\n<p>Otra ventaja de la bobina de aluminio prelacado es su ligereza, que facilita su instalaci\u00f3n y transporte. Tambi\u00e9n es f\u00e1cil trabajar con \u00e9l, ya que se puede cortar, doblar y moldear para adaptarlo a cualquier requisito de dise\u00f1o. Por eso es una opci\u00f3n popular entre constructores, arquitectos y dise\u00f1adores que desean un producto vers\u00e1til y f\u00e1cil de usar.<\/p>\n<p>La bobina de aluminio prepintada est\u00e1 disponible en una gran variedad de colores y texturas, lo que le permite crear un aspecto \u00fanico para su proyecto. Los colores son resistentes a la decoloraci\u00f3n y duraderos, por lo que no tendr\u00e1 que preocuparse de que la moldura pierda su brillo con el paso del tiempo. Tambi\u00e9n hay diferentes acabados disponibles, como mate, brillante y texturizado, que le permiten adaptarse a cualquier est\u00e9tica de dise\u00f1o.<\/p>\n<p>En resumen, la bobina de aluminio prelacado es un producto muy vers\u00e1til y duradero que se utiliza para una amplia gama de aplicaciones. Es f\u00e1cil de instalar, ligero y est\u00e1 disponible en una gran variedad de colores y acabados, lo que lo convierte en una opci\u00f3n muy popular entre constructores, arquitectos y dise\u00f1adores. Si busca un producto pr\u00e1ctico y atractivo a la vez, la bobina de aluminio lacado es una excelente elecci\u00f3n.<\/p>\n<p class=\"productsTags\"> Hot Tags: bobina de aluminio prepintada, China bobina de aluminio prepintada fabricantes, proveedores, f\u00e1brica,  <a href=\"\/es\/showroom\/wood-grain-pvc-trim-coil\/\" target=\"_blank\" title=\"rollo de moldura de pvc veteado de madera\" rel=\"noopener\">rollo de moldura de pvc veteado de madera<\/a>, <a href=\"\/es\/showroom\/1100-color-coated-aluminum-coil\/\" target=\"_blank\" title=\"Bobina de aluminio revestida de color 1100\" rel=\"noopener\">Bobina de aluminio revestida de color 1100<\/a>, <a href=\"\/es\/showroom\/wood-grain-aluminum-trim-coil\/\" target=\"_blank\" title=\"bobina embellecedora de aluminio con grano de madera\" rel=\"noopener\">bobina embellecedora de aluminio con grano de madera<\/a>, <a href=\"\/es\/showroom\/wood-grain-aluminum-coil\/\" target=\"_blank\" title=\"bobina de aluminio de grano de madera\" rel=\"noopener\">bobina de aluminio de grano de madera<\/a>, <a href=\"\/es\/showroom\/high-precision-aluminum-coil-coating-color-for-gutter\/\" target=\"_blank\" title=\"Bobina de aluminio de alta precisi\u00f3n de color para canalones\" rel=\"noopener\">Bobina de aluminio de alta precisi\u00f3n de color para canalones<\/a>, <a href=\"\/es\/showroom\/wood-aluminium-coil\/\" target=\"_blank\" title=\"bobina de aluminio madera\" rel=\"noopener\">bobina de aluminio madera<\/a> <\/p>\n<p><\/input><\/p>","protected":false},"excerpt":{"rendered":"<p class=\"pdshow-r-text\">La bobina de aluminio prelacado para molduras es un producto vers\u00e1til que se utiliza para diversas aplicaciones, como molduras exteriores, elementos arquitect\u00f3nicos, tableros de imposta, molduras decorativas y mucho m\u00e1s. Se fabrica prepintando bobinas de aluminio en una amplia gama de colores y texturas, lo que facilita...<\/p>","protected":false},"featured_media":2606,"comment_status":"closed","ping_status":"open","template":"","meta":{"_gspb_post_css":""},"product_cat":[22],"product_tag":[],"product_brands":[],"class_list":{"0":"post-3245","1":"product","2":"type-product","3":"status-publish","4":"has-post-thumbnail","6":"product_cat-aluminum-coil","8":"first","9":"instock","10":"product-type-simple"},"featured_image_urls":{"full":["https:\/\/atalu.cn\/wp-content\/uploads\/2024\/05\/prepained-aluminum-trim-coil.webp",730,730,false],"thumbnail":["https:\/\/atalu.cn\/wp-content\/uploads\/2024\/05\/prepained-aluminum-trim-coil-150x150.webp",150,150,true],"medium":["https:\/\/atalu.cn\/wp-content\/uploads\/2024\/05\/prepained-aluminum-trim-coil-300x300.webp",300,300,true],"medium_large":["https:\/\/atalu.cn\/wp-content\/uploads\/2024\/05\/prepained-aluminum-trim-coil.webp",730,730,false],"large":["https:\/\/atalu.cn\/wp-content\/uploads\/2024\/05\/prepained-aluminum-trim-coil.webp",730,730,false],"gs-tiny":["https:\/\/atalu.cn\/wp-content\/uploads\/2024\/05\/prepained-aluminum-trim-coil.webp",50,50,false],"xl":["https:\/\/atalu.cn\/wp-content\/uploads\/2024\/05\/prepained-aluminum-trim-coil.webp",730,730,false],"xxl":["https:\/\/atalu.cn\/wp-content\/uploads\/2024\/05\/prepained-aluminum-trim-coil.webp",730,730,false],"xxxl":["https:\/\/atalu.cn\/wp-content\/uploads\/2024\/05\/prepained-aluminum-trim-coil.webp",730,730,false],"xxxxl":["https:\/\/atalu.cn\/wp-content\/uploads\/2024\/05\/prepained-aluminum-trim-coil.webp",730,730,false],"xxxxxl":["https:\/\/atalu.cn\/wp-content\/uploads\/2024\/05\/prepained-aluminum-trim-coil.webp",730,730,false],"1536x1536":["https:\/\/atalu.cn\/wp-content\/uploads\/2024\/05\/prepained-aluminum-trim-coil.webp",730,730,false],"2048x2048":["https:\/\/atalu.cn\/wp-content\/uploads\/2024\/05\/prepained-aluminum-trim-coil.webp",730,730,false],"trp-custom-language-flag":["https:\/\/atalu.cn\/wp-content\/uploads\/2024\/05\/prepained-aluminum-trim-coil.webp",12,12,false],"woocommerce_archive_thumbnail":["https:\/\/atalu.cn\/wp-content\/uploads\/2024\/05\/prepained-aluminum-trim-coil-500x500.webp",500,500,true],"woocommerce_thumbnail":["https:\/\/atalu.cn\/wp-content\/uploads\/2024\/05\/prepained-aluminum-trim-coil-300x300.webp",300,300,true],"woocommerce_single":["https:\/\/atalu.cn\/wp-content\/uploads\/2024\/05\/prepained-aluminum-trim-coil-600x600.webp",600,600,true],"woocommerce_gallery_thumbnail":["https:\/\/atalu.cn\/wp-content\/uploads\/2024\/05\/prepained-aluminum-trim-coil-100x100.webp",100,100,true]},"post_excerpt_stackable":"<p class=\"pdshow-r-text\">Pre-painted aluminum trim coil is a versatile product that is used for various applications such as exterior trim, architectural elements, fascia boards, decorative trim and moldings, and more. It is made by pre-painting aluminum coils in a wide range of colors and textures, making it easy to&#8230;<\/p>\n","category_list":"","author_info":{"name":"","url":""},"comments_num":"0 comentarios","_links":{"self":[{"href":"https:\/\/atalu.cn\/es\/wp-json\/wp\/v2\/product\/3245","targetHints":{"allow":["GET"]}}],"collection":[{"href":"https:\/\/atalu.cn\/es\/wp-json\/wp\/v2\/product"}],"about":[{"href":"https:\/\/atalu.cn\/es\/wp-json\/wp\/v2\/types\/product"}],"replies":[{"embeddable":true,"href":"https:\/\/atalu.cn\/es\/wp-json\/wp\/v2\/comments?post=3245"}],"wp:featuredmedia":[{"embeddable":true,"href":"https:\/\/atalu.cn\/es\/wp-json\/wp\/v2\/media\/2606"}],"wp:attachment":[{"href":"https:\/\/atalu.cn\/es\/wp-json\/wp\/v2\/media?parent=3245"}],"wp:term":[{"taxonomy":"product_cat","embeddable":true,"href":"https:\/\/atalu.cn\/es\/wp-json\/wp\/v2\/product_cat?post=3245"},{"taxonomy":"product_tag","embeddable":true,"href":"https:\/\/atalu.cn\/es\/wp-json\/wp\/v2\/product_tag?post=3245"},{"taxonomy":"product_brands","embeddable":true,"href":"https:\/\/atalu.cn\/es\/wp-json\/wp\/v2\/product_brands?post=3245"}],"curies":[{"name":"wp","href":"https:\/\/api.w.org\/{rel}","templated":true}]}}