{"id":3300,"date":"2024-05-05T20:31:33","date_gmt":"2024-05-05T12:31:33","guid":{"rendered":"http:\/\/localhost:8012\/product\/wood-grain-pattern-aluminum-coil-for-ceiling"},"modified":"2024-05-19T20:00:41","modified_gmt":"2024-05-19T12:00:41","slug":"wood-grain-pattern-aluminum-coil-for-ceiling","status":"publish","type":"product","link":"https:\/\/atalu.cn\/es\/wood-grain-pattern-aluminum-coil-for-ceiling","title":{"rendered":"Bobina de aluminio con dise\u00f1o de grano de madera para techos"},"content":{"rendered":"<p><input id=\"productID\" name=\"productID\" type=\"hidden\" value=\"205608883\"><\/p>\n<p>La bobina de aluminio con patr\u00f3n de grano de madera para techo es un tipo de material decorativo de alta calidad que es ampliamente utilizado en varios proyectos de decoraci\u00f3n de interiores y exteriores. Est\u00e1 hecho de material de aleaci\u00f3n de aluminio de alta calidad y tecnolog\u00eda de producci\u00f3n avanzada, lo que garantiza su excelente rendimiento en t\u00e9rminos de durabilidad, estabilidad y est\u00e9tica.<\/p>\n<p>La bobina de aluminio con veteado de madera para techos est\u00e1 disponible en una amplia gama de colores y dise\u00f1os, que pueden personalizarse de acuerdo con los requisitos de los clientes. El veteado de la madera confiere al metal un aspecto natural y c\u00e1lido, lo que lo convierte en una excelente alternativa a la madera aut\u00e9ntica. Tambi\u00e9n es m\u00e1s duradero y f\u00e1cil de mantener que la madera tradicional.<\/p>\n<p>La bobina de aluminio con dise\u00f1o de grano de madera para techo es f\u00e1cil de instalar, requiere un mantenimiento m\u00ednimo y tiene una larga vida \u00fatil. Puede soportar condiciones clim\u00e1ticas adversas y resistir la corrosi\u00f3n, por lo que es ideal para su uso tanto en interiores como en exteriores. Tambi\u00e9n es resistente al fuego y tiene buenas propiedades aislantes, lo que lo convierte en una excelente opci\u00f3n para diversos proyectos de construcci\u00f3n.<\/p>\n<p>La bobina de aluminio con patr\u00f3n de grano de madera para techos es ampliamente utilizada en varias aplicaciones, tales como decoraci\u00f3n de techos, decoraci\u00f3n de paredes, decoraci\u00f3n de muebles, y m\u00e1s. Tambi\u00e9n puede ser utilizado en edificios comerciales y residenciales, tales como aeropuertos, hoteles, centros comerciales, oficinas y hogares. Su versatilidad y excelente rendimiento lo convierten en una elecci\u00f3n popular entre arquitectos, constructores y propietarios de viviendas.<\/p>\n<p>En conclusi\u00f3n, la bobina de aluminio con veteado de madera para techo es un excelente material decorativo que ofrece un rendimiento, un atractivo est\u00e9tico y una versatilidad superiores. Es una alternativa perfecta a la madera tradicional y otros metales decorativos, y puede proporcionar un aspecto elegante y natural a cualquier proyecto interior o exterior.<\/p>\n<p>\u00a0<\/p>\n<p><img decoding=\"async\" alt=\"500351--25\" height=\"446\" loading=\"lazy\" src=\"https:\/\/atalu.cn\/wp-content\/uploads\/2024\/05\/202305151548445fced50e09c044cc8809262743fd8b06.webp?size=446x0\" title=\"500351--25\" width=\"446\"\/>\u00a0\u00a0<img decoding=\"async\" alt=\"1\" height=\"448\" loading=\"lazy\" src=\"https:\/\/atalu.cn\/wp-content\/uploads\/2024\/05\/202305151548443ebc357e2bc2405688f00ae4756bd004.webp?size=448x0\" title=\"1\" width=\"448\"\/><\/p>\n<p>\u00a0<\/p>\n<p class=\"productsTags\"> Hot Tags: patr\u00f3n de grano de madera bobina de aluminio para techo, China patr\u00f3n de grano de madera bobina de aluminio para techo fabricantes, proveedores, f\u00e1brica,  <a href=\"\/es\/showroom\/aluminum-coil-for-roofing\/\" target=\"_blank\" title=\"bobina de aluminio para tejados\" rel=\"noopener\">bobina de aluminio para tejados<\/a>, <a href=\"\/es\/showroom\/charcoal-gray-trim-coil\/\" target=\"_blank\" title=\"bobina embellecedora gris marengo\" rel=\"noopener\">bobina embellecedora gris marengo<\/a>, <a href=\"\/es\/showroom\/aluminium-pair-coil\/\" target=\"_blank\" title=\"bobina de par de aluminio\" rel=\"noopener\">bobina de par de aluminio<\/a>, <a href=\"\/es\/showroom\/019-aluminum-coil\/\" target=\"_blank\" title=\"019 bobina de aluminio\" rel=\"noopener\">019 bobina de aluminio<\/a>, <a href=\"\/es\/showroom\/aluminum-coil-3003\/\" target=\"_blank\" title=\"bobina de aluminio 3003\" rel=\"noopener\">bobina de aluminio 3003<\/a>, <a href=\"\/es\/showroom\/aluminum-wood-grain-trim-coil\/\" target=\"_blank\" title=\"Bobina de aluminio para molduras de madera\" rel=\"noopener\">Bobina de aluminio para molduras de madera<\/a> <\/p>\n<p><\/input><\/p>","protected":false},"excerpt":{"rendered":"<p class=\"pdshow-r-text\">La bobina de aluminio con patr\u00f3n de grano de madera para techo es un tipo de material decorativo de alta calidad que es ampliamente utilizado en varios proyectos de decoraci\u00f3n de interiores y exteriores. Est\u00e1 hecho de material de aleaci\u00f3n de aluminio de alta calidad y tecnolog\u00eda de producci\u00f3n avanzada, lo que garantiza su excelente rendimiento en...<\/p>","protected":false},"featured_media":2698,"comment_status":"closed","ping_status":"closed","template":"","meta":{"_gspb_post_css":""},"product_cat":[22,26],"product_tag":[],"product_brands":[],"class_list":{"0":"post-3300","1":"product","2":"type-product","3":"status-publish","4":"has-post-thumbnail","6":"product_cat-aluminum-coil","7":"product_cat-prepainted-aluminum-coil","9":"first","10":"instock","11":"product-type-simple"},"featured_image_urls":{"full":["https:\/\/atalu.cn\/wp-content\/uploads\/2024\/05\/wood-grain-pattern-aluminum-coil-for-ceiling.webp",730,730,false],"thumbnail":["https:\/\/atalu.cn\/wp-content\/uploads\/2024\/05\/wood-grain-pattern-aluminum-coil-for-ceiling-150x150.webp",150,150,true],"medium":["https:\/\/atalu.cn\/wp-content\/uploads\/2024\/05\/wood-grain-pattern-aluminum-coil-for-ceiling-300x300.webp",300,300,true],"medium_large":["https:\/\/atalu.cn\/wp-content\/uploads\/2024\/05\/wood-grain-pattern-aluminum-coil-for-ceiling.webp",730,730,false],"large":["https:\/\/atalu.cn\/wp-content\/uploads\/2024\/05\/wood-grain-pattern-aluminum-coil-for-ceiling.webp",730,730,false],"gs-tiny":["https:\/\/atalu.cn\/wp-content\/uploads\/2024\/05\/wood-grain-pattern-aluminum-coil-for-ceiling.webp",50,50,false],"xl":["https:\/\/atalu.cn\/wp-content\/uploads\/2024\/05\/wood-grain-pattern-aluminum-coil-for-ceiling.webp",730,730,false],"xxl":["https:\/\/atalu.cn\/wp-content\/uploads\/2024\/05\/wood-grain-pattern-aluminum-coil-for-ceiling.webp",730,730,false],"xxxl":["https:\/\/atalu.cn\/wp-content\/uploads\/2024\/05\/wood-grain-pattern-aluminum-coil-for-ceiling.webp",730,730,false],"xxxxl":["https:\/\/atalu.cn\/wp-content\/uploads\/2024\/05\/wood-grain-pattern-aluminum-coil-for-ceiling.webp",730,730,false],"xxxxxl":["https:\/\/atalu.cn\/wp-content\/uploads\/2024\/05\/wood-grain-pattern-aluminum-coil-for-ceiling.webp",730,730,false],"1536x1536":["https:\/\/atalu.cn\/wp-content\/uploads\/2024\/05\/wood-grain-pattern-aluminum-coil-for-ceiling.webp",730,730,false],"2048x2048":["https:\/\/atalu.cn\/wp-content\/uploads\/2024\/05\/wood-grain-pattern-aluminum-coil-for-ceiling.webp",730,730,false],"trp-custom-language-flag":["https:\/\/atalu.cn\/wp-content\/uploads\/2024\/05\/wood-grain-pattern-aluminum-coil-for-ceiling.webp",12,12,false],"woocommerce_archive_thumbnail":["https:\/\/atalu.cn\/wp-content\/uploads\/2024\/05\/wood-grain-pattern-aluminum-coil-for-ceiling-500x500.webp",500,500,true],"woocommerce_thumbnail":["https:\/\/atalu.cn\/wp-content\/uploads\/2024\/05\/wood-grain-pattern-aluminum-coil-for-ceiling-300x300.webp",300,300,true],"woocommerce_single":["https:\/\/atalu.cn\/wp-content\/uploads\/2024\/05\/wood-grain-pattern-aluminum-coil-for-ceiling-600x600.webp",600,600,true],"woocommerce_gallery_thumbnail":["https:\/\/atalu.cn\/wp-content\/uploads\/2024\/05\/wood-grain-pattern-aluminum-coil-for-ceiling-100x100.webp",100,100,true]},"post_excerpt_stackable":"<p class=\"pdshow-r-text\">Wood grain pattern aluminum coil for ceiling is a type of high-quality decorative material that is widely used in various interior and exterior decoration projects. It is made from high-quality aluminum alloy material and advanced production technology, which ensures its excellent performance in&#8230;<\/p>\n","category_list":"","author_info":{"name":"","url":""},"comments_num":"0 comentarios","_links":{"self":[{"href":"https:\/\/atalu.cn\/es\/wp-json\/wp\/v2\/product\/3300","targetHints":{"allow":["GET"]}}],"collection":[{"href":"https:\/\/atalu.cn\/es\/wp-json\/wp\/v2\/product"}],"about":[{"href":"https:\/\/atalu.cn\/es\/wp-json\/wp\/v2\/types\/product"}],"replies":[{"embeddable":true,"href":"https:\/\/atalu.cn\/es\/wp-json\/wp\/v2\/comments?post=3300"}],"wp:featuredmedia":[{"embeddable":true,"href":"https:\/\/atalu.cn\/es\/wp-json\/wp\/v2\/media\/2698"}],"wp:attachment":[{"href":"https:\/\/atalu.cn\/es\/wp-json\/wp\/v2\/media?parent=3300"}],"wp:term":[{"taxonomy":"product_cat","embeddable":true,"href":"https:\/\/atalu.cn\/es\/wp-json\/wp\/v2\/product_cat?post=3300"},{"taxonomy":"product_tag","embeddable":true,"href":"https:\/\/atalu.cn\/es\/wp-json\/wp\/v2\/product_tag?post=3300"},{"taxonomy":"product_brands","embeddable":true,"href":"https:\/\/atalu.cn\/es\/wp-json\/wp\/v2\/product_brands?post=3300"}],"curies":[{"name":"wp","href":"https:\/\/api.w.org\/{rel}","templated":true}]}}