{"id":578,"date":"2024-04-30T13:34:04","date_gmt":"2024-04-30T05:34:04","guid":{"rendered":"http:\/\/localhost:8012\/?page_id=578"},"modified":"2024-04-30T13:34:13","modified_gmt":"2024-04-30T05:34:13","slug":"company-advantages","status":"publish","type":"page","link":"https:\/\/atalu.cn\/fr\/company-advantages","title":{"rendered":"Avantages pour l'entreprise"},"content":{"rendered":"<table border=\"0\" width=\"100%\" cellspacing=\"0\">\n<tbody>\n<tr class=\"firstRow\">\n<td align=\"center\" valign=\"middle\" width=\"374\"><img loading=\"lazy\" decoding=\"async\" title=\"1Equipement de production(001)\" src=\"https:\/\/atalu.cn\/wp-content\/uploads\/replace\/cc4330fdb7b0f94a91f03d40aa0692e9.jpeg\" alt=\"1Production Equipment(001)\" width=\"500\" height=\"345\" \/><\/td>\n<td align=\"center\" valign=\"middle\" width=\"374\"><img loading=\"lazy\" decoding=\"async\" title=\"2Inspection de la production(001)\" src=\"https:\/\/atalu.cn\/wp-content\/uploads\/replace\/4b01b3461def849303aa0771d81a80b3.jpeg\" alt=\"2Production inspection(001)\" width=\"500\" height=\"345\" \/><\/td>\n<\/tr>\n<tr>\n<td align=\"center\" valign=\"middle\" width=\"374\"><strong>\u00c9quipement de production<\/strong><\/td>\n<td align=\"center\" valign=\"middle\" width=\"374\"><strong>Contr\u00f4le de la production<\/strong><\/td>\n<\/tr>\n<tr>\n<td align=\"center\" valign=\"middle\" width=\"374\"><\/td>\n<td align=\"center\" valign=\"middle\" width=\"374\"><\/td>\n<\/tr>\n<tr>\n<td align=\"center\" valign=\"middle\" width=\"374\"><img loading=\"lazy\" decoding=\"async\" title=\"3laboratoire(001)\" src=\"https:\/\/atalu.cn\/wp-content\/uploads\/replace\/35c513acd80dadf50b9df1600b85db13.jpeg\" alt=\"3laboratory(001)\" width=\"500\" height=\"345\" \/><\/td>\n<td align=\"center\" valign=\"middle\" width=\"374\"><img loading=\"lazy\" decoding=\"async\" title=\"4\u00e9quipement de laboratoire(001)\" src=\"https:\/\/atalu.cn\/wp-content\/uploads\/replace\/34bc967e69e1ed5d4078f4345d281261.jpeg\" alt=\"4laboratory equipment(001)\" width=\"500\" height=\"345\" \/><\/td>\n<\/tr>\n<tr>\n<td align=\"center\" valign=\"middle\" width=\"374\"><strong>Laboratoire<\/strong><\/td>\n<td align=\"center\" valign=\"middle\" width=\"374\"><strong>Mat\u00e9riel de laboratoire<\/strong><\/td>\n<\/tr>\n<\/tbody>\n<\/table>\n<p><strong>\u00c9quipement de production<\/strong><\/p>\n<p>Introduction de 5 lignes de production automatiques d'enrobage \u00e0 rouleaux de trois couches et de trois cuissons en provenance d'Allemagne.<\/p>\n<p>Le premier en Chine \u00e0 introduire une ligne de production automatique de rev\u00eatement de rouleaux capable de produire 4.0mmx2600mmxC<\/p>\n<p>Plus de 1000 types de rouleaux d'impression<\/p>\n<p>2 lignes de production de pulv\u00e9risation automatique<\/p>\n<p>4 lignes de refendage automatique \u00e0 grande vitesse<\/p>\n<p>12 lignes de tron\u00e7onnage de pr\u00e9cision<\/p>\n<p>6 lignes de gaufrage<\/p>\n<p><strong>Professionnel<\/strong><\/p>\n<p>Nous nous concentrons sur l'industrie du rev\u00eatement depuis 20 ans et avons pass\u00e9 une s\u00e9rie de certifications de syst\u00e8mes complets. Nos 8 lignes de production \u00e0 grande vitesse enti\u00e8rement automatiques adoptent le processus international avanc\u00e9 de trois rev\u00eatements et de deux cuissons.<\/p>\n<p><strong>Qualit\u00e9<\/strong><\/p>\n<p>Certifi\u00e9 par le Bureau de la science et de la technologie, le \"centre de recherche en technologie d'ing\u00e9nierie pour les plaques d'aluminium \u00e0 rev\u00eatement color\u00e9\" a \u00e9t\u00e9 cr\u00e9\u00e9. Il contr\u00f4le strictement le processus de production (8 \u00e0 16 processus d'inspection), am\u00e9liore de mani\u00e8re innovante le processus de production, assure la stabilit\u00e9 de la qualit\u00e9 des produits et la recherche et le d\u00e9veloppement de nouveaux produits.<\/p>\n<p><strong>La force<\/strong><\/p>\n<p>ATALU Technology d\u00e9fend le concept du \"z\u00e9ro d\u00e9faut\" et de la \"responsabilit\u00e9 envers les clients\" et produit en stricte conformit\u00e9 avec les normes de gestion de la qualit\u00e9. Nous utilisons les produits des grands fabricants nationaux d'aluminium, tels que Sinal et Chinalco, et formons des alliances de coop\u00e9ration avec les meilleurs fournisseurs de rev\u00eatements.<\/p>","protected":false},"excerpt":{"rendered":"<p>Production Equipment Production inspection Laboratory Laboratory equipment Production Equipment Introduced 5 automatic roller coating production lines of three-coating and three-baking from Germany The first in China to introduce a roller coating automatic production line capable of producing 4.0mmx2600mmxC More than 1000 kinds of printing rollers 2 automatic spraying production lines 4 high-speed automatic slitting lines [&hellip;]<\/p>","protected":false},"author":1,"featured_media":582,"parent":0,"menu_order":0,"comment_status":"closed","ping_status":"closed","template":"","meta":{"_gspb_post_css":"","footnotes":""},"class_list":["post-578","page","type-page","status-publish","has-post-thumbnail","hentry"],"blocksy_meta":[],"featured_image_urls":{"full":["https:\/\/atalu.cn\/wp-content\/uploads\/replace\/34bc967e69e1ed5d4078f4345d281261.jpeg",500,345,false],"thumbnail":["https:\/\/atalu.cn\/wp-content\/uploads\/replace\/34bc967e69e1ed5d4078f4345d281261.jpeg",150,104,false],"medium":["https:\/\/atalu.cn\/wp-content\/uploads\/replace\/34bc967e69e1ed5d4078f4345d281261.jpeg",300,207,false],"medium_large":["https:\/\/atalu.cn\/wp-content\/uploads\/replace\/34bc967e69e1ed5d4078f4345d281261.jpeg",500,345,false],"large":["https:\/\/atalu.cn\/wp-content\/uploads\/replace\/34bc967e69e1ed5d4078f4345d281261.jpeg",500,345,false],"gs-tiny":["https:\/\/atalu.cn\/wp-content\/uploads\/replace\/34bc967e69e1ed5d4078f4345d281261.jpeg",50,35,false],"xl":["https:\/\/atalu.cn\/wp-content\/uploads\/replace\/34bc967e69e1ed5d4078f4345d281261.jpeg",500,345,false],"xxl":["https:\/\/atalu.cn\/wp-content\/uploads\/replace\/34bc967e69e1ed5d4078f4345d281261.jpeg",500,345,false],"xxxl":["https:\/\/atalu.cn\/wp-content\/uploads\/replace\/34bc967e69e1ed5d4078f4345d281261.jpeg",500,345,false],"xxxxl":["https:\/\/atalu.cn\/wp-content\/uploads\/replace\/34bc967e69e1ed5d4078f4345d281261.jpeg",500,345,false],"xxxxxl":["https:\/\/atalu.cn\/wp-content\/uploads\/replace\/34bc967e69e1ed5d4078f4345d281261.jpeg",500,345,false],"1536x1536":["https:\/\/atalu.cn\/wp-content\/uploads\/replace\/34bc967e69e1ed5d4078f4345d281261.jpeg",500,345,false],"2048x2048":["https:\/\/atalu.cn\/wp-content\/uploads\/replace\/34bc967e69e1ed5d4078f4345d281261.jpeg",500,345,false],"trp-custom-language-flag":["https:\/\/atalu.cn\/wp-content\/uploads\/replace\/34bc967e69e1ed5d4078f4345d281261.jpeg",18,12,false],"woocommerce_archive_thumbnail":["https:\/\/atalu.cn\/wp-content\/uploads\/replace\/34bc967e69e1ed5d4078f4345d281261.jpeg",500,345,false],"woocommerce_thumbnail":["https:\/\/atalu.cn\/wp-content\/uploads\/replace\/34bc967e69e1ed5d4078f4345d281261-300x300.jpeg",300,300,true],"woocommerce_single":["https:\/\/atalu.cn\/wp-content\/uploads\/replace\/34bc967e69e1ed5d4078f4345d281261.jpeg",500,345,false],"woocommerce_gallery_thumbnail":["https:\/\/atalu.cn\/wp-content\/uploads\/replace\/34bc967e69e1ed5d4078f4345d281261-100x100.jpeg",100,100,true]},"post_excerpt_stackable":"<p>Production Equipment Production inspection Laboratory Laboratory equipment Production Equipment Introduced 5 automatic roller coating production lines of three-coating and three-baking from Germany The first in China to introduce a roller coating automatic production line capable of producing 4.0mmx2600mmxC More than 1000 kinds of printing rollers 2 automatic spraying production lines 4 high-speed automatic slitting lines 12 precision crosscutting lines 6 embossing lines Professional We have focused on the coating industry for 20 years, and have passed a series of comprehensive system certification. Our advanced 8 fully automatic high-speed production lines adopt the international advanced three coating and two baking process.\u2026<\/p>\n","category_list":"","author_info":{"name":"aydenzeng","url":"https:\/\/atalu.cn\/fr\/author\/aydenzeng"},"comments_num":"0 commentaire","_links":{"self":[{"href":"https:\/\/atalu.cn\/fr\/wp-json\/wp\/v2\/pages\/578","targetHints":{"allow":["GET"]}}],"collection":[{"href":"https:\/\/atalu.cn\/fr\/wp-json\/wp\/v2\/pages"}],"about":[{"href":"https:\/\/atalu.cn\/fr\/wp-json\/wp\/v2\/types\/page"}],"author":[{"embeddable":true,"href":"https:\/\/atalu.cn\/fr\/wp-json\/wp\/v2\/users\/1"}],"replies":[{"embeddable":true,"href":"https:\/\/atalu.cn\/fr\/wp-json\/wp\/v2\/comments?post=578"}],"version-history":[{"count":1,"href":"https:\/\/atalu.cn\/fr\/wp-json\/wp\/v2\/pages\/578\/revisions"}],"predecessor-version":[{"id":583,"href":"https:\/\/atalu.cn\/fr\/wp-json\/wp\/v2\/pages\/578\/revisions\/583"}],"wp:featuredmedia":[{"embeddable":true,"href":"https:\/\/atalu.cn\/fr\/wp-json\/wp\/v2\/media\/582"}],"wp:attachment":[{"href":"https:\/\/atalu.cn\/fr\/wp-json\/wp\/v2\/media?parent=578"}],"curies":[{"name":"wp","href":"https:\/\/api.w.org\/{rel}","templated":true}]}}