{"id":676,"date":"2024-05-02T11:48:48","date_gmt":"2024-05-02T03:48:48","guid":{"rendered":"http:\/\/localhost:8012\/?page_id=676"},"modified":"2024-05-02T11:56:23","modified_gmt":"2024-05-02T03:56:23","slug":"about-us","status":"publish","type":"page","link":"https:\/\/atalu.cn\/fr\/about-us","title":{"rendered":"\u00c0 propos de nous"},"content":{"rendered":"<h2 class=\"wp-block-heading\" id=\"gspb_heading-id-gsbp-2ffee04\">Our History<\/h2>\n\n\n\n<div class=\"wp-block-columns is-layout-flex wp-container-core-columns-is-layout-28f84493 wp-block-columns-is-layout-flex\">\n<div class=\"wp-block-column is-layout-flow wp-block-column-is-layout-flow\" style=\"flex-basis:33.33%\">\n<figure class=\"wp-block-image size-full\"><img loading=\"lazy\" decoding=\"async\" width=\"670\" height=\"447\" src=\"https:\/\/atalu.cn\/wp-content\/uploads\/replace\/69cab63c1bdc3f44a4512adc49167ca7.jpeg\" alt=\"\" class=\"wp-image-665\" srcset=\"https:\/\/atalu.cn\/wp-content\/uploads\/replace\/69cab63c1bdc3f44a4512adc49167ca7.jpeg 670w, https:\/\/atalu.cn\/wp-content\/uploads\/replace\/69cab63c1bdc3f44a4512adc49167ca7-600x400.jpeg 600w\" sizes=\"auto, (max-width: 670px) 100vw, 670px\" \/><\/figure>\n<\/div>\n\n\n\n<div class=\"wp-block-column is-layout-flow wp-block-column-is-layout-flow\" style=\"flex-basis:66.66%\">\n<p>Atalu New Material Technology (Shandong) Co., Ltd.Founded in 2003, belongs to AT Group, is one of the biggest manufacturers of Aluminum Coil &amp; Sheet in China.The group company has 7 subsidiaries, covering aluminum casting, aluminum foil, aluminum coil and sheet manufacturing, aluminum sheet surface treatment, protective film manufacturing, curtain wall aluminum veneer manufacturing, paint manufacturing, and roofing system accessories manufacturing.Alloy 1 series, 2 series, 3 series, 5 series, 6 series, 7 series, 8 series;Thickness 0.006-500mmWidth 30-2600mmSurface treatment covers six major processes: roll coating, brushing, embossing, mirror surface, anodizing and lamination.With a total area of more than 300,000 square meters, the annual processing of aluminum coils and sheets exceeds 120,000 tons, and the annual sales volume exceeds US$560,000,000. It is one of the leading aluminum product manufacturers in China and the largest aluminum surface treatment manufacturer in China.<\/p>\n<\/div>\n<\/div>\n\n\n\n<div class=\"wp-block-columns is-layout-flex wp-container-core-columns-is-layout-28f84493 wp-block-columns-is-layout-flex\">\n<div class=\"wp-block-column is-layout-flow wp-block-column-is-layout-flow\"><\/div>\n\n\n\n<div class=\"wp-block-column is-layout-flow wp-block-column-is-layout-flow\"><\/div>\n<\/div>\n\n\n\n<p>Atalu is a worldwide expert in the development and production of roll-coated aluminum sheets.<\/p>\n\n\n\n<p>Coatings include PE, HDPE, PVDF, FEVE, EPOXY, PUPA, surface can coated to be wood grain, marble grain, granite grain, brushed grain, brick pattern, camouflage pattern, rust pattern, wrinkle pattern, magic colors and other series. There are more than 1000 kinds of surface patterns, and customized designs are also acceptable. Functional coatings like Nano-Painting (Anti-polution), diffuse reflection coating, and antibacterial coating series. It can maximize the surface needs of Customers&#8217; needs of different surfaces for various scenes can be maximized.<\/p>\n\n\n\n<p>Products are widely used in: hull manufacturing, tank trucks, non-slip aluminum floors, cans, bottle caps, food container;<\/p>\n\n\n\n<p>In the field of construction, it is widely used in roof system, curtain wall system, rain gutter system, rolling shutter door;<\/p>\n\n\n\n<p>In the field of decoration, it is widely used in ceiling systems, sun louver system, decorative composite panels; cabinet panels;<\/p>\n\n\n\n<p>In the field of advertising, it is widely used in signage and advertising words;<\/p>\n\n\n\n<p>Solar panels, home appliance panels, truckbody panels;<\/p>\n\n\n\n<p>PPG, AkzoNobel, CHALCO, South-west aluminum are our strategy partners.<\/p>\n\n\n\n<p>The company has won 41 national patents and ISO9001, ISO14001, CE, etc certifications.<\/p>\n\n\n\n<p>Gr\u00e2ce \u00e0 une excellente qualit\u00e9 et \u00e0 un service d\u00e9vou\u00e9, nos clients se trouvent dans de nombreux pays du monde, tels que les \u00c9tats-Unis, le Canada, la Grande-Bretagne, l'Italie, l'Espagne, l'Allemagne, les Pays-Bas, la Turquie, Singapour, la Cor\u00e9e du Sud et l'Afrique, l'Am\u00e9rique du Sud, etc. dans plus de 70 pays au total.<\/p>\n\n\n\n<p>Je me r\u00e9jouis de devenir votre meilleur partenaire.<\/p>\n\n\n\n<p>ENSEMBLE, RENDONS LE MONDE BEAU !<\/p>\n\n\n\n<figure class=\"wp-block-table\"><table><tbody><tr><td><img loading=\"lazy\" decoding=\"async\" src=\"https:\/\/atalu.cn\/wp-content\/uploads\/replace\/8da737d2ec2e95762cc166adf62c4353.jpeg\" alt=\"DSC03033(001)\" width=\"450\" height=\"300\"><\/td><td><img loading=\"lazy\" decoding=\"async\" src=\"https:\/\/atalu.cn\/wp-content\/uploads\/replace\/19db3b21572b31ccc770712c4922d089.jpeg\" alt=\"DSC04437(001)\" width=\"450\" height=\"300\"><\/td><td><img loading=\"lazy\" decoding=\"async\" src=\"https:\/\/atalu.cn\/wp-content\/uploads\/replace\/dd77dd02756590f5c8d4fc6a6face91b.jpeg\" alt=\"DSC04444(001)\" width=\"450\" height=\"300\"><\/td><\/tr><tr><td>&nbsp;<\/td><td>&nbsp;<\/td><td>&nbsp;<\/td><\/tr><tr><td><img loading=\"lazy\" decoding=\"async\" src=\"https:\/\/atalu.cn\/wp-content\/uploads\/replace\/1eeb0ff53bcf4855a3bd67ae3a787f84.jpeg\" alt=\"NASA-0195(001)\" width=\"450\" height=\"300\"><\/td><td><img loading=\"lazy\" decoding=\"async\" src=\"https:\/\/atalu.cn\/wp-content\/uploads\/replace\/0e5711b58ff3ca9180c2dbf0dc522fa4.jpeg\" alt=\"NASA-0200(001)\" width=\"450\" height=\"300\"><\/td><td><img loading=\"lazy\" decoding=\"async\" src=\"https:\/\/atalu.cn\/wp-content\/uploads\/replace\/2294d0ced3a574e18419022b27e90f75.jpeg\" alt=\"(001)\" width=\"450\" height=\"300\"><\/td><\/tr><\/tbody><\/table><\/figure>","protected":false},"excerpt":{"rendered":"<p>Our History Atalu New Material Technology (Shandong) Co., Ltd.Founded in 2003, belongs to AT Group, is one of the biggest manufacturers of Aluminum Coil &amp; Sheet in China.The group company has 7 subsidiaries, covering aluminum casting, aluminum foil, aluminum coil and sheet manufacturing, aluminum sheet surface treatment, protective film manufacturing, curtain wall aluminum veneer manufacturing, [&hellip;]<\/p>","protected":false},"author":1,"featured_media":917,"parent":0,"menu_order":0,"comment_status":"closed","ping_status":"closed","template":"","meta":{"_gspb_post_css":"","footnotes":""},"class_list":["post-676","page","type-page","status-publish","has-post-thumbnail","hentry"],"blocksy_meta":[],"featured_image_urls":{"full":["https:\/\/atalu.cn\/wp-content\/uploads\/2024\/05\/3-0mm-color-coated-aluminum-coil-and-sheet-67106424.jpg",350,350,false],"thumbnail":["https:\/\/atalu.cn\/wp-content\/uploads\/2024\/05\/3-0mm-color-coated-aluminum-coil-and-sheet-67106424-150x150.jpg",150,150,true],"medium":["https:\/\/atalu.cn\/wp-content\/uploads\/2024\/05\/3-0mm-color-coated-aluminum-coil-and-sheet-67106424-300x300.jpg",300,300,true],"medium_large":["https:\/\/atalu.cn\/wp-content\/uploads\/2024\/05\/3-0mm-color-coated-aluminum-coil-and-sheet-67106424.jpg",350,350,false],"large":["https:\/\/atalu.cn\/wp-content\/uploads\/2024\/05\/3-0mm-color-coated-aluminum-coil-and-sheet-67106424.jpg",350,350,false],"gs-tiny":["https:\/\/atalu.cn\/wp-content\/uploads\/2024\/05\/3-0mm-color-coated-aluminum-coil-and-sheet-67106424.jpg",50,50,false],"xl":["https:\/\/atalu.cn\/wp-content\/uploads\/2024\/05\/3-0mm-color-coated-aluminum-coil-and-sheet-67106424.jpg",350,350,false],"xxl":["https:\/\/atalu.cn\/wp-content\/uploads\/2024\/05\/3-0mm-color-coated-aluminum-coil-and-sheet-67106424.jpg",350,350,false],"xxxl":["https:\/\/atalu.cn\/wp-content\/uploads\/2024\/05\/3-0mm-color-coated-aluminum-coil-and-sheet-67106424.jpg",350,350,false],"xxxxl":["https:\/\/atalu.cn\/wp-content\/uploads\/2024\/05\/3-0mm-color-coated-aluminum-coil-and-sheet-67106424.jpg",350,350,false],"xxxxxl":["https:\/\/atalu.cn\/wp-content\/uploads\/2024\/05\/3-0mm-color-coated-aluminum-coil-and-sheet-67106424.jpg",350,350,false],"1536x1536":["https:\/\/atalu.cn\/wp-content\/uploads\/2024\/05\/3-0mm-color-coated-aluminum-coil-and-sheet-67106424.jpg",350,350,false],"2048x2048":["https:\/\/atalu.cn\/wp-content\/uploads\/2024\/05\/3-0mm-color-coated-aluminum-coil-and-sheet-67106424.jpg",350,350,false],"trp-custom-language-flag":["https:\/\/atalu.cn\/wp-content\/uploads\/2024\/05\/3-0mm-color-coated-aluminum-coil-and-sheet-67106424.jpg",12,12,false],"woocommerce_archive_thumbnail":["https:\/\/atalu.cn\/wp-content\/uploads\/2024\/05\/3-0mm-color-coated-aluminum-coil-and-sheet-67106424.jpg",350,350,false],"woocommerce_thumbnail":["https:\/\/atalu.cn\/wp-content\/uploads\/2024\/05\/3-0mm-color-coated-aluminum-coil-and-sheet-67106424-300x300.jpg",300,300,true],"woocommerce_single":["https:\/\/atalu.cn\/wp-content\/uploads\/2024\/05\/3-0mm-color-coated-aluminum-coil-and-sheet-67106424.jpg",350,350,false],"woocommerce_gallery_thumbnail":["https:\/\/atalu.cn\/wp-content\/uploads\/2024\/05\/3-0mm-color-coated-aluminum-coil-and-sheet-67106424-100x100.jpg",100,100,true]},"post_excerpt_stackable":"<p>Our History Atalu New Material Technology (Shandong) Co., Ltd.Founded in 2003, belongs to AT Group, is one of the biggest manufacturers of Aluminum Coil &amp; Sheet in China.The group company has 7 subsidiaries, covering aluminum casting, aluminum foil, aluminum coil and sheet manufacturing, aluminum sheet surface treatment, protective film manufacturing, curtain wall aluminum veneer manufacturing, paint manufacturing, and roofing system accessories manufacturing.Alloy 1 series, 2 series, 3 series, 5 series, 6 series, 7 series, 8 series;Thickness 0.006-500mmWidth 30-2600mmSurface treatment covers six major processes: roll coating, brushing, embossing, mirror surface, anodizing and lamination.With a total area of more than 300,000 square\u2026<\/p>\n","category_list":"","author_info":{"name":"aydenzeng","url":"https:\/\/atalu.cn\/fr\/author\/aydenzeng"},"comments_num":"0 commentaire","_links":{"self":[{"href":"https:\/\/atalu.cn\/fr\/wp-json\/wp\/v2\/pages\/676","targetHints":{"allow":["GET"]}}],"collection":[{"href":"https:\/\/atalu.cn\/fr\/wp-json\/wp\/v2\/pages"}],"about":[{"href":"https:\/\/atalu.cn\/fr\/wp-json\/wp\/v2\/types\/page"}],"author":[{"embeddable":true,"href":"https:\/\/atalu.cn\/fr\/wp-json\/wp\/v2\/users\/1"}],"replies":[{"embeddable":true,"href":"https:\/\/atalu.cn\/fr\/wp-json\/wp\/v2\/comments?post=676"}],"version-history":[{"count":1,"href":"https:\/\/atalu.cn\/fr\/wp-json\/wp\/v2\/pages\/676\/revisions"}],"predecessor-version":[{"id":677,"href":"https:\/\/atalu.cn\/fr\/wp-json\/wp\/v2\/pages\/676\/revisions\/677"}],"wp:featuredmedia":[{"embeddable":true,"href":"https:\/\/atalu.cn\/fr\/wp-json\/wp\/v2\/media\/917"}],"wp:attachment":[{"href":"https:\/\/atalu.cn\/fr\/wp-json\/wp\/v2\/media?parent=676"}],"curies":[{"name":"wp","href":"https:\/\/api.w.org\/{rel}","templated":true}]}}