{"id":3169,"date":"2024-05-05T20:31:13","date_gmt":"2024-05-05T12:31:13","guid":{"rendered":"http:\/\/localhost:8012\/product\/color-coated-aluminum-truck-body-sheet"},"modified":"2024-05-05T20:31:13","modified_gmt":"2024-05-05T12:31:13","slug":"color-coated-aluminum-truck-body-sheet","status":"publish","type":"product","link":"https:\/\/atalu.cn\/fr\/color-coated-aluminum-truck-body-sheet","title":{"rendered":"T\u00f4le de carrosserie de camion en aluminium \u00e0 rev\u00eatement color\u00e9"},"content":{"rendered":"<p><input id=\"productID\" name=\"productID\" type=\"hidden\" value=\"209493638\"><\/p>\n<p>La t\u00f4le de carrosserie de camion en aluminium \u00e0 rev\u00eatement color\u00e9 est un mat\u00e9riau l\u00e9ger et durable utilis\u00e9 pour la fabrication de camions et de remorques. Ce produit est fabriqu\u00e9 \u00e0 partir d'aluminium de haute qualit\u00e9, recouvert d'une couche de peinture pour le prot\u00e9ger de la rouille et de la corrosion. Le rev\u00eatement color\u00e9 n'am\u00e9liore pas seulement l'apparence de la carrosserie du camion, il lui conf\u00e8re \u00e9galement une r\u00e9sistance aux intemp\u00e9ries et une isolation suppl\u00e9mentaire.<\/p>\n<p>La t\u00f4le de carrosserie de camion en aluminium \u00e0 rev\u00eatement color\u00e9 offre plusieurs avantages par rapport aux mat\u00e9riaux traditionnels que sont l'acier ou le bois. Tout d'abord, l'aluminium est nettement plus l\u00e9ger que l'acier, ce qui permet d'\u00e9conomiser du carburant et de r\u00e9duire le poids total du v\u00e9hicule. Deuxi\u00e8mement, l'aluminium est intrins\u00e8quement r\u00e9sistant \u00e0 la corrosion, ce qui r\u00e9duit les co\u00fbts d'entretien et prolonge la dur\u00e9e de vie de la carrosserie. En outre, ses excellentes propri\u00e9t\u00e9s d'isolation thermique et phonique en font le mat\u00e9riau privil\u00e9gi\u00e9 pour les camions et remorques frigorifiques.<\/p>\n<p>La t\u00f4le de carrosserie de camion en aluminium \u00e0 rev\u00eatement color\u00e9 est disponible dans une grande vari\u00e9t\u00e9 de couleurs, de finitions et de largeurs, ce qui la rend hautement personnalisable pour r\u00e9pondre aux besoins uniques de chaque client. Elle est facile \u00e0 travailler et peut \u00eatre coup\u00e9e, pli\u00e9e et fa\u00e7onn\u00e9e pour s'adapter aux exigences sp\u00e9cifiques de conception du camion ou de la remorque. Le produit est \u00e9galement respectueux de l'environnement car il est recyclable, ce qui en fait un choix durable pour les fabricants comme pour les consommateurs.<\/p>\n<p>En conclusion, la t\u00f4le de carrosserie de camion en aluminium \u00e0 rev\u00eatement color\u00e9 est un mat\u00e9riau fiable, rentable et polyvalent qui offre de nombreux avantages aux fabricants de camions et de remorques. Sa l\u00e9g\u00e8ret\u00e9, sa durabilit\u00e9, sa r\u00e9sistance \u00e0 la corrosion et ses propri\u00e9t\u00e9s d'isolation en font un choix privil\u00e9gi\u00e9 pour une grande vari\u00e9t\u00e9 d'applications. En outre, ses options de couleur et de finition personnalisables offrent une grande souplesse de conception et am\u00e9liorent l'aspect de la carrosserie du camion.<\/p>\n<p class=\"productsTags\"> Hot Tags : t\u00f4le de carrosserie de camion en aluminium rev\u00eatue de couleur, Chine t\u00f4le de carrosserie de camion en aluminium rev\u00eatue de couleur, fabricants, fournisseurs, usine,  <a href=\"\/fr\/showroom\/3-0mm-color-coated-aluminum-wood-grain-sheet\/\" target=\"_blank\" title=\"3 0mm Aluminum Color Coated Wood Grain Sheet (Feuille d&#039;aluminium \u00e0 grain de bois)\" rel=\"noopener\">3 0mm Aluminum Color Coated Wood Grain Sheet (Feuille d'aluminium \u00e0 grain de bois)<\/a>, <a href=\"\/fr\/showroom\/14-gauge-aluminum-sheet-metal\/\" target=\"_blank\" title=\"T\u00f4le d&#039;aluminium de calibre 14\" rel=\"noopener\">T\u00f4le d'aluminium de calibre 14<\/a>, <a href=\"\/fr\/showroom\/aligloss-composite-panel\/\" target=\"_blank\" title=\"panneau composite aligloss\" rel=\"noopener\">panneau composite aligloss<\/a>, <a href=\"\/fr\/showroom\/laser-aluminum-plate\/\" target=\"_blank\" title=\"plaque d&#039;aluminium au laser\" rel=\"noopener\">plaque d'aluminium au laser<\/a>, <a href=\"\/fr\/showroom\/patterned-aluminum-panels\/\" target=\"_blank\" title=\"panneaux en aluminium \u00e0 motifs\" rel=\"noopener\">panneaux en aluminium \u00e0 motifs<\/a>, <a href=\"\/fr\/showroom\/aluminium-sheet-metal-fabrication\/\" target=\"_blank\" title=\"fabrication de t\u00f4les en aluminium\" rel=\"noopener\">fabrication de t\u00f4les en aluminium<\/a> <\/p>\n<p><\/input><\/p>","protected":false},"excerpt":{"rendered":"<p class=\"pdshow-r-text\">La t\u00f4le de carrosserie de camion en aluminium \u00e0 rev\u00eatement color\u00e9 est un mat\u00e9riau l\u00e9ger et durable utilis\u00e9 pour la fabrication de camions et de remorques. Ce produit est fabriqu\u00e9 \u00e0 partir d'aluminium de haute qualit\u00e9, recouvert d'une couche de peinture pour le prot\u00e9ger de la rouille et de la corrosion. Le rev\u00eatement color\u00e9 ne fait pas qu'am\u00e9liorer...<\/p>","protected":false},"featured_media":2696,"comment_status":"closed","ping_status":"open","template":"","meta":{"_gspb_post_css":""},"product_cat":[23,31],"product_tag":[],"product_brands":[],"class_list":{"0":"post-3169","1":"product","2":"type-product","3":"status-publish","4":"has-post-thumbnail","6":"product_cat-aluminum-sheet","7":"product_cat-prepainted-aluminum-sheet","9":"first","10":"instock","11":"product-type-simple"},"featured_image_urls":{"full":["https:\/\/atalu.cn\/wp-content\/uploads\/2024\/05\/color-coated-aluminum-truck-body-sheet.webp",730,730,false],"thumbnail":["https:\/\/atalu.cn\/wp-content\/uploads\/2024\/05\/color-coated-aluminum-truck-body-sheet-150x150.webp",150,150,true],"medium":["https:\/\/atalu.cn\/wp-content\/uploads\/2024\/05\/color-coated-aluminum-truck-body-sheet-300x300.webp",300,300,true],"medium_large":["https:\/\/atalu.cn\/wp-content\/uploads\/2024\/05\/color-coated-aluminum-truck-body-sheet.webp",730,730,false],"large":["https:\/\/atalu.cn\/wp-content\/uploads\/2024\/05\/color-coated-aluminum-truck-body-sheet.webp",730,730,false],"gs-tiny":["https:\/\/atalu.cn\/wp-content\/uploads\/2024\/05\/color-coated-aluminum-truck-body-sheet.webp",50,50,false],"xl":["https:\/\/atalu.cn\/wp-content\/uploads\/2024\/05\/color-coated-aluminum-truck-body-sheet.webp",730,730,false],"xxl":["https:\/\/atalu.cn\/wp-content\/uploads\/2024\/05\/color-coated-aluminum-truck-body-sheet.webp",730,730,false],"xxxl":["https:\/\/atalu.cn\/wp-content\/uploads\/2024\/05\/color-coated-aluminum-truck-body-sheet.webp",730,730,false],"xxxxl":["https:\/\/atalu.cn\/wp-content\/uploads\/2024\/05\/color-coated-aluminum-truck-body-sheet.webp",730,730,false],"xxxxxl":["https:\/\/atalu.cn\/wp-content\/uploads\/2024\/05\/color-coated-aluminum-truck-body-sheet.webp",730,730,false],"1536x1536":["https:\/\/atalu.cn\/wp-content\/uploads\/2024\/05\/color-coated-aluminum-truck-body-sheet.webp",730,730,false],"2048x2048":["https:\/\/atalu.cn\/wp-content\/uploads\/2024\/05\/color-coated-aluminum-truck-body-sheet.webp",730,730,false],"trp-custom-language-flag":["https:\/\/atalu.cn\/wp-content\/uploads\/2024\/05\/color-coated-aluminum-truck-body-sheet.webp",12,12,false],"woocommerce_archive_thumbnail":["https:\/\/atalu.cn\/wp-content\/uploads\/2024\/05\/color-coated-aluminum-truck-body-sheet-500x500.webp",500,500,true],"woocommerce_thumbnail":["https:\/\/atalu.cn\/wp-content\/uploads\/2024\/05\/color-coated-aluminum-truck-body-sheet-300x300.webp",300,300,true],"woocommerce_single":["https:\/\/atalu.cn\/wp-content\/uploads\/2024\/05\/color-coated-aluminum-truck-body-sheet-600x600.webp",600,600,true],"woocommerce_gallery_thumbnail":["https:\/\/atalu.cn\/wp-content\/uploads\/2024\/05\/color-coated-aluminum-truck-body-sheet-100x100.webp",100,100,true]},"post_excerpt_stackable":"<p class=\"pdshow-r-text\">Color coated aluminum truck body sheet is a lightweight and durable material used for manufacturing trucks and trailers. This product is made from high-quality aluminum, which is coated with a layer of paint to provide protection against rust and corrosion. The color coating not only enhances&#8230;<\/p>\n","category_list":"","author_info":{"name":"","url":""},"comments_num":"0 commentaire","_links":{"self":[{"href":"https:\/\/atalu.cn\/fr\/wp-json\/wp\/v2\/product\/3169","targetHints":{"allow":["GET"]}}],"collection":[{"href":"https:\/\/atalu.cn\/fr\/wp-json\/wp\/v2\/product"}],"about":[{"href":"https:\/\/atalu.cn\/fr\/wp-json\/wp\/v2\/types\/product"}],"replies":[{"embeddable":true,"href":"https:\/\/atalu.cn\/fr\/wp-json\/wp\/v2\/comments?post=3169"}],"wp:featuredmedia":[{"embeddable":true,"href":"https:\/\/atalu.cn\/fr\/wp-json\/wp\/v2\/media\/2696"}],"wp:attachment":[{"href":"https:\/\/atalu.cn\/fr\/wp-json\/wp\/v2\/media?parent=3169"}],"wp:term":[{"taxonomy":"product_cat","embeddable":true,"href":"https:\/\/atalu.cn\/fr\/wp-json\/wp\/v2\/product_cat?post=3169"},{"taxonomy":"product_tag","embeddable":true,"href":"https:\/\/atalu.cn\/fr\/wp-json\/wp\/v2\/product_tag?post=3169"},{"taxonomy":"product_brands","embeddable":true,"href":"https:\/\/atalu.cn\/fr\/wp-json\/wp\/v2\/product_brands?post=3169"}],"curies":[{"name":"wp","href":"https:\/\/api.w.org\/{rel}","templated":true}]}}