{"id":3210,"date":"2024-05-05T20:31:19","date_gmt":"2024-05-05T12:31:19","guid":{"rendered":"http:\/\/localhost:8012\/product\/matt-color-coated-aluminum-sheet"},"modified":"2024-05-05T20:31:19","modified_gmt":"2024-05-05T12:31:19","slug":"matt-color-coated-aluminum-sheet","status":"publish","type":"product","link":"https:\/\/atalu.cn\/fr\/matt-color-coated-aluminum-sheet","title":{"rendered":"T\u00f4le d'aluminium \u00e0 rev\u00eatement color\u00e9 mat"},"content":{"rendered":"<p><input id=\"productID\" name=\"productID\" type=\"hidden\" value=\"204836091\"><\/p>\n<p>pour divers commer\u00e7ants.<\/p>\n<p>\u00a0<\/p>\n<p>Pr\u00e9sentation de notre t\u00f4le d'aluminium rev\u00eatue de couleur mate - un produit durable et polyvalent pour vos besoins commerciaux<\/p>\n<p>\u00a0<\/p>\n<p>Vous \u00eates \u00e0 la recherche d'un mat\u00e9riau fiable et durable pour vos besoins professionnels ? Si oui, notre t\u00f4le d'aluminium rev\u00eatue de couleur mate est la solution parfaite pour vous. Nous sommes un fabricant renomm\u00e9 situ\u00e9 en Chine, qui produit des t\u00f4les d'aluminium de haute qualit\u00e9 pour tous les types d'entreprises.<\/p>\n<p>\u00a0<\/p>\n<p>Notre t\u00f4le d'aluminium rev\u00eatue de couleur mate est un produit polyvalent que vous pouvez utiliser pour diverses applications industrielles et commerciales. C'est une solution id\u00e9ale pour l'architecture et la d\u00e9coration, ainsi que pour la cr\u00e9ation de produits finis de haute qualit\u00e9 pour les besoins du b\u00e2timent et de la construction.<\/p>\n<p>\u00a0<\/p>\n<p>Dans nos usines, nous utilisons des technologies de production avanc\u00e9es pour nous assurer que nous produisons des t\u00f4les d'aluminium de qualit\u00e9 sup\u00e9rieure. Notre t\u00f4le d'aluminium rev\u00eatue de couleur mate est trait\u00e9e avec un rev\u00eatement sp\u00e9cial qui lui conf\u00e8re un attrait esth\u00e9tique et une durabilit\u00e9 qui lui permettent de r\u00e9sister aux conditions climatiques difficiles, \u00e0 la corrosion et \u00e0 l'abrasion.<\/p>\n<p>\u00a0<\/p>\n<p>Principaux avantages de notre t\u00f4le d'aluminium rev\u00eatue de couleur mate<\/p>\n<p>\u00a0<\/p>\n<p>1. Durabilit\u00e9 : Notre t\u00f4le d'aluminium rev\u00eatue de couleur mate est con\u00e7ue pour r\u00e9sister \u00e0 des conditions environnementales difficiles telles que des temp\u00e9ratures et une humidit\u00e9 extr\u00eames. Elle ne se corrode pas facilement et ne perd pas son \u00e9clat, ce qui en fait un choix parfait pour les panneaux d\u00e9coratifs ext\u00e9rieurs, les structures architecturales et l'ext\u00e9rieur des b\u00e2timents.<\/p>\n<p>\u00a0<\/p>\n<p>2. Polyvalence : Notre t\u00f4le d'aluminium rev\u00eatue de couleur mate est disponible dans une large gamme de couleurs et de finitions que vous pouvez choisir en fonction des besoins de votre entreprise. Que vous recherchiez une finition mate ou une surface brillante et r\u00e9fl\u00e9chissante, nous pouvons personnaliser votre commande pour r\u00e9pondre \u00e0 vos besoins.<\/p>\n<p>\u00a0<\/p>\n<p>3. Facile \u00e0 travailler : Notre t\u00f4le d'aluminium rev\u00eatue de couleur mate est facile \u00e0 installer, \u00e0 fabriquer et \u00e0 d\u00e9couper. Elle est l\u00e9g\u00e8re, ce qui la rend facile \u00e0 transporter et \u00e0 manipuler, et peut \u00eatre adapt\u00e9e \u00e0 n'importe quelle forme ou taille. Vous pouvez l'utiliser pour le rev\u00eatement mural, la toiture, les panneaux de plafond, les fa\u00e7ades et toute autre application n\u00e9cessitant des mat\u00e9riaux polyvalents.<\/p>\n<p>\u00a0<\/p>\n<p>4. Peu d'entretien : Notre t\u00f4le d'aluminium rev\u00eatue de couleur mate ne n\u00e9cessite qu'un minimum d'entretien. Elle est facile \u00e0 nettoyer avec de l'eau et du savon et ne n\u00e9cessite pas de solution de nettoyage particuli\u00e8re.<\/p>\n<p>\u00a0<\/p>\n<p>5. Respect de l'environnement : Notre t\u00f4le d'aluminium rev\u00eatue de couleur mate est un mat\u00e9riau \u00e9cologique fabriqu\u00e9 \u00e0 partir d'aluminium recyclable 100%. Elle ne lib\u00e8re aucune substance dangereuse, ce qui la rend sans danger pour l'homme et l'environnement.<\/p>\n<p>\u00a0<\/p>\n<p>Pourquoi choisir notre t\u00f4le d'aluminium \u00e0 rev\u00eatement mat ?<\/p>\n<p>\u00a0<\/p>\n<p>1. Produit de haute qualit\u00e9 : Nous produisons nos t\u00f4les d'aluminium rev\u00eatues de couleur mate selon des normes de qualit\u00e9 exceptionnelles qui sont in\u00e9gal\u00e9es sur le march\u00e9. Nos produits sont soumis \u00e0 des tests de qualit\u00e9 rigoureux pour s'assurer qu'ils r\u00e9pondent aux normes souhait\u00e9es.<\/p>\n<p>\u00a0<\/p>\n<p>2. Des prix comp\u00e9titifs : Nous proposons nos produits \u00e0 des prix raisonnables afin d'aider les entreprises \u00e0 r\u00e9duire leurs co\u00fbts sans compromettre la qualit\u00e9.<\/p>\n<p>\u00a0<\/p>\n<p>3. Service client\u00e8le : Nous disposons d'une \u00e9quipe de professionnels de l'assistance \u00e0 la client\u00e8le qui sont toujours disponibles pour vous aider \u00e0 r\u00e9pondre \u00e0 toutes vos questions et pr\u00e9occupations. Nous nous effor\u00e7ons de fournir un excellent service \u00e0 la client\u00e8le afin de nous assurer que nos clients sont satisfaits de chaque achat.<\/p>\n<p>\u00a0<\/p>\n<p>4. Services de livraison rapide : Nous disposons d'un r\u00e9seau de cha\u00eenes d'approvisionnement bien \u00e9tabli qui nous permet de livrer rapidement les commandes \u00e0 nos clients. Nous veillons \u00e0 ce que vos commandes soient livr\u00e9es \u00e0 temps et en bon \u00e9tat.<\/p>\n<p>\u00a0<\/p>\n<p>Conclusion<\/p>\n<p>\u00a0<\/p>\n<p>Notre t\u00f4le d'aluminium rev\u00eatue de couleur mate est un excellent mat\u00e9riau pour divers besoins commerciaux. Avec sa durabilit\u00e9, sa polyvalence et ses caract\u00e9ristiques de faible entretien, c'est une solution parfaite pour tous vos besoins en mati\u00e8re de construction. Contactez-nous d\u00e8s aujourd'hui pour commander votre t\u00f4le d'aluminium rev\u00eatue de couleur mate et d\u00e9couvrir les avantages de ce produit de haute qualit\u00e9.<\/p>\n<p>\u00a0<\/p>\n<p>\u00a0<\/p>\n<div class=\"wmkc-template-7\">\n<h5>Description des produits<\/h5>\n<\/div>\n<p>\u00a0<\/p>\n<p>La t\u00f4le d'aluminium \u00e0 rev\u00eatement mat est un type de t\u00f4le d'aluminium qui pr\u00e9sente une finition mate et qui est rev\u00eatue d'une couleur sp\u00e9ciale. La finition mate est obtenue gr\u00e2ce \u00e0 l'utilisation d'un rev\u00eatement sp\u00e9cial qui diffuse la lumi\u00e8re et l'emp\u00eache de se refl\u00e9ter sur la surface, ce qui la rend id\u00e9ale pour les applications o\u00f9 une forte r\u00e9flectivit\u00e9 n'est pas souhaitable.<br \/>\n\u00a0<\/p>\n<div class=\"wmkc-template-7\">\n<h5>Informations sur les produits<\/h5>\n<\/div>\n<p>\u00a0<\/p>\n<p>La t\u00f4le d'aluminium utilis\u00e9e pour la t\u00f4le d'aluminium \u00e0 rev\u00eatement color\u00e9 mat est fabriqu\u00e9e \u00e0 partir d'un alliage d'aluminium de haute qualit\u00e9, ce qui lui conf\u00e8re une r\u00e9sistance et une durabilit\u00e9 excellentes. Elle est l\u00e9g\u00e8re, r\u00e9sistante \u00e0 la corrosion et peut supporter des conditions climatiques difficiles, ce qui permet de l'utiliser dans une grande vari\u00e9t\u00e9 d'applications.<\/p>\n<p>Le rev\u00eatement color\u00e9 sp\u00e9cial utilis\u00e9 dans la t\u00f4le d'aluminium \u00e0 rev\u00eatement color\u00e9 mat est appliqu\u00e9 par un processus de rev\u00eatement au rouleau. Ce proc\u00e9d\u00e9 garantit que le rev\u00eatement est uniforme et qu'il adh\u00e8re \u00e9troitement \u00e0 la surface de la t\u00f4le d'aluminium. Le rev\u00eatement est ensuite durci \u00e0 haute temp\u00e9rature pour garantir qu'il est enti\u00e8rement li\u00e9 \u00e0 la surface de l'aluminium.<\/p>\n<p>\u00a0<\/p>\n<div class=\"wmkc-template-7\">\n<h5>Avantages des produits<\/h5>\n<\/div>\n<p>\u00a0<\/p>\n<p>La t\u00f4le d'aluminium \u00e0 rev\u00eatement color\u00e9 mat est disponible dans une large gamme de couleurs, y compris le noir, le blanc, le gris et d'autres teintes. Cela en fait un choix populaire pour les applications architecturales et d\u00e9coratives, o\u00f9 la coordination des couleurs est importante.<\/p>\n<p>Outre son attrait esth\u00e9tique, la t\u00f4le d'aluminium rev\u00eatue de couleur mate offre \u00e9galement une excellente durabilit\u00e9 et une r\u00e9sistance aux intemp\u00e9ries. Elle r\u00e9siste \u00e0 la d\u00e9coloration, \u00e0 la fissuration et \u00e0 l'\u00e9caillage, m\u00eame dans des conditions climatiques difficiles, ce qui en fait un choix fiable pour les applications ext\u00e9rieures.<\/p>\n<p>Dans l'ensemble, la t\u00f4le d'aluminium rev\u00eatue de couleur mate est un mat\u00e9riau polyvalent qui offre une combinaison unique de durabilit\u00e9, d'esth\u00e9tique et de r\u00e9sistance aux intemp\u00e9ries. Qu'elle soit utilis\u00e9e dans l'architecture, l'automobile ou d'autres applications, elle constitue une solution rentable et fiable pour un large \u00e9ventail de besoins.<\/p>\n<p class=\"productsTags\"> Hot Tags : t\u00f4le d'aluminium rev\u00eatue de couleur mate, Chine t\u00f4le d'aluminium rev\u00eatue de couleur mate fabricants, fournisseurs, usine,  <a href=\"\/fr\/showroom\/uv-reflective-aluminum-sheet\/\" target=\"_blank\" title=\"Feuille d&#039;aluminium r\u00e9fl\u00e9chissant les UV\" rel=\"noopener\">Feuille d'aluminium r\u00e9fl\u00e9chissant les UV<\/a>, <a href=\"\/fr\/showroom\/20mm-aluminium-sheet\/\" target=\"_blank\" title=\"T\u00f4le d&#039;aluminium de 20 mm\" rel=\"noopener\">T\u00f4le d'aluminium de 20 mm<\/a>, <a href=\"\/fr\/showroom\/aluminum-honeycomb-sheet\/\" target=\"_blank\" title=\"Feuille de nid d&#039;abeille en aluminium\" rel=\"noopener\">Feuille de nid d'abeille en aluminium<\/a>, <a href=\"\/fr\/showroom\/4mm-aluminium-sheet\/\" target=\"_blank\" title=\"T\u00f4le d&#039;aluminium de 4 mm\" rel=\"noopener\">T\u00f4le d'aluminium de 4 mm<\/a>, <a href=\"\/fr\/showroom\/12mm-aluminium-plate\/\" target=\"_blank\" title=\"Plaque d&#039;aluminium de 12 mm\" rel=\"noopener\">Plaque d'aluminium de 12 mm<\/a>, <a href=\"\/fr\/showroom\/mill-finish-aluminum-sheet\/\" target=\"_blank\" title=\"t\u00f4le d&#039;aluminium finition usine\" rel=\"noopener\">t\u00f4le d'aluminium finition usine<\/a> <\/p>\n<p><\/input><\/p>","protected":false},"excerpt":{"rendered":"<p class=\"pdshow-r-text\">Description des produits La t\u00f4le d'aluminium \u00e0 rev\u00eatement mat est un type de t\u00f4le d'aluminium qui pr\u00e9sente une finition mate et qui est rev\u00eatue d'une couleur sp\u00e9ciale. La finition mate est obtenue gr\u00e2ce \u00e0 l'utilisation d'un rev\u00eatement sp\u00e9cial qui diffuse la lumi\u00e8re et l'emp\u00eache de se refl\u00e9ter sur la surface, ce qui la rend id\u00e9ale...<\/p>","protected":false},"featured_media":2107,"comment_status":"closed","ping_status":"open","template":"","meta":{"_gspb_post_css":""},"product_cat":[23,31],"product_tag":[],"product_brands":[],"class_list":{"0":"post-3210","1":"product","2":"type-product","3":"status-publish","4":"has-post-thumbnail","6":"product_cat-aluminum-sheet","7":"product_cat-prepainted-aluminum-sheet","9":"first","10":"instock","11":"product-type-simple"},"featured_image_urls":{"full":["https:\/\/atalu.cn\/wp-content\/uploads\/2024\/05\/matt-color-coated-aluminum-sheet.webp",730,730,false],"thumbnail":["https:\/\/atalu.cn\/wp-content\/uploads\/2024\/05\/matt-color-coated-aluminum-sheet-150x150.webp",150,150,true],"medium":["https:\/\/atalu.cn\/wp-content\/uploads\/2024\/05\/matt-color-coated-aluminum-sheet-300x300.webp",300,300,true],"medium_large":["https:\/\/atalu.cn\/wp-content\/uploads\/2024\/05\/matt-color-coated-aluminum-sheet.webp",730,730,false],"large":["https:\/\/atalu.cn\/wp-content\/uploads\/2024\/05\/matt-color-coated-aluminum-sheet.webp",730,730,false],"gs-tiny":["https:\/\/atalu.cn\/wp-content\/uploads\/2024\/05\/matt-color-coated-aluminum-sheet.webp",50,50,false],"xl":["https:\/\/atalu.cn\/wp-content\/uploads\/2024\/05\/matt-color-coated-aluminum-sheet.webp",730,730,false],"xxl":["https:\/\/atalu.cn\/wp-content\/uploads\/2024\/05\/matt-color-coated-aluminum-sheet.webp",730,730,false],"xxxl":["https:\/\/atalu.cn\/wp-content\/uploads\/2024\/05\/matt-color-coated-aluminum-sheet.webp",730,730,false],"xxxxl":["https:\/\/atalu.cn\/wp-content\/uploads\/2024\/05\/matt-color-coated-aluminum-sheet.webp",730,730,false],"xxxxxl":["https:\/\/atalu.cn\/wp-content\/uploads\/2024\/05\/matt-color-coated-aluminum-sheet.webp",730,730,false],"1536x1536":["https:\/\/atalu.cn\/wp-content\/uploads\/2024\/05\/matt-color-coated-aluminum-sheet.webp",730,730,false],"2048x2048":["https:\/\/atalu.cn\/wp-content\/uploads\/2024\/05\/matt-color-coated-aluminum-sheet.webp",730,730,false],"trp-custom-language-flag":["https:\/\/atalu.cn\/wp-content\/uploads\/2024\/05\/matt-color-coated-aluminum-sheet.webp",12,12,false],"woocommerce_archive_thumbnail":["https:\/\/atalu.cn\/wp-content\/uploads\/2024\/05\/matt-color-coated-aluminum-sheet-500x500.webp",500,500,true],"woocommerce_thumbnail":["https:\/\/atalu.cn\/wp-content\/uploads\/2024\/05\/matt-color-coated-aluminum-sheet-300x300.webp",300,300,true],"woocommerce_single":["https:\/\/atalu.cn\/wp-content\/uploads\/2024\/05\/matt-color-coated-aluminum-sheet-600x600.webp",600,600,true],"woocommerce_gallery_thumbnail":["https:\/\/atalu.cn\/wp-content\/uploads\/2024\/05\/matt-color-coated-aluminum-sheet-100x100.webp",100,100,true]},"post_excerpt_stackable":"<p class=\"pdshow-r-text\">Products Description Matt color coated aluminum sheet is a type of aluminum sheet that has a matte finish and is coated with a special color. The matte finish is achieved by the use of a special coating that diffuses the light and prevents it from reflecting off the surface, which makes it ideal&#8230;<\/p>\n","category_list":"","author_info":{"name":"","url":""},"comments_num":"0 commentaire","_links":{"self":[{"href":"https:\/\/atalu.cn\/fr\/wp-json\/wp\/v2\/product\/3210","targetHints":{"allow":["GET"]}}],"collection":[{"href":"https:\/\/atalu.cn\/fr\/wp-json\/wp\/v2\/product"}],"about":[{"href":"https:\/\/atalu.cn\/fr\/wp-json\/wp\/v2\/types\/product"}],"replies":[{"embeddable":true,"href":"https:\/\/atalu.cn\/fr\/wp-json\/wp\/v2\/comments?post=3210"}],"wp:featuredmedia":[{"embeddable":true,"href":"https:\/\/atalu.cn\/fr\/wp-json\/wp\/v2\/media\/2107"}],"wp:attachment":[{"href":"https:\/\/atalu.cn\/fr\/wp-json\/wp\/v2\/media?parent=3210"}],"wp:term":[{"taxonomy":"product_cat","embeddable":true,"href":"https:\/\/atalu.cn\/fr\/wp-json\/wp\/v2\/product_cat?post=3210"},{"taxonomy":"product_tag","embeddable":true,"href":"https:\/\/atalu.cn\/fr\/wp-json\/wp\/v2\/product_tag?post=3210"},{"taxonomy":"product_brands","embeddable":true,"href":"https:\/\/atalu.cn\/fr\/wp-json\/wp\/v2\/product_brands?post=3210"}],"curies":[{"name":"wp","href":"https:\/\/api.w.org\/{rel}","templated":true}]}}