{"id":3245,"date":"2024-05-05T20:31:26","date_gmt":"2024-05-05T12:31:26","guid":{"rendered":"http:\/\/localhost:8012\/product\/prepained-aluminum-trim-coil"},"modified":"2024-05-05T20:31:26","modified_gmt":"2024-05-05T12:31:26","slug":"prepained-aluminum-trim-coil","status":"publish","type":"product","link":"https:\/\/atalu.cn\/fr\/prepained-aluminum-trim-coil","title":{"rendered":"Rouleau de garniture en aluminium pr\u00e9patin\u00e9"},"content":{"rendered":"<p><input id=\"productID\" name=\"productID\" type=\"hidden\" value=\"206368522\"><\/p>\n<p>La bobine de garniture en aluminium pr\u00e9peint est un produit polyvalent qui est utilis\u00e9 pour diverses applications telles que les garnitures ext\u00e9rieures, les \u00e9l\u00e9ments architecturaux, les planches de rive, les garnitures et les moulures d\u00e9coratives, etc. Il est fabriqu\u00e9 en pr\u00e9la\u00e7ant des bobines d'aluminium dans une large gamme de couleurs et de textures, ce qui lui permet de s'adapter facilement \u00e0 tout type de design ou d'architecture.<\/p>\n<p>L'un des principaux avantages de la bobine de garniture en aluminium pr\u00e9laqu\u00e9 est qu'elle est extr\u00eamement durable et r\u00e9sistante aux intemp\u00e9ries. Le rev\u00eatement pr\u00e9laqu\u00e9 prot\u00e8ge l'aluminium des \u00e9l\u00e9ments, emp\u00eachant la rouille, la corrosion et la d\u00e9coloration au fil du temps. Il s'agit donc d'un choix id\u00e9al pour les applications ext\u00e9rieures, o\u00f9 il sera expos\u00e9 \u00e0 des conditions m\u00e9t\u00e9orologiques difficiles.<\/p>\n<p>Un autre avantage de la bobine de garniture en aluminium pr\u00e9laqu\u00e9 est sa l\u00e9g\u00e8ret\u00e9, qui la rend facile \u00e0 installer et \u00e0 transporter. Il est \u00e9galement facile \u00e0 travailler, car il peut \u00eatre coup\u00e9, pli\u00e9 et fa\u00e7onn\u00e9 pour s'adapter \u00e0 n'importe quelle exigence de conception. Cela en fait un choix populaire parmi les constructeurs, les architectes et les concepteurs qui veulent un produit \u00e0 la fois polyvalent et facile \u00e0 utiliser.<\/p>\n<p>La bobine de garniture en aluminium pr\u00e9peint est disponible dans une vari\u00e9t\u00e9 de couleurs et de textures, ce qui vous permet de cr\u00e9er un aspect unique pour votre projet. Les couleurs sont r\u00e9sistantes \u00e0 la d\u00e9coloration et durables, de sorte que vous n'aurez pas \u00e0 craindre que la garniture perde son \u00e9clat au fil du temps. Diff\u00e9rentes finitions sont \u00e9galement disponibles : mate, brillante et textur\u00e9e, ce qui vous permet de vous adapter \u00e0 n'importe quelle esth\u00e9tique.<\/p>\n<p>En r\u00e9sum\u00e9, la bobine de garniture en aluminium pr\u00e9laqu\u00e9 est un produit tr\u00e8s polyvalent et durable qui est utilis\u00e9 pour une large gamme d'applications. Il est facile \u00e0 installer, l\u00e9ger et disponible dans une grande vari\u00e9t\u00e9 de couleurs et de finitions, ce qui en fait un choix populaire parmi les constructeurs, les architectes et les designers. Si vous \u00eates \u00e0 la recherche d'un produit \u00e0 la fois pratique et visuellement attrayant, la bobine d'aluminium pr\u00e9laqu\u00e9 est un excellent choix.<\/p>\n<p class=\"productsTags\"> Tags chauds : bobine de garniture en aluminium pr\u00e9patin\u00e9e, Chine bobine de garniture en aluminium pr\u00e9patin\u00e9e fabricants, fournisseurs, usine,  <a href=\"\/fr\/showroom\/wood-grain-pvc-trim-coil\/\" target=\"_blank\" title=\"bobine de garniture pvc grain de bois\" rel=\"noopener\">bobine de garniture pvc grain de bois<\/a>, <a href=\"\/fr\/showroom\/1100-color-coated-aluminum-coil\/\" target=\"_blank\" title=\"Bobine d&#039;aluminium \u00e0 rev\u00eatement color\u00e9 1100\" rel=\"noopener\">Bobine d'aluminium \u00e0 rev\u00eatement color\u00e9 1100<\/a>, <a href=\"\/fr\/showroom\/wood-grain-aluminum-trim-coil\/\" target=\"_blank\" title=\"bobine de garniture en aluminium \u00e0 grain de bois\" rel=\"noopener\">bobine de garniture en aluminium \u00e0 grain de bois<\/a>, <a href=\"\/fr\/showroom\/wood-grain-aluminum-coil\/\" target=\"_blank\" title=\"bobine d&#039;aluminium grain de bois\" rel=\"noopener\">bobine d'aluminium grain de bois<\/a>, <a href=\"\/fr\/showroom\/high-precision-aluminum-coil-coating-color-for-gutter\/\" target=\"_blank\" title=\"Film d&#039;aluminium de haute pr\u00e9cision avec rev\u00eatement de couleur pour goutti\u00e8res\" rel=\"noopener\">Film d'aluminium de haute pr\u00e9cision avec rev\u00eatement de couleur pour goutti\u00e8res<\/a>, <a href=\"\/fr\/showroom\/wood-aluminium-coil\/\" target=\"_blank\" title=\"bois bobine d&#039;aluminium\" rel=\"noopener\">bois bobine d'aluminium<\/a> <\/p>\n<p><\/input><\/p>","protected":false},"excerpt":{"rendered":"<p class=\"pdshow-r-text\">La bobine de garniture en aluminium pr\u00e9peint est un produit polyvalent qui est utilis\u00e9 pour diverses applications telles que les garnitures ext\u00e9rieures, les \u00e9l\u00e9ments architecturaux, les planches de rive, les garnitures et moulures d\u00e9coratives, etc. Il est fabriqu\u00e9 en pr\u00e9la\u00e7ant des bobines d'aluminium dans une large gamme de couleurs et de textures, ce qui le rend facile \u00e0...<\/p>","protected":false},"featured_media":2606,"comment_status":"closed","ping_status":"open","template":"","meta":{"_gspb_post_css":""},"product_cat":[22],"product_tag":[],"product_brands":[],"class_list":{"0":"post-3245","1":"product","2":"type-product","3":"status-publish","4":"has-post-thumbnail","6":"product_cat-aluminum-coil","8":"first","9":"instock","10":"product-type-simple"},"featured_image_urls":{"full":["https:\/\/atalu.cn\/wp-content\/uploads\/2024\/05\/prepained-aluminum-trim-coil.webp",730,730,false],"thumbnail":["https:\/\/atalu.cn\/wp-content\/uploads\/2024\/05\/prepained-aluminum-trim-coil-150x150.webp",150,150,true],"medium":["https:\/\/atalu.cn\/wp-content\/uploads\/2024\/05\/prepained-aluminum-trim-coil-300x300.webp",300,300,true],"medium_large":["https:\/\/atalu.cn\/wp-content\/uploads\/2024\/05\/prepained-aluminum-trim-coil.webp",730,730,false],"large":["https:\/\/atalu.cn\/wp-content\/uploads\/2024\/05\/prepained-aluminum-trim-coil.webp",730,730,false],"gs-tiny":["https:\/\/atalu.cn\/wp-content\/uploads\/2024\/05\/prepained-aluminum-trim-coil.webp",50,50,false],"xl":["https:\/\/atalu.cn\/wp-content\/uploads\/2024\/05\/prepained-aluminum-trim-coil.webp",730,730,false],"xxl":["https:\/\/atalu.cn\/wp-content\/uploads\/2024\/05\/prepained-aluminum-trim-coil.webp",730,730,false],"xxxl":["https:\/\/atalu.cn\/wp-content\/uploads\/2024\/05\/prepained-aluminum-trim-coil.webp",730,730,false],"xxxxl":["https:\/\/atalu.cn\/wp-content\/uploads\/2024\/05\/prepained-aluminum-trim-coil.webp",730,730,false],"xxxxxl":["https:\/\/atalu.cn\/wp-content\/uploads\/2024\/05\/prepained-aluminum-trim-coil.webp",730,730,false],"1536x1536":["https:\/\/atalu.cn\/wp-content\/uploads\/2024\/05\/prepained-aluminum-trim-coil.webp",730,730,false],"2048x2048":["https:\/\/atalu.cn\/wp-content\/uploads\/2024\/05\/prepained-aluminum-trim-coil.webp",730,730,false],"trp-custom-language-flag":["https:\/\/atalu.cn\/wp-content\/uploads\/2024\/05\/prepained-aluminum-trim-coil.webp",12,12,false],"woocommerce_archive_thumbnail":["https:\/\/atalu.cn\/wp-content\/uploads\/2024\/05\/prepained-aluminum-trim-coil-500x500.webp",500,500,true],"woocommerce_thumbnail":["https:\/\/atalu.cn\/wp-content\/uploads\/2024\/05\/prepained-aluminum-trim-coil-300x300.webp",300,300,true],"woocommerce_single":["https:\/\/atalu.cn\/wp-content\/uploads\/2024\/05\/prepained-aluminum-trim-coil-600x600.webp",600,600,true],"woocommerce_gallery_thumbnail":["https:\/\/atalu.cn\/wp-content\/uploads\/2024\/05\/prepained-aluminum-trim-coil-100x100.webp",100,100,true]},"post_excerpt_stackable":"<p class=\"pdshow-r-text\">Pre-painted aluminum trim coil is a versatile product that is used for various applications such as exterior trim, architectural elements, fascia boards, decorative trim and moldings, and more. It is made by pre-painting aluminum coils in a wide range of colors and textures, making it easy to&#8230;<\/p>\n","category_list":"","author_info":{"name":"","url":""},"comments_num":"0 commentaire","_links":{"self":[{"href":"https:\/\/atalu.cn\/fr\/wp-json\/wp\/v2\/product\/3245","targetHints":{"allow":["GET"]}}],"collection":[{"href":"https:\/\/atalu.cn\/fr\/wp-json\/wp\/v2\/product"}],"about":[{"href":"https:\/\/atalu.cn\/fr\/wp-json\/wp\/v2\/types\/product"}],"replies":[{"embeddable":true,"href":"https:\/\/atalu.cn\/fr\/wp-json\/wp\/v2\/comments?post=3245"}],"wp:featuredmedia":[{"embeddable":true,"href":"https:\/\/atalu.cn\/fr\/wp-json\/wp\/v2\/media\/2606"}],"wp:attachment":[{"href":"https:\/\/atalu.cn\/fr\/wp-json\/wp\/v2\/media?parent=3245"}],"wp:term":[{"taxonomy":"product_cat","embeddable":true,"href":"https:\/\/atalu.cn\/fr\/wp-json\/wp\/v2\/product_cat?post=3245"},{"taxonomy":"product_tag","embeddable":true,"href":"https:\/\/atalu.cn\/fr\/wp-json\/wp\/v2\/product_tag?post=3245"},{"taxonomy":"product_brands","embeddable":true,"href":"https:\/\/atalu.cn\/fr\/wp-json\/wp\/v2\/product_brands?post=3245"}],"curies":[{"name":"wp","href":"https:\/\/api.w.org\/{rel}","templated":true}]}}