{"id":3210,"date":"2024-05-05T20:31:19","date_gmt":"2024-05-05T12:31:19","guid":{"rendered":"http:\/\/localhost:8012\/product\/matt-color-coated-aluminum-sheet"},"modified":"2024-05-05T20:31:19","modified_gmt":"2024-05-05T12:31:19","slug":"matt-color-coated-aluminum-sheet","status":"publish","type":"product","link":"https:\/\/atalu.cn\/it\/matt-color-coated-aluminum-sheet","title":{"rendered":"Lastra di alluminio rivestita di colore opaco"},"content":{"rendered":"<p><input id=\"productID\" name=\"productID\" type=\"hidden\" value=\"204836091\"><\/p>\n<p>per vari commercianti.<\/p>\n<p>\u00a0<\/p>\n<p>Vi presentiamo la nostra lastra di alluminio rivestita di colore opaco: un prodotto durevole e versatile per le vostre esigenze aziendali.<\/p>\n<p>\u00a0<\/p>\n<p>Siete alla ricerca di un materiale affidabile e durevole per le vostre esigenze aziendali? Se s\u00ec, allora la nostra lastra di alluminio rivestita di colore opaco \u00e8 la soluzione perfetta per voi. Siamo un rinomato produttore situato in Cina, che produce lastre di alluminio di alta qualit\u00e0 per tutti i tipi di attivit\u00e0.<\/p>\n<p>\u00a0<\/p>\n<p>La nostra lastra di alluminio rivestita di colore opaco \u00e8 un prodotto versatile che pu\u00f2 essere utilizzato per varie applicazioni industriali e commerciali. \u00c8 una soluzione ideale per scopi architettonici e decorativi, oltre che per creare prodotti finiti di alta qualit\u00e0 per le esigenze dell'edilizia.<\/p>\n<p>\u00a0<\/p>\n<p>Nei nostri stabilimenti di produzione, utilizziamo una tecnologia di produzione avanzata per garantire la produzione di lastre di alluminio di qualit\u00e0 superiore. La nostra lastra di alluminio rivestita di colore opaco \u00e8 trattata con un rivestimento speciale che le conferisce un aspetto estetico e una durata in grado di resistere a condizioni atmosferiche difficili, alla corrosione e all'abrasione.<\/p>\n<p>\u00a0<\/p>\n<p>Vantaggi principali della nostra lastra di alluminio rivestita di colore opaco<\/p>\n<p>\u00a0<\/p>\n<p>1. Durata: La nostra lastra di alluminio rivestita di colore opaco \u00e8 progettata per resistere a condizioni ambientali difficili, come temperature estreme e umidit\u00e0. Non si corrode facilmente e non perde la sua lucentezza, il che lo rende una scelta perfetta per pannelli decorativi esterni, strutture architettoniche ed esterni di edifici.<\/p>\n<p>\u00a0<\/p>\n<p>2. Versatilit\u00e0: La nostra lastra di alluminio rivestita di colore opaco \u00e8 disponibile in un'ampia gamma di colori e finiture che potete scegliere in base alle vostre esigenze aziendali. Che siate alla ricerca di una finitura opaca o di una superficie lucida e riflettente, possiamo personalizzare il vostro ordine per soddisfare le vostre esigenze.<\/p>\n<p>\u00a0<\/p>\n<p>3. Facile da lavorare: il nostro foglio di alluminio rivestito di colore opaco \u00e8 facile da installare, fabbricare e tagliare. \u00c8 leggera, quindi facile da trasportare e da maneggiare, e pu\u00f2 essere personalizzata in qualsiasi forma o dimensione. \u00c8 possibile utilizzarla per rivestimenti di pareti, coperture, pannelli per soffitti, facciate e qualsiasi altra applicazione che richieda materiali versatili.<\/p>\n<p>\u00a0<\/p>\n<p>4. Bassa manutenzione: La nostra lastra di alluminio rivestita di colore opaco richiede una manutenzione minima. \u00c8 facile da pulire con acqua e sapone e non richiede alcuna soluzione di pulizia speciale.<\/p>\n<p>\u00a0<\/p>\n<p>5. Ecologico: La nostra lastra di alluminio rivestita di colore opaco \u00e8 un materiale ecologico realizzato con alluminio riciclabile 100%. Non rilascia sostanze pericolose e quindi \u00e8 sicuro per l'uomo e per l'ambiente.<\/p>\n<p>\u00a0<\/p>\n<p>Perch\u00e9 scegliere la nostra lastra di alluminio rivestita di colore opaco?<\/p>\n<p>\u00a0<\/p>\n<p>1. Prodotto di alta qualit\u00e0: Produciamo le nostre lastre di alluminio rivestite di colore opaco con standard di qualit\u00e0 eccezionali che non hanno eguali sul mercato. I nostri prodotti sono sottoposti a rigorosi test di qualit\u00e0 per garantire che soddisfino gli standard desiderati.<\/p>\n<p>\u00a0<\/p>\n<p>2. Prezzi competitivi: Offriamo i nostri prodotti a prezzi ragionevoli per aiutare le aziende a risparmiare sui costi senza compromettere la qualit\u00e0.<\/p>\n<p>\u00a0<\/p>\n<p>3. Servizio clienti: Abbiamo un team di professionisti dell'assistenza clienti che sono sempre disponibili ad assistervi in tutte le vostre domande e preoccupazioni. Ci impegniamo a fornire un eccellente servizio clienti per garantire che i nostri clienti siano soddisfatti di ogni acquisto.<\/p>\n<p>\u00a0<\/p>\n<p>4. Servizi di consegna rapidi: Disponiamo di una rete di fornitura ben consolidata che ci consente di consegnare gli ordini ai nostri clienti in tempi rapidi. Ci assicuriamo che i vostri ordini siano consegnati in tempo e in buone condizioni.<\/p>\n<p>\u00a0<\/p>\n<p>Conclusione<\/p>\n<p>\u00a0<\/p>\n<p>La nostra lastra di alluminio rivestita di colore opaco \u00e8 un materiale eccellente per varie esigenze commerciali. Grazie alle sue caratteristiche di durata, versatilit\u00e0 e bassa manutenzione, \u00e8 una soluzione perfetta per tutte le vostre esigenze di costruzione. Contattateci oggi stesso per ordinare la vostra lastra di alluminio rivestita di colore opaco e sperimentate i vantaggi di questo prodotto di alta qualit\u00e0.<\/p>\n<p>\u00a0<\/p>\n<p>\u00a0<\/p>\n<div class=\"wmkc-template-7\">\n<h5>Descrizione dei prodotti<\/h5>\n<\/div>\n<p>\u00a0<\/p>\n<p>La lamiera di alluminio rivestita di colore opaco \u00e8 un tipo di lamiera di alluminio con finitura opaca e rivestita di un colore speciale. La finitura opaca \u00e8 ottenuta grazie all'uso di uno speciale rivestimento che diffonde la luce e ne impedisce il riflesso sulla superficie, rendendola ideale per l'uso in applicazioni in cui non \u00e8 auspicabile un'elevata riflettivit\u00e0.<br \/>\n\u00a0<\/p>\n<div class=\"wmkc-template-7\">\n<h5>Informazioni sui prodotti<\/h5>\n<\/div>\n<p>\u00a0<\/p>\n<p>La lastra di alluminio utilizzata per la lastra di alluminio rivestita di colore opaco \u00e8 realizzata in lega di alluminio di alta qualit\u00e0, che le conferisce un'eccellente resistenza e durata. \u00c8 leggera, resistente alla corrosione e in grado di sopportare condizioni climatiche avverse, il che la rende adatta all'uso in una variet\u00e0 di applicazioni.<\/p>\n<p>Lo speciale rivestimento colorato utilizzato per le lastre di alluminio rivestite di colore opaco viene applicato mediante un processo di roll-coating. In questo modo si garantisce che il rivestimento sia uniforme e aderisca saldamente alla superficie della lastra di alluminio. Il rivestimento viene poi polimerizzato ad alta temperatura per garantire che si leghi completamente alla superficie dell'alluminio.<\/p>\n<p>\u00a0<\/p>\n<div class=\"wmkc-template-7\">\n<h5>Vantaggi dei prodotti<\/h5>\n<\/div>\n<p>\u00a0<\/p>\n<p>La lastra di alluminio rivestita di colore Matt \u00e8 disponibile in un'ampia gamma di colori, tra cui nero, bianco, grigio e altre tonalit\u00e0. Ci\u00f2 la rende una scelta popolare per l'uso in applicazioni architettoniche e decorative, dove il coordinamento dei colori \u00e8 importante.<\/p>\n<p>Oltre al suo fascino estetico, la lastra di alluminio rivestita di colore opaco offre anche un'eccellente durata e resistenza agli agenti atmosferici. Resiste allo sbiadimento, alle crepe e alle scrostature, anche in condizioni climatiche avverse, e ci\u00f2 la rende una scelta affidabile per le applicazioni esterne.<\/p>\n<p>Nel complesso, la lamiera di alluminio rivestita di colore opaco \u00e8 un materiale versatile che offre una combinazione unica di durata, estetica e resistenza agli agenti atmosferici. Utilizzata in architettura, nel settore automobilistico o in altre applicazioni, rappresenta una soluzione economica e affidabile per un'ampia gamma di esigenze.<\/p>\n<p class=\"productsTags\"> Hot Tags: lamiera di alluminio rivestita di colore opaco, Cina lamiera di alluminio rivestita di colore opaco produttori, fornitori, fabbrica,  <a href=\"\/it\/showroom\/uv-reflective-aluminum-sheet\/\" target=\"_blank\" title=\"lamiera di alluminio riflettente uv\" rel=\"noopener\">lamiera di alluminio riflettente uv<\/a>, <a href=\"\/it\/showroom\/20mm-aluminium-sheet\/\" target=\"_blank\" title=\"Lamiera di alluminio da 20 mm\" rel=\"noopener\">Lamiera di alluminio da 20 mm<\/a>, <a href=\"\/it\/showroom\/aluminum-honeycomb-sheet\/\" target=\"_blank\" title=\"foglio di alluminio a nido d&#039;ape\" rel=\"noopener\">foglio di alluminio a nido d'ape<\/a>, <a href=\"\/it\/showroom\/4mm-aluminium-sheet\/\" target=\"_blank\" title=\"Lamiera di alluminio da 4 mm\" rel=\"noopener\">Lamiera di alluminio da 4 mm<\/a>, <a href=\"\/it\/showroom\/12mm-aluminium-plate\/\" target=\"_blank\" title=\"Piastra di alluminio da 12 mm\" rel=\"noopener\">Piastra di alluminio da 12 mm<\/a>, <a href=\"\/it\/showroom\/mill-finish-aluminum-sheet\/\" target=\"_blank\" title=\"lamiera di alluminio con finitura a fresa\" rel=\"noopener\">lamiera di alluminio con finitura a fresa<\/a> <\/p>\n<p><\/input><\/p>","protected":false},"excerpt":{"rendered":"<p class=\"pdshow-r-text\">Descrizione dei prodotti La lamiera di alluminio rivestita di colore opaco \u00e8 un tipo di lamiera di alluminio con finitura opaca e rivestita di un colore speciale. La finitura opaca \u00e8 ottenuta grazie all'uso di uno speciale rivestimento che diffonde la luce e ne impedisce il riflesso sulla superficie, rendendola ideale...<\/p>","protected":false},"featured_media":2107,"comment_status":"closed","ping_status":"open","template":"","meta":{"_gspb_post_css":""},"product_cat":[23,31],"product_tag":[],"product_brands":[],"class_list":{"0":"post-3210","1":"product","2":"type-product","3":"status-publish","4":"has-post-thumbnail","6":"product_cat-aluminum-sheet","7":"product_cat-prepainted-aluminum-sheet","9":"first","10":"instock","11":"product-type-simple"},"featured_image_urls":{"full":["https:\/\/atalu.cn\/wp-content\/uploads\/2024\/05\/matt-color-coated-aluminum-sheet.webp",730,730,false],"thumbnail":["https:\/\/atalu.cn\/wp-content\/uploads\/2024\/05\/matt-color-coated-aluminum-sheet-150x150.webp",150,150,true],"medium":["https:\/\/atalu.cn\/wp-content\/uploads\/2024\/05\/matt-color-coated-aluminum-sheet-300x300.webp",300,300,true],"medium_large":["https:\/\/atalu.cn\/wp-content\/uploads\/2024\/05\/matt-color-coated-aluminum-sheet.webp",730,730,false],"large":["https:\/\/atalu.cn\/wp-content\/uploads\/2024\/05\/matt-color-coated-aluminum-sheet.webp",730,730,false],"gs-tiny":["https:\/\/atalu.cn\/wp-content\/uploads\/2024\/05\/matt-color-coated-aluminum-sheet.webp",50,50,false],"xl":["https:\/\/atalu.cn\/wp-content\/uploads\/2024\/05\/matt-color-coated-aluminum-sheet.webp",730,730,false],"xxl":["https:\/\/atalu.cn\/wp-content\/uploads\/2024\/05\/matt-color-coated-aluminum-sheet.webp",730,730,false],"xxxl":["https:\/\/atalu.cn\/wp-content\/uploads\/2024\/05\/matt-color-coated-aluminum-sheet.webp",730,730,false],"xxxxl":["https:\/\/atalu.cn\/wp-content\/uploads\/2024\/05\/matt-color-coated-aluminum-sheet.webp",730,730,false],"xxxxxl":["https:\/\/atalu.cn\/wp-content\/uploads\/2024\/05\/matt-color-coated-aluminum-sheet.webp",730,730,false],"1536x1536":["https:\/\/atalu.cn\/wp-content\/uploads\/2024\/05\/matt-color-coated-aluminum-sheet.webp",730,730,false],"2048x2048":["https:\/\/atalu.cn\/wp-content\/uploads\/2024\/05\/matt-color-coated-aluminum-sheet.webp",730,730,false],"trp-custom-language-flag":["https:\/\/atalu.cn\/wp-content\/uploads\/2024\/05\/matt-color-coated-aluminum-sheet.webp",12,12,false],"woocommerce_archive_thumbnail":["https:\/\/atalu.cn\/wp-content\/uploads\/2024\/05\/matt-color-coated-aluminum-sheet-500x500.webp",500,500,true],"woocommerce_thumbnail":["https:\/\/atalu.cn\/wp-content\/uploads\/2024\/05\/matt-color-coated-aluminum-sheet-300x300.webp",300,300,true],"woocommerce_single":["https:\/\/atalu.cn\/wp-content\/uploads\/2024\/05\/matt-color-coated-aluminum-sheet-600x600.webp",600,600,true],"woocommerce_gallery_thumbnail":["https:\/\/atalu.cn\/wp-content\/uploads\/2024\/05\/matt-color-coated-aluminum-sheet-100x100.webp",100,100,true]},"post_excerpt_stackable":"<p class=\"pdshow-r-text\">Products Description Matt color coated aluminum sheet is a type of aluminum sheet that has a matte finish and is coated with a special color. The matte finish is achieved by the use of a special coating that diffuses the light and prevents it from reflecting off the surface, which makes it ideal&#8230;<\/p>\n","category_list":"","author_info":{"name":"","url":""},"comments_num":"0 commenti","_links":{"self":[{"href":"https:\/\/atalu.cn\/it\/wp-json\/wp\/v2\/product\/3210","targetHints":{"allow":["GET"]}}],"collection":[{"href":"https:\/\/atalu.cn\/it\/wp-json\/wp\/v2\/product"}],"about":[{"href":"https:\/\/atalu.cn\/it\/wp-json\/wp\/v2\/types\/product"}],"replies":[{"embeddable":true,"href":"https:\/\/atalu.cn\/it\/wp-json\/wp\/v2\/comments?post=3210"}],"wp:featuredmedia":[{"embeddable":true,"href":"https:\/\/atalu.cn\/it\/wp-json\/wp\/v2\/media\/2107"}],"wp:attachment":[{"href":"https:\/\/atalu.cn\/it\/wp-json\/wp\/v2\/media?parent=3210"}],"wp:term":[{"taxonomy":"product_cat","embeddable":true,"href":"https:\/\/atalu.cn\/it\/wp-json\/wp\/v2\/product_cat?post=3210"},{"taxonomy":"product_tag","embeddable":true,"href":"https:\/\/atalu.cn\/it\/wp-json\/wp\/v2\/product_tag?post=3210"},{"taxonomy":"product_brands","embeddable":true,"href":"https:\/\/atalu.cn\/it\/wp-json\/wp\/v2\/product_brands?post=3210"}],"curies":[{"name":"wp","href":"https:\/\/api.w.org\/{rel}","templated":true}]}}