{"id":578,"date":"2024-04-30T13:34:04","date_gmt":"2024-04-30T05:34:04","guid":{"rendered":"http:\/\/localhost:8012\/?page_id=578"},"modified":"2024-04-30T13:34:13","modified_gmt":"2024-04-30T05:34:13","slug":"company-advantages","status":"publish","type":"page","link":"https:\/\/atalu.cn\/pt\/company-advantages","title":{"rendered":"Vantagens da empresa"},"content":{"rendered":"<table border=\"0\" width=\"100%\" cellspacing=\"0\">\n<tbody>\n<tr class=\"firstRow\">\n<td align=\"center\" valign=\"middle\" width=\"374\"><img loading=\"lazy\" decoding=\"async\" title=\"1Equipamento de produ\u00e7\u00e3o(001)\" src=\"https:\/\/atalu.cn\/wp-content\/uploads\/replace\/cc4330fdb7b0f94a91f03d40aa0692e9.jpeg\" alt=\"1Production Equipment(001)\" width=\"500\" height=\"345\" \/><\/td>\n<td align=\"center\" valign=\"middle\" width=\"374\"><img loading=\"lazy\" decoding=\"async\" title=\"2Controlo de produ\u00e7\u00e3o(001)\" src=\"https:\/\/atalu.cn\/wp-content\/uploads\/replace\/4b01b3461def849303aa0771d81a80b3.jpeg\" alt=\"2Production inspection(001)\" width=\"500\" height=\"345\" \/><\/td>\n<\/tr>\n<tr>\n<td align=\"center\" valign=\"middle\" width=\"374\"><strong>Equipamento de produ\u00e7\u00e3o<\/strong><\/td>\n<td align=\"center\" valign=\"middle\" width=\"374\"><strong>Controlo da produ\u00e7\u00e3o<\/strong><\/td>\n<\/tr>\n<tr>\n<td align=\"center\" valign=\"middle\" width=\"374\"><\/td>\n<td align=\"center\" valign=\"middle\" width=\"374\"><\/td>\n<\/tr>\n<tr>\n<td align=\"center\" valign=\"middle\" width=\"374\"><img loading=\"lazy\" decoding=\"async\" title=\"3laborat\u00f3rio(001)\" src=\"https:\/\/atalu.cn\/wp-content\/uploads\/replace\/35c513acd80dadf50b9df1600b85db13.jpeg\" alt=\"3laboratory(001)\" width=\"500\" height=\"345\" \/><\/td>\n<td align=\"center\" valign=\"middle\" width=\"374\"><img loading=\"lazy\" decoding=\"async\" title=\"4equipamento de laborat\u00f3rio(001)\" src=\"https:\/\/atalu.cn\/wp-content\/uploads\/replace\/34bc967e69e1ed5d4078f4345d281261.jpeg\" alt=\"4laboratory equipment(001)\" width=\"500\" height=\"345\" \/><\/td>\n<\/tr>\n<tr>\n<td align=\"center\" valign=\"middle\" width=\"374\"><strong>Laborat\u00f3rio<\/strong><\/td>\n<td align=\"center\" valign=\"middle\" width=\"374\"><strong>Equipamento de laborat\u00f3rio<\/strong><\/td>\n<\/tr>\n<\/tbody>\n<\/table>\n<p><strong>Equipamento de produ\u00e7\u00e3o<\/strong><\/p>\n<p>Introdu\u00e7\u00e3o de 5 linhas autom\u00e1ticas de produ\u00e7\u00e3o de revestimento de rolos de tr\u00eas revestimentos e tr\u00eas cozeduras da Alemanha<\/p>\n<p>O primeiro na China a introduzir uma linha de produ\u00e7\u00e3o autom\u00e1tica de revestimento de rolos capaz de produzir 4,0mmx2600mmxC<\/p>\n<p>Mais de 1000 tipos de rolos de impress\u00e3o<\/p>\n<p>2 linhas de produ\u00e7\u00e3o de pulveriza\u00e7\u00e3o autom\u00e1tica<\/p>\n<p>4 linhas de corte autom\u00e1tico de alta velocidade<\/p>\n<p>12 linhas de corte transversal de precis\u00e3o<\/p>\n<p>6 linhas de relevo<\/p>\n<p><strong>Profissional<\/strong><\/p>\n<p>H\u00e1 20 anos que nos concentramos na ind\u00fastria de revestimento e pass\u00e1mos uma s\u00e9rie de certifica\u00e7\u00f5es de sistemas abrangentes. As nossas 8 linhas de produ\u00e7\u00e3o avan\u00e7adas e totalmente autom\u00e1ticas de alta velocidade adoptam o processo internacional avan\u00e7ado de tr\u00eas revestimentos e dois processos de cozedura.<\/p>\n<p><strong>Qualidade<\/strong><\/p>\n<p>Certificado pelo Gabinete de Ci\u00eancia e Tecnologia, foi criado o \"centro de investiga\u00e7\u00e3o de tecnologia de engenharia ou placa de alum\u00ednio revestida a cores\", que controla rigorosamente o processo de produ\u00e7\u00e3o (8-16 processos de inspe\u00e7\u00e3o), melhora de forma inovadora o processo de produ\u00e7\u00e3o, assegura a estabilidade ou a qualidade do produto e a investiga\u00e7\u00e3o e desenvolvimento de novos produtos.<\/p>\n<p><strong>For\u00e7a<\/strong><\/p>\n<p>A tecnologia ATALU defende o conceito de \"zero defeito\" e \"respons\u00e1vel pelos clientes\" e produz em estrita conformidade com as normas de gest\u00e3o da qualidade. Utilizamos produtos de grandes fabricantes nacionais de alum\u00ednio, como a Sinal e a Chinalco, e formamos alian\u00e7as de coopera\u00e7\u00e3o com os principais fornecedores de revestimentos.<\/p>","protected":false},"excerpt":{"rendered":"<p>Production Equipment Production inspection Laboratory Laboratory equipment Production Equipment Introduced 5 automatic roller coating production lines of three-coating and three-baking from Germany The first in China to introduce a roller coating automatic production line capable of producing 4.0mmx2600mmxC More than 1000 kinds of printing rollers 2 automatic spraying production lines 4 high-speed automatic slitting lines [&hellip;]<\/p>","protected":false},"author":1,"featured_media":582,"parent":0,"menu_order":0,"comment_status":"closed","ping_status":"closed","template":"","meta":{"_gspb_post_css":"","footnotes":""},"class_list":["post-578","page","type-page","status-publish","has-post-thumbnail","hentry"],"blocksy_meta":[],"featured_image_urls":{"full":["https:\/\/atalu.cn\/wp-content\/uploads\/replace\/34bc967e69e1ed5d4078f4345d281261.jpeg",500,345,false],"thumbnail":["https:\/\/atalu.cn\/wp-content\/uploads\/replace\/34bc967e69e1ed5d4078f4345d281261.jpeg",150,104,false],"medium":["https:\/\/atalu.cn\/wp-content\/uploads\/replace\/34bc967e69e1ed5d4078f4345d281261.jpeg",300,207,false],"medium_large":["https:\/\/atalu.cn\/wp-content\/uploads\/replace\/34bc967e69e1ed5d4078f4345d281261.jpeg",500,345,false],"large":["https:\/\/atalu.cn\/wp-content\/uploads\/replace\/34bc967e69e1ed5d4078f4345d281261.jpeg",500,345,false],"gs-tiny":["https:\/\/atalu.cn\/wp-content\/uploads\/replace\/34bc967e69e1ed5d4078f4345d281261.jpeg",50,35,false],"xl":["https:\/\/atalu.cn\/wp-content\/uploads\/replace\/34bc967e69e1ed5d4078f4345d281261.jpeg",500,345,false],"xxl":["https:\/\/atalu.cn\/wp-content\/uploads\/replace\/34bc967e69e1ed5d4078f4345d281261.jpeg",500,345,false],"xxxl":["https:\/\/atalu.cn\/wp-content\/uploads\/replace\/34bc967e69e1ed5d4078f4345d281261.jpeg",500,345,false],"xxxxl":["https:\/\/atalu.cn\/wp-content\/uploads\/replace\/34bc967e69e1ed5d4078f4345d281261.jpeg",500,345,false],"xxxxxl":["https:\/\/atalu.cn\/wp-content\/uploads\/replace\/34bc967e69e1ed5d4078f4345d281261.jpeg",500,345,false],"1536x1536":["https:\/\/atalu.cn\/wp-content\/uploads\/replace\/34bc967e69e1ed5d4078f4345d281261.jpeg",500,345,false],"2048x2048":["https:\/\/atalu.cn\/wp-content\/uploads\/replace\/34bc967e69e1ed5d4078f4345d281261.jpeg",500,345,false],"trp-custom-language-flag":["https:\/\/atalu.cn\/wp-content\/uploads\/replace\/34bc967e69e1ed5d4078f4345d281261.jpeg",18,12,false],"woocommerce_archive_thumbnail":["https:\/\/atalu.cn\/wp-content\/uploads\/replace\/34bc967e69e1ed5d4078f4345d281261.jpeg",500,345,false],"woocommerce_thumbnail":["https:\/\/atalu.cn\/wp-content\/uploads\/replace\/34bc967e69e1ed5d4078f4345d281261-300x300.jpeg",300,300,true],"woocommerce_single":["https:\/\/atalu.cn\/wp-content\/uploads\/replace\/34bc967e69e1ed5d4078f4345d281261.jpeg",500,345,false],"woocommerce_gallery_thumbnail":["https:\/\/atalu.cn\/wp-content\/uploads\/replace\/34bc967e69e1ed5d4078f4345d281261-100x100.jpeg",100,100,true]},"post_excerpt_stackable":"<p>Production Equipment Production inspection Laboratory Laboratory equipment Production Equipment Introduced 5 automatic roller coating production lines of three-coating and three-baking from Germany The first in China to introduce a roller coating automatic production line capable of producing 4.0mmx2600mmxC More than 1000 kinds of printing rollers 2 automatic spraying production lines 4 high-speed automatic slitting lines 12 precision crosscutting lines 6 embossing lines Professional We have focused on the coating industry for 20 years, and have passed a series of comprehensive system certification. Our advanced 8 fully automatic high-speed production lines adopt the international advanced three coating and two baking process.&hellip;<\/p>\n","category_list":"","author_info":{"name":"aydenzeng","url":"https:\/\/atalu.cn\/pt\/author\/aydenzeng"},"comments_num":"0 comments","_links":{"self":[{"href":"https:\/\/atalu.cn\/pt\/wp-json\/wp\/v2\/pages\/578","targetHints":{"allow":["GET"]}}],"collection":[{"href":"https:\/\/atalu.cn\/pt\/wp-json\/wp\/v2\/pages"}],"about":[{"href":"https:\/\/atalu.cn\/pt\/wp-json\/wp\/v2\/types\/page"}],"author":[{"embeddable":true,"href":"https:\/\/atalu.cn\/pt\/wp-json\/wp\/v2\/users\/1"}],"replies":[{"embeddable":true,"href":"https:\/\/atalu.cn\/pt\/wp-json\/wp\/v2\/comments?post=578"}],"version-history":[{"count":1,"href":"https:\/\/atalu.cn\/pt\/wp-json\/wp\/v2\/pages\/578\/revisions"}],"predecessor-version":[{"id":583,"href":"https:\/\/atalu.cn\/pt\/wp-json\/wp\/v2\/pages\/578\/revisions\/583"}],"wp:featuredmedia":[{"embeddable":true,"href":"https:\/\/atalu.cn\/pt\/wp-json\/wp\/v2\/media\/582"}],"wp:attachment":[{"href":"https:\/\/atalu.cn\/pt\/wp-json\/wp\/v2\/media?parent=578"}],"curies":[{"name":"wp","href":"https:\/\/api.w.org\/{rel}","templated":true}]}}