{"id":3169,"date":"2024-05-05T20:31:13","date_gmt":"2024-05-05T12:31:13","guid":{"rendered":"http:\/\/localhost:8012\/product\/color-coated-aluminum-truck-body-sheet"},"modified":"2024-05-05T20:31:13","modified_gmt":"2024-05-05T12:31:13","slug":"color-coated-aluminum-truck-body-sheet","status":"publish","type":"product","link":"https:\/\/atalu.cn\/pt\/color-coated-aluminum-truck-body-sheet","title":{"rendered":"Chapa de alum\u00ednio revestida de cor para carroceria de caminh\u00e3o"},"content":{"rendered":"<p><input id=\"productID\" name=\"productID\" type=\"hidden\" value=\"209493638\"><\/p>\n<p>A chapa de alum\u00ednio revestida a cores para carro\u00e7aria de cami\u00e3o \u00e9 um material leve e dur\u00e1vel utilizado para o fabrico de cami\u00f5es e reboques. Este produto \u00e9 feito de alum\u00ednio de alta qualidade, que \u00e9 revestido com uma camada de tinta para fornecer prote\u00e7\u00e3o contra ferrugem e corros\u00e3o. O revestimento a cores n\u00e3o s\u00f3 melhora o aspeto da carro\u00e7aria do cami\u00e3o, como tamb\u00e9m proporciona resist\u00eancia adicional \u00e0s intemp\u00e9ries e isolamento.<\/p>\n<p>A chapa de carro\u00e7aria de cami\u00e3o em alum\u00ednio revestido a cores oferece v\u00e1rios benef\u00edcios em rela\u00e7\u00e3o aos materiais tradicionais de a\u00e7o ou madeira. Em primeiro lugar, \u00e9 significativamente mais leve do que o a\u00e7o, o que proporciona efici\u00eancia de combust\u00edvel e reduz o peso total do ve\u00edculo. Em segundo lugar, o alum\u00ednio \u00e9 inerentemente resistente \u00e0 corros\u00e3o, reduzindo os custos de manuten\u00e7\u00e3o e prolongando a vida \u00fatil da carro\u00e7aria do cami\u00e3o. Al\u00e9m disso, as suas excelentes propriedades de isolamento t\u00e9rmico e ac\u00fastico fazem dele o material preferido para cami\u00f5es e reboques refrigerados.<\/p>\n<p>A chapa de alum\u00ednio com revestimento colorido para carroceria de caminh\u00e3o est\u00e1 dispon\u00edvel em uma variedade de cores, acabamentos e larguras, tornando-a altamente personaliz\u00e1vel para atender \u00e0s necessidades exclusivas de cada cliente. \u00c9 f\u00e1cil de trabalhar e pode ser cortada, dobrada e moldada para se adaptar aos requisitos de design espec\u00edficos do cami\u00e3o ou do reboque. O produto tamb\u00e9m \u00e9 amigo do ambiente, uma vez que \u00e9 recicl\u00e1vel, tornando-o numa escolha sustent\u00e1vel tanto para os fabricantes como para os consumidores.<\/p>\n<p>Em conclus\u00e3o, a chapa de alum\u00ednio revestida a cores para carro\u00e7arias de cami\u00f5es \u00e9 um material fi\u00e1vel, econ\u00f3mico e vers\u00e1til que oferece in\u00fameras vantagens aos fabricantes de cami\u00f5es e reboques. A sua leveza, durabilidade, resist\u00eancia \u00e0 corros\u00e3o e propriedades de isolamento fazem dele a escolha preferida para uma variedade de aplica\u00e7\u00f5es. Al\u00e9m disso, as suas op\u00e7\u00f5es personaliz\u00e1veis de cor e acabamento proporcionam versatilidade no design e melhoram o aspeto da carro\u00e7aria do cami\u00e3o.<\/p>\n<p class=\"productsTags\"> Hot Tags: folha de carroceria de caminh\u00e3o de alum\u00ednio revestido de cor, fabricantes, fornecedores, f\u00e1brica de folha de carroceria de caminh\u00e3o de alum\u00ednio revestido de cor na China,  <a href=\"\/pt\/showroom\/3-0mm-color-coated-aluminum-wood-grain-sheet\/\" target=\"_blank\" title=\"Chapa de alum\u00ednio com revestimento de cor de 3 0mm para madeira\" rel=\"noopener\">Chapa de alum\u00ednio com revestimento de cor de 3 0mm para madeira<\/a>, <a href=\"\/pt\/showroom\/14-gauge-aluminum-sheet-metal\/\" target=\"_blank\" title=\"Chapa de alum\u00ednio de calibre 14\" rel=\"noopener\">Chapa de alum\u00ednio de calibre 14<\/a>, <a href=\"\/pt\/showroom\/aligloss-composite-panel\/\" target=\"_blank\" title=\"painel comp\u00f3sito aligloss\" rel=\"noopener\">painel comp\u00f3sito aligloss<\/a>, <a href=\"\/pt\/showroom\/laser-aluminum-plate\/\" target=\"_blank\" title=\"placa de alum\u00ednio para laser\" rel=\"noopener\">placa de alum\u00ednio para laser<\/a>, <a href=\"\/pt\/showroom\/patterned-aluminum-panels\/\" target=\"_blank\" title=\"pain\u00e9is de alum\u00ednio com padr\u00e3o\" rel=\"noopener\">pain\u00e9is de alum\u00ednio com padr\u00e3o<\/a>, <a href=\"\/pt\/showroom\/aluminium-sheet-metal-fabrication\/\" target=\"_blank\" title=\"fabrico de chapas de alum\u00ednio\" rel=\"noopener\">fabrico de chapas de alum\u00ednio<\/a> <\/p>\n<p><\/input><\/p>","protected":false},"excerpt":{"rendered":"<p class=\"pdshow-r-text\">A chapa de alum\u00ednio revestida a cores para carro\u00e7aria de cami\u00e3o \u00e9 um material leve e dur\u00e1vel utilizado para o fabrico de cami\u00f5es e reboques. Este produto \u00e9 feito de alum\u00ednio de alta qualidade, que \u00e9 revestido com uma camada de tinta para fornecer prote\u00e7\u00e3o contra ferrugem e corros\u00e3o. O revestimento de cor n\u00e3o s\u00f3 melhora...<\/p>","protected":false},"featured_media":2696,"comment_status":"closed","ping_status":"open","template":"","meta":{"_gspb_post_css":""},"product_cat":[23,31],"product_tag":[],"product_brands":[],"class_list":{"0":"post-3169","1":"product","2":"type-product","3":"status-publish","4":"has-post-thumbnail","6":"product_cat-aluminum-sheet","7":"product_cat-prepainted-aluminum-sheet","9":"first","10":"instock","11":"product-type-simple"},"featured_image_urls":{"full":["https:\/\/atalu.cn\/wp-content\/uploads\/2024\/05\/color-coated-aluminum-truck-body-sheet.webp",730,730,false],"thumbnail":["https:\/\/atalu.cn\/wp-content\/uploads\/2024\/05\/color-coated-aluminum-truck-body-sheet-150x150.webp",150,150,true],"medium":["https:\/\/atalu.cn\/wp-content\/uploads\/2024\/05\/color-coated-aluminum-truck-body-sheet-300x300.webp",300,300,true],"medium_large":["https:\/\/atalu.cn\/wp-content\/uploads\/2024\/05\/color-coated-aluminum-truck-body-sheet.webp",730,730,false],"large":["https:\/\/atalu.cn\/wp-content\/uploads\/2024\/05\/color-coated-aluminum-truck-body-sheet.webp",730,730,false],"gs-tiny":["https:\/\/atalu.cn\/wp-content\/uploads\/2024\/05\/color-coated-aluminum-truck-body-sheet.webp",50,50,false],"xl":["https:\/\/atalu.cn\/wp-content\/uploads\/2024\/05\/color-coated-aluminum-truck-body-sheet.webp",730,730,false],"xxl":["https:\/\/atalu.cn\/wp-content\/uploads\/2024\/05\/color-coated-aluminum-truck-body-sheet.webp",730,730,false],"xxxl":["https:\/\/atalu.cn\/wp-content\/uploads\/2024\/05\/color-coated-aluminum-truck-body-sheet.webp",730,730,false],"xxxxl":["https:\/\/atalu.cn\/wp-content\/uploads\/2024\/05\/color-coated-aluminum-truck-body-sheet.webp",730,730,false],"xxxxxl":["https:\/\/atalu.cn\/wp-content\/uploads\/2024\/05\/color-coated-aluminum-truck-body-sheet.webp",730,730,false],"1536x1536":["https:\/\/atalu.cn\/wp-content\/uploads\/2024\/05\/color-coated-aluminum-truck-body-sheet.webp",730,730,false],"2048x2048":["https:\/\/atalu.cn\/wp-content\/uploads\/2024\/05\/color-coated-aluminum-truck-body-sheet.webp",730,730,false],"trp-custom-language-flag":["https:\/\/atalu.cn\/wp-content\/uploads\/2024\/05\/color-coated-aluminum-truck-body-sheet.webp",12,12,false],"woocommerce_archive_thumbnail":["https:\/\/atalu.cn\/wp-content\/uploads\/2024\/05\/color-coated-aluminum-truck-body-sheet-500x500.webp",500,500,true],"woocommerce_thumbnail":["https:\/\/atalu.cn\/wp-content\/uploads\/2024\/05\/color-coated-aluminum-truck-body-sheet-300x300.webp",300,300,true],"woocommerce_single":["https:\/\/atalu.cn\/wp-content\/uploads\/2024\/05\/color-coated-aluminum-truck-body-sheet-600x600.webp",600,600,true],"woocommerce_gallery_thumbnail":["https:\/\/atalu.cn\/wp-content\/uploads\/2024\/05\/color-coated-aluminum-truck-body-sheet-100x100.webp",100,100,true]},"post_excerpt_stackable":"<p class=\"pdshow-r-text\">Color coated aluminum truck body sheet is a lightweight and durable material used for manufacturing trucks and trailers. This product is made from high-quality aluminum, which is coated with a layer of paint to provide protection against rust and corrosion. The color coating not only enhances&#8230;<\/p>\n","category_list":"","author_info":{"name":"","url":""},"comments_num":"0 comments","_links":{"self":[{"href":"https:\/\/atalu.cn\/pt\/wp-json\/wp\/v2\/product\/3169","targetHints":{"allow":["GET"]}}],"collection":[{"href":"https:\/\/atalu.cn\/pt\/wp-json\/wp\/v2\/product"}],"about":[{"href":"https:\/\/atalu.cn\/pt\/wp-json\/wp\/v2\/types\/product"}],"replies":[{"embeddable":true,"href":"https:\/\/atalu.cn\/pt\/wp-json\/wp\/v2\/comments?post=3169"}],"wp:featuredmedia":[{"embeddable":true,"href":"https:\/\/atalu.cn\/pt\/wp-json\/wp\/v2\/media\/2696"}],"wp:attachment":[{"href":"https:\/\/atalu.cn\/pt\/wp-json\/wp\/v2\/media?parent=3169"}],"wp:term":[{"taxonomy":"product_cat","embeddable":true,"href":"https:\/\/atalu.cn\/pt\/wp-json\/wp\/v2\/product_cat?post=3169"},{"taxonomy":"product_tag","embeddable":true,"href":"https:\/\/atalu.cn\/pt\/wp-json\/wp\/v2\/product_tag?post=3169"},{"taxonomy":"product_brands","embeddable":true,"href":"https:\/\/atalu.cn\/pt\/wp-json\/wp\/v2\/product_brands?post=3169"}],"curies":[{"name":"wp","href":"https:\/\/api.w.org\/{rel}","templated":true}]}}