{"id":3210,"date":"2024-05-05T20:31:19","date_gmt":"2024-05-05T12:31:19","guid":{"rendered":"http:\/\/localhost:8012\/product\/matt-color-coated-aluminum-sheet"},"modified":"2024-05-05T20:31:19","modified_gmt":"2024-05-05T12:31:19","slug":"matt-color-coated-aluminum-sheet","status":"publish","type":"product","link":"https:\/\/atalu.cn\/pt\/matt-color-coated-aluminum-sheet","title":{"rendered":"Folha de alum\u00ednio revestida a cor mate"},"content":{"rendered":"<p><input id=\"productID\" name=\"productID\" type=\"hidden\" value=\"204836091\"><\/p>\n<p>para v\u00e1rios comerciantes.<\/p>\n<p>\u00a0<\/p>\n<p>Apresentamos a nossa chapa de alum\u00ednio revestida a cor mate - um produto dur\u00e1vel e vers\u00e1til para as suas necessidades comerciais<\/p>\n<p>\u00a0<\/p>\n<p>Est\u00e1 \u00e0 procura de um material fi\u00e1vel e duradouro para as suas necessidades comerciais? Se sim, ent\u00e3o a nossa Folha de Alum\u00ednio Revestida a Cor Mate \u00e9 a solu\u00e7\u00e3o perfeita para si. Somos um fabricante de renome localizado na China, que produz produtos de folha de alum\u00ednio de alta qualidade para todos os tipos de neg\u00f3cios.<\/p>\n<p>\u00a0<\/p>\n<p>A nossa chapa de alum\u00ednio revestida a cor mate \u00e9 um produto vers\u00e1til que pode ser utilizado em v\u00e1rias aplica\u00e7\u00f5es industriais e comerciais. \u00c9 uma solu\u00e7\u00e3o ideal para fins arquitect\u00f3nicos e decorativos, bem como para criar produtos acabados de alta qualidade para necessidades de constru\u00e7\u00e3o.<\/p>\n<p>\u00a0<\/p>\n<p>Nas nossas instala\u00e7\u00f5es de fabrico, utilizamos tecnologia de produ\u00e7\u00e3o avan\u00e7ada para garantir que produzimos chapas de alum\u00ednio de qualidade superior. A nossa Chapa de Alum\u00ednio Revestida a Cor Mate \u00e9 tratada com um revestimento especial que lhe confere um apelo est\u00e9tico e durabilidade que pode suportar condi\u00e7\u00f5es climat\u00e9ricas adversas, corros\u00e3o e abras\u00e3o.<\/p>\n<p>\u00a0<\/p>\n<p>Principais benef\u00edcios da nossa chapa de alum\u00ednio revestida a cor mate<\/p>\n<p>\u00a0<\/p>\n<p>1. Durabilidade: A nossa chapa de alum\u00ednio revestida a cor mate foi concebida para resistir a condi\u00e7\u00f5es ambientais adversas, tais como temperaturas e humidade extremas. N\u00e3o corr\u00f3i facilmente nem perde o brilho, o que a torna uma escolha perfeita para pain\u00e9is decorativos exteriores, estruturas arquitect\u00f3nicas e exteriores de edif\u00edcios.<\/p>\n<p>\u00a0<\/p>\n<p>2. Versatilidade: A nossa folha de alum\u00ednio revestida a cor mate est\u00e1 dispon\u00edvel numa vasta gama de cores e acabamentos que pode escolher em fun\u00e7\u00e3o das suas necessidades comerciais. Quer esteja \u00e0 procura de um acabamento mate ou de uma superf\u00edcie brilhante e reflectora, podemos personalizar a sua encomenda para satisfazer as suas necessidades.<\/p>\n<p>\u00a0<\/p>\n<p>3. F\u00e1cil de trabalhar: Nossa folha de alum\u00ednio revestida de cor mate \u00e9 f\u00e1cil de instalar, fabricar e cortar. \u00c9 leve, tornando-a f\u00e1cil de transportar e manusear, e pode ser personalizada para qualquer forma ou tamanho. Pode ser utilizada para revestimento de paredes, coberturas, pain\u00e9is de teto, fachadas e quaisquer outras aplica\u00e7\u00f5es que exijam materiais vers\u00e1teis.<\/p>\n<p>\u00a0<\/p>\n<p>4. Baixa manuten\u00e7\u00e3o: A nossa chapa de alum\u00ednio revestida a cor mate requer uma manuten\u00e7\u00e3o m\u00ednima. \u00c9 f\u00e1cil de limpar com \u00e1gua e sab\u00e3o e n\u00e3o requer nenhuma solu\u00e7\u00e3o de limpeza especial.<\/p>\n<p>\u00a0<\/p>\n<p>5. Ecologicamente correto: A nossa Folha de Alum\u00ednio Revestida a Cor Mate \u00e9 um material ecol\u00f3gico que \u00e9 feito de alum\u00ednio recicl\u00e1vel 100%. N\u00e3o liberta quaisquer subst\u00e2ncias perigosas, tornando-o seguro para uso humano e para o ambiente.<\/p>\n<p>\u00a0<\/p>\n<p>Porqu\u00ea escolher a nossa chapa de alum\u00ednio revestida a cor mate?<\/p>\n<p>\u00a0<\/p>\n<p>1. Produto de alta qualidade: Produzimos a nossa Folha de Alum\u00ednio Revestida a Cor Mate com padr\u00f5es de qualidade excepcionais que s\u00e3o inigual\u00e1veis no mercado. Os nossos produtos s\u00e3o submetidos a rigorosos testes de qualidade para garantir que cumprem os padr\u00f5es desejados.<\/p>\n<p>\u00a0<\/p>\n<p>2. Pre\u00e7os competitivos: Oferecemos os nossos produtos a pre\u00e7os razo\u00e1veis para ajudar as empresas a poupar nos custos sem comprometer a qualidade.<\/p>\n<p>\u00a0<\/p>\n<p>3. Servi\u00e7o de apoio ao cliente: Temos uma equipa de profissionais de apoio ao cliente que est\u00e3o sempre dispon\u00edveis para o ajudar com todas as suas quest\u00f5es e preocupa\u00e7\u00f5es. Esfor\u00e7amo-nos por prestar um excelente servi\u00e7o ao cliente para garantir que os nossos clientes ficam satisfeitos com cada compra.<\/p>\n<p>\u00a0<\/p>\n<p>4. Servi\u00e7os de entrega r\u00e1pida: Dispomos de uma rede de cadeia de abastecimento bem estabelecida que nos permite entregar prontamente as encomendas aos nossos clientes. Asseguramos que as suas encomendas s\u00e3o entregues a tempo e em boas condi\u00e7\u00f5es.<\/p>\n<p>\u00a0<\/p>\n<p>Conclus\u00e3o<\/p>\n<p>\u00a0<\/p>\n<p>A nossa chapa de alum\u00ednio revestida a cor mate \u00e9 um excelente material para v\u00e1rias necessidades comerciais. Com a sua durabilidade, versatilidade e caracter\u00edsticas de baixa manuten\u00e7\u00e3o, \u00e9 uma solu\u00e7\u00e3o perfeita para todas as suas necessidades de constru\u00e7\u00e3o. Contacte-nos hoje para encomendar a sua Chapa de Alum\u00ednio Revestida a Cor Mate e experimentar os benef\u00edcios deste produto de alta qualidade.<\/p>\n<p>\u00a0<\/p>\n<p>\u00a0<\/p>\n<div class=\"wmkc-template-7\">\n<h5>Descri\u00e7\u00e3o dos produtos<\/h5>\n<\/div>\n<p>\u00a0<\/p>\n<p>A chapa de alum\u00ednio revestida a cor mate \u00e9 um tipo de chapa de alum\u00ednio que tem um acabamento mate e \u00e9 revestida com uma cor especial. O acabamento mate \u00e9 obtido atrav\u00e9s da utiliza\u00e7\u00e3o de um revestimento especial que difunde a luz e impede que esta se reflicta na superf\u00edcie, o que a torna ideal para utiliza\u00e7\u00e3o em aplica\u00e7\u00f5es em que n\u00e3o \u00e9 desej\u00e1vel uma elevada refletividade.<br \/>\n\u00a0<\/p>\n<div class=\"wmkc-template-7\">\n<h5>Informa\u00e7\u00f5es sobre produtos<\/h5>\n<\/div>\n<p>\u00a0<\/p>\n<p>A folha de alum\u00ednio utilizada para a folha de alum\u00ednio revestida a cor mate \u00e9 feita de uma liga de alum\u00ednio de alta qualidade, o que lhe confere uma excelente resist\u00eancia e durabilidade. \u00c9 leve, resistente \u00e0 corros\u00e3o e pode suportar condi\u00e7\u00f5es climat\u00e9ricas adversas, o que a torna adequada para utiliza\u00e7\u00e3o numa variedade de aplica\u00e7\u00f5es.<\/p>\n<p>O revestimento de cor especial utilizado na chapa de alum\u00ednio com revestimento de cor mate \u00e9 aplicado atrav\u00e9s de um processo de revestimento por rolo. Isto assegura que o revestimento \u00e9 uniforme e adere firmemente \u00e0 superf\u00edcie da folha de alum\u00ednio. O revestimento \u00e9 depois curado a uma temperatura elevada para garantir que fica totalmente ligado \u00e0 superf\u00edcie de alum\u00ednio.<\/p>\n<p>\u00a0<\/p>\n<div class=\"wmkc-template-7\">\n<h5>Vantagem dos produtos<\/h5>\n<\/div>\n<p>\u00a0<\/p>\n<p>A folha de alum\u00ednio com revestimento de cor mate est\u00e1 dispon\u00edvel numa vasta gama de cores, incluindo preto, branco, cinzento e outras tonalidades. Isto torna-a uma escolha popular para utiliza\u00e7\u00e3o em aplica\u00e7\u00f5es arquitect\u00f3nicas e decorativas, onde a coordena\u00e7\u00e3o de cores \u00e9 importante.<\/p>\n<p>Para al\u00e9m do seu apelo est\u00e9tico, a folha de alum\u00ednio revestida a cor mate tamb\u00e9m oferece uma excelente durabilidade e resist\u00eancia \u00e0s intemp\u00e9ries. \u00c9 resistente ao desbotamento, \u00e0 fissura\u00e7\u00e3o e \u00e0 descama\u00e7\u00e3o, mesmo em condi\u00e7\u00f5es climat\u00e9ricas adversas, o que a torna uma escolha fi\u00e1vel para aplica\u00e7\u00f5es exteriores.<\/p>\n<p>Em geral, a chapa de alum\u00ednio revestida a cor mate \u00e9 um material vers\u00e1til que oferece uma combina\u00e7\u00e3o \u00fanica de durabilidade, est\u00e9tica e resist\u00eancia \u00e0s intemp\u00e9ries. Quer seja utilizada na arquitetura, no sector autom\u00f3vel ou noutras aplica\u00e7\u00f5es, constitui uma solu\u00e7\u00e3o rent\u00e1vel e fi\u00e1vel para uma vasta gama de necessidades.<\/p>\n<p class=\"productsTags\"> Hot Tags: folha de alum\u00ednio revestida de cor mate, China fabricantes de folha de alum\u00ednio revestida de cor mate, fornecedores, f\u00e1brica,  <a href=\"\/pt\/showroom\/uv-reflective-aluminum-sheet\/\" target=\"_blank\" title=\"chapa de alum\u00ednio refletor uv\" rel=\"noopener\">chapa de alum\u00ednio refletor uv<\/a>, <a href=\"\/pt\/showroom\/20mm-aluminium-sheet\/\" target=\"_blank\" title=\"Folha de alum\u00ednio de 20 mm\" rel=\"noopener\">Folha de alum\u00ednio de 20 mm<\/a>, <a href=\"\/pt\/showroom\/aluminum-honeycomb-sheet\/\" target=\"_blank\" title=\"chapa alveolar de alum\u00ednio\" rel=\"noopener\">chapa alveolar de alum\u00ednio<\/a>, <a href=\"\/pt\/showroom\/4mm-aluminium-sheet\/\" target=\"_blank\" title=\"Chapa de alum\u00ednio de 4 mm\" rel=\"noopener\">Chapa de alum\u00ednio de 4 mm<\/a>, <a href=\"\/pt\/showroom\/12mm-aluminium-plate\/\" target=\"_blank\" title=\"Placa de alum\u00ednio de 12 mm\" rel=\"noopener\">Placa de alum\u00ednio de 12 mm<\/a>, <a href=\"\/pt\/showroom\/mill-finish-aluminum-sheet\/\" target=\"_blank\" title=\"chapa de alum\u00ednio com acabamento de f\u00e1brica\" rel=\"noopener\">chapa de alum\u00ednio com acabamento de f\u00e1brica<\/a> <\/p>\n<p><\/input><\/p>","protected":false},"excerpt":{"rendered":"<p class=\"pdshow-r-text\">Descri\u00e7\u00e3o dos produtos A chapa de alum\u00ednio revestida a cor mate \u00e9 um tipo de chapa de alum\u00ednio que tem um acabamento mate e \u00e9 revestida com uma cor especial. O acabamento mate \u00e9 conseguido atrav\u00e9s da utiliza\u00e7\u00e3o de um revestimento especial que difunde a luz e impede que esta se reflicta na superf\u00edcie, o que a torna ideal...<\/p>","protected":false},"featured_media":2107,"comment_status":"closed","ping_status":"open","template":"","meta":{"_gspb_post_css":""},"product_cat":[23,31],"product_tag":[],"product_brands":[],"class_list":{"0":"post-3210","1":"product","2":"type-product","3":"status-publish","4":"has-post-thumbnail","6":"product_cat-aluminum-sheet","7":"product_cat-prepainted-aluminum-sheet","9":"first","10":"instock","11":"product-type-simple"},"featured_image_urls":{"full":["https:\/\/atalu.cn\/wp-content\/uploads\/2024\/05\/matt-color-coated-aluminum-sheet.webp",730,730,false],"thumbnail":["https:\/\/atalu.cn\/wp-content\/uploads\/2024\/05\/matt-color-coated-aluminum-sheet-150x150.webp",150,150,true],"medium":["https:\/\/atalu.cn\/wp-content\/uploads\/2024\/05\/matt-color-coated-aluminum-sheet-300x300.webp",300,300,true],"medium_large":["https:\/\/atalu.cn\/wp-content\/uploads\/2024\/05\/matt-color-coated-aluminum-sheet.webp",730,730,false],"large":["https:\/\/atalu.cn\/wp-content\/uploads\/2024\/05\/matt-color-coated-aluminum-sheet.webp",730,730,false],"gs-tiny":["https:\/\/atalu.cn\/wp-content\/uploads\/2024\/05\/matt-color-coated-aluminum-sheet.webp",50,50,false],"xl":["https:\/\/atalu.cn\/wp-content\/uploads\/2024\/05\/matt-color-coated-aluminum-sheet.webp",730,730,false],"xxl":["https:\/\/atalu.cn\/wp-content\/uploads\/2024\/05\/matt-color-coated-aluminum-sheet.webp",730,730,false],"xxxl":["https:\/\/atalu.cn\/wp-content\/uploads\/2024\/05\/matt-color-coated-aluminum-sheet.webp",730,730,false],"xxxxl":["https:\/\/atalu.cn\/wp-content\/uploads\/2024\/05\/matt-color-coated-aluminum-sheet.webp",730,730,false],"xxxxxl":["https:\/\/atalu.cn\/wp-content\/uploads\/2024\/05\/matt-color-coated-aluminum-sheet.webp",730,730,false],"1536x1536":["https:\/\/atalu.cn\/wp-content\/uploads\/2024\/05\/matt-color-coated-aluminum-sheet.webp",730,730,false],"2048x2048":["https:\/\/atalu.cn\/wp-content\/uploads\/2024\/05\/matt-color-coated-aluminum-sheet.webp",730,730,false],"trp-custom-language-flag":["https:\/\/atalu.cn\/wp-content\/uploads\/2024\/05\/matt-color-coated-aluminum-sheet.webp",12,12,false],"woocommerce_archive_thumbnail":["https:\/\/atalu.cn\/wp-content\/uploads\/2024\/05\/matt-color-coated-aluminum-sheet-500x500.webp",500,500,true],"woocommerce_thumbnail":["https:\/\/atalu.cn\/wp-content\/uploads\/2024\/05\/matt-color-coated-aluminum-sheet-300x300.webp",300,300,true],"woocommerce_single":["https:\/\/atalu.cn\/wp-content\/uploads\/2024\/05\/matt-color-coated-aluminum-sheet-600x600.webp",600,600,true],"woocommerce_gallery_thumbnail":["https:\/\/atalu.cn\/wp-content\/uploads\/2024\/05\/matt-color-coated-aluminum-sheet-100x100.webp",100,100,true]},"post_excerpt_stackable":"<p class=\"pdshow-r-text\">Products Description Matt color coated aluminum sheet is a type of aluminum sheet that has a matte finish and is coated with a special color. The matte finish is achieved by the use of a special coating that diffuses the light and prevents it from reflecting off the surface, which makes it ideal&#8230;<\/p>\n","category_list":"","author_info":{"name":"","url":""},"comments_num":"0 comments","_links":{"self":[{"href":"https:\/\/atalu.cn\/pt\/wp-json\/wp\/v2\/product\/3210","targetHints":{"allow":["GET"]}}],"collection":[{"href":"https:\/\/atalu.cn\/pt\/wp-json\/wp\/v2\/product"}],"about":[{"href":"https:\/\/atalu.cn\/pt\/wp-json\/wp\/v2\/types\/product"}],"replies":[{"embeddable":true,"href":"https:\/\/atalu.cn\/pt\/wp-json\/wp\/v2\/comments?post=3210"}],"wp:featuredmedia":[{"embeddable":true,"href":"https:\/\/atalu.cn\/pt\/wp-json\/wp\/v2\/media\/2107"}],"wp:attachment":[{"href":"https:\/\/atalu.cn\/pt\/wp-json\/wp\/v2\/media?parent=3210"}],"wp:term":[{"taxonomy":"product_cat","embeddable":true,"href":"https:\/\/atalu.cn\/pt\/wp-json\/wp\/v2\/product_cat?post=3210"},{"taxonomy":"product_tag","embeddable":true,"href":"https:\/\/atalu.cn\/pt\/wp-json\/wp\/v2\/product_tag?post=3210"},{"taxonomy":"product_brands","embeddable":true,"href":"https:\/\/atalu.cn\/pt\/wp-json\/wp\/v2\/product_brands?post=3210"}],"curies":[{"name":"wp","href":"https:\/\/api.w.org\/{rel}","templated":true}]}}