{"id":3300,"date":"2024-05-05T20:31:33","date_gmt":"2024-05-05T12:31:33","guid":{"rendered":"http:\/\/localhost:8012\/product\/wood-grain-pattern-aluminum-coil-for-ceiling"},"modified":"2024-05-19T20:00:41","modified_gmt":"2024-05-19T12:00:41","slug":"wood-grain-pattern-aluminum-coil-for-ceiling","status":"publish","type":"product","link":"https:\/\/atalu.cn\/pt\/wood-grain-pattern-aluminum-coil-for-ceiling","title":{"rendered":"Bobina de alum\u00ednio com padr\u00e3o de gr\u00e3o de madeira para teto"},"content":{"rendered":"<p><input id=\"productID\" name=\"productID\" type=\"hidden\" value=\"205608883\"><\/p>\n<p>A bobina de alum\u00ednio com padr\u00e3o de gr\u00e3o de madeira para teto \u00e9 um tipo de material decorativo de alta qualidade que \u00e9 amplamente utilizado em v\u00e1rios projectos de decora\u00e7\u00e3o de interiores e exteriores. \u00c9 feito de material de liga de alum\u00ednio de alta qualidade e tecnologia de produ\u00e7\u00e3o avan\u00e7ada, o que garante seu excelente desempenho em termos de durabilidade, estabilidade e est\u00e9tica.<\/p>\n<p>A bobina de alum\u00ednio com padr\u00e3o de gr\u00e3o de madeira para teto est\u00e1 dispon\u00edvel numa vasta gama de cores e padr\u00f5es, que podem ser personalizados de acordo com os requisitos dos clientes. O padr\u00e3o de gr\u00e3o de madeira d\u00e1 ao metal uma apar\u00eancia natural e quente, o que o torna uma excelente alternativa \u00e0 madeira real. \u00c9 tamb\u00e9m mais dur\u00e1vel e mais f\u00e1cil de manter do que a madeira tradicional.<\/p>\n<p>A bobina de alum\u00ednio para teto com padr\u00e3o de gr\u00e3o de madeira \u00e9 f\u00e1cil de instalar, requer uma manuten\u00e7\u00e3o m\u00ednima e tem uma longa vida \u00fatil. Pode suportar condi\u00e7\u00f5es climat\u00e9ricas adversas e resistir \u00e0 corros\u00e3o, o que a torna ideal para utiliza\u00e7\u00e3o em ambientes interiores e exteriores. \u00c9 tamb\u00e9m resistente ao fogo e tem boas propriedades de isolamento, o que a torna uma excelente escolha para v\u00e1rios projectos de constru\u00e7\u00e3o.<\/p>\n<p>A bobina de alum\u00ednio com padr\u00e3o de gr\u00e3o de madeira para teto \u00e9 amplamente utilizada em v\u00e1rias aplica\u00e7\u00f5es, como decora\u00e7\u00e3o de teto, decora\u00e7\u00e3o de parede, decora\u00e7\u00e3o de m\u00f3veis e muito mais. Tamb\u00e9m pode ser utilizada em edif\u00edcios comerciais e residenciais, tais como aeroportos, hot\u00e9is, centros comerciais, escrit\u00f3rios e casas. A sua versatilidade e excelente desempenho fazem dele uma escolha popular entre arquitectos, construtores e propriet\u00e1rios de casas.<\/p>\n<p>Em conclus\u00e3o, a bobina de alum\u00ednio com padr\u00e3o de gr\u00e3o de madeira para teto \u00e9 um excelente material decorativo que oferece um desempenho superior, apelo est\u00e9tico e versatilidade. \u00c9 uma alternativa perfeita \u00e0 madeira tradicional e a outros metais decorativos, e pode proporcionar um aspeto elegante e natural a qualquer projeto interior ou exterior.<\/p>\n<p>\u00a0<\/p>\n<p><img decoding=\"async\" alt=\"500351--25\" height=\"446\" loading=\"lazy\" src=\"https:\/\/atalu.cn\/wp-content\/uploads\/2024\/05\/202305151548445fced50e09c044cc8809262743fd8b06.webp?size=446x0\" title=\"500351--25\" width=\"446\"\/>\u00a0\u00a0<img decoding=\"async\" alt=\"1\" height=\"448\" loading=\"lazy\" src=\"https:\/\/atalu.cn\/wp-content\/uploads\/2024\/05\/202305151548443ebc357e2bc2405688f00ae4756bd004.webp?size=448x0\" title=\"1\" width=\"448\"\/><\/p>\n<p>\u00a0<\/p>\n<p class=\"productsTags\"> Hot Tags: bobina de alum\u00ednio com padr\u00e3o de gr\u00e3o de madeira para teto, bobina de alum\u00ednio com padr\u00e3o de gr\u00e3o de madeira da China para fabricantes de teto, fornecedores, f\u00e1brica,  <a href=\"\/pt\/showroom\/aluminum-coil-for-roofing\/\" target=\"_blank\" title=\"bobina de alum\u00ednio para coberturas\" rel=\"noopener\">bobina de alum\u00ednio para coberturas<\/a>, <a href=\"\/pt\/showroom\/charcoal-gray-trim-coil\/\" target=\"_blank\" title=\"bobina de acabamento em cinzento-carv\u00e3o\" rel=\"noopener\">bobina de acabamento em cinzento-carv\u00e3o<\/a>, <a href=\"\/pt\/showroom\/aluminium-pair-coil\/\" target=\"_blank\" title=\"bobina de par de alum\u00ednio\" rel=\"noopener\">bobina de par de alum\u00ednio<\/a>, <a href=\"\/pt\/showroom\/019-aluminum-coil\/\" target=\"_blank\" title=\"Bobina de alum\u00ednio 019\" rel=\"noopener\">Bobina de alum\u00ednio 019<\/a>, <a href=\"\/pt\/showroom\/aluminum-coil-3003\/\" target=\"_blank\" title=\"bobina de alum\u00ednio 3003\" rel=\"noopener\">bobina de alum\u00ednio 3003<\/a>, <a href=\"\/pt\/showroom\/aluminum-wood-grain-trim-coil\/\" target=\"_blank\" title=\"Bobina de guarni\u00e7\u00e3o de alum\u00ednio com gr\u00e3o de madeira\" rel=\"noopener\">Bobina de guarni\u00e7\u00e3o de alum\u00ednio com gr\u00e3o de madeira<\/a> <\/p>\n<p><\/input><\/p>","protected":false},"excerpt":{"rendered":"<p class=\"pdshow-r-text\">A bobina de alum\u00ednio com padr\u00e3o de gr\u00e3o de madeira para teto \u00e9 um tipo de material decorativo de alta qualidade que \u00e9 amplamente utilizado em v\u00e1rios projectos de decora\u00e7\u00e3o de interiores e exteriores. \u00c9 feito de material de liga de alum\u00ednio de alta qualidade e tecnologia de produ\u00e7\u00e3o avan\u00e7ada, o que garante seu excelente desempenho em...<\/p>","protected":false},"featured_media":2698,"comment_status":"closed","ping_status":"closed","template":"","meta":{"_gspb_post_css":""},"product_cat":[22,26],"product_tag":[],"product_brands":[],"class_list":{"0":"post-3300","1":"product","2":"type-product","3":"status-publish","4":"has-post-thumbnail","6":"product_cat-aluminum-coil","7":"product_cat-prepainted-aluminum-coil","9":"first","10":"instock","11":"product-type-simple"},"featured_image_urls":{"full":["https:\/\/atalu.cn\/wp-content\/uploads\/2024\/05\/wood-grain-pattern-aluminum-coil-for-ceiling.webp",730,730,false],"thumbnail":["https:\/\/atalu.cn\/wp-content\/uploads\/2024\/05\/wood-grain-pattern-aluminum-coil-for-ceiling-150x150.webp",150,150,true],"medium":["https:\/\/atalu.cn\/wp-content\/uploads\/2024\/05\/wood-grain-pattern-aluminum-coil-for-ceiling-300x300.webp",300,300,true],"medium_large":["https:\/\/atalu.cn\/wp-content\/uploads\/2024\/05\/wood-grain-pattern-aluminum-coil-for-ceiling.webp",730,730,false],"large":["https:\/\/atalu.cn\/wp-content\/uploads\/2024\/05\/wood-grain-pattern-aluminum-coil-for-ceiling.webp",730,730,false],"gs-tiny":["https:\/\/atalu.cn\/wp-content\/uploads\/2024\/05\/wood-grain-pattern-aluminum-coil-for-ceiling.webp",50,50,false],"xl":["https:\/\/atalu.cn\/wp-content\/uploads\/2024\/05\/wood-grain-pattern-aluminum-coil-for-ceiling.webp",730,730,false],"xxl":["https:\/\/atalu.cn\/wp-content\/uploads\/2024\/05\/wood-grain-pattern-aluminum-coil-for-ceiling.webp",730,730,false],"xxxl":["https:\/\/atalu.cn\/wp-content\/uploads\/2024\/05\/wood-grain-pattern-aluminum-coil-for-ceiling.webp",730,730,false],"xxxxl":["https:\/\/atalu.cn\/wp-content\/uploads\/2024\/05\/wood-grain-pattern-aluminum-coil-for-ceiling.webp",730,730,false],"xxxxxl":["https:\/\/atalu.cn\/wp-content\/uploads\/2024\/05\/wood-grain-pattern-aluminum-coil-for-ceiling.webp",730,730,false],"1536x1536":["https:\/\/atalu.cn\/wp-content\/uploads\/2024\/05\/wood-grain-pattern-aluminum-coil-for-ceiling.webp",730,730,false],"2048x2048":["https:\/\/atalu.cn\/wp-content\/uploads\/2024\/05\/wood-grain-pattern-aluminum-coil-for-ceiling.webp",730,730,false],"trp-custom-language-flag":["https:\/\/atalu.cn\/wp-content\/uploads\/2024\/05\/wood-grain-pattern-aluminum-coil-for-ceiling.webp",12,12,false],"woocommerce_archive_thumbnail":["https:\/\/atalu.cn\/wp-content\/uploads\/2024\/05\/wood-grain-pattern-aluminum-coil-for-ceiling-500x500.webp",500,500,true],"woocommerce_thumbnail":["https:\/\/atalu.cn\/wp-content\/uploads\/2024\/05\/wood-grain-pattern-aluminum-coil-for-ceiling-300x300.webp",300,300,true],"woocommerce_single":["https:\/\/atalu.cn\/wp-content\/uploads\/2024\/05\/wood-grain-pattern-aluminum-coil-for-ceiling-600x600.webp",600,600,true],"woocommerce_gallery_thumbnail":["https:\/\/atalu.cn\/wp-content\/uploads\/2024\/05\/wood-grain-pattern-aluminum-coil-for-ceiling-100x100.webp",100,100,true]},"post_excerpt_stackable":"<p class=\"pdshow-r-text\">Wood grain pattern aluminum coil for ceiling is a type of high-quality decorative material that is widely used in various interior and exterior decoration projects. It is made from high-quality aluminum alloy material and advanced production technology, which ensures its excellent performance in&#8230;<\/p>\n","category_list":"","author_info":{"name":"","url":""},"comments_num":"0 comments","_links":{"self":[{"href":"https:\/\/atalu.cn\/pt\/wp-json\/wp\/v2\/product\/3300","targetHints":{"allow":["GET"]}}],"collection":[{"href":"https:\/\/atalu.cn\/pt\/wp-json\/wp\/v2\/product"}],"about":[{"href":"https:\/\/atalu.cn\/pt\/wp-json\/wp\/v2\/types\/product"}],"replies":[{"embeddable":true,"href":"https:\/\/atalu.cn\/pt\/wp-json\/wp\/v2\/comments?post=3300"}],"wp:featuredmedia":[{"embeddable":true,"href":"https:\/\/atalu.cn\/pt\/wp-json\/wp\/v2\/media\/2698"}],"wp:attachment":[{"href":"https:\/\/atalu.cn\/pt\/wp-json\/wp\/v2\/media?parent=3300"}],"wp:term":[{"taxonomy":"product_cat","embeddable":true,"href":"https:\/\/atalu.cn\/pt\/wp-json\/wp\/v2\/product_cat?post=3300"},{"taxonomy":"product_tag","embeddable":true,"href":"https:\/\/atalu.cn\/pt\/wp-json\/wp\/v2\/product_tag?post=3300"},{"taxonomy":"product_brands","embeddable":true,"href":"https:\/\/atalu.cn\/pt\/wp-json\/wp\/v2\/product_brands?post=3300"}],"curies":[{"name":"wp","href":"https:\/\/api.w.org\/{rel}","templated":true}]}}