{"id":571,"date":"2024-04-30T13:28:18","date_gmt":"2024-04-30T05:28:18","guid":{"rendered":"http:\/\/localhost:8012\/?page_id=571"},"modified":"2024-04-30T13:33:10","modified_gmt":"2024-04-30T05:33:10","slug":"development-history","status":"publish","type":"page","link":"https:\/\/atalu.cn\/tr\/development-history","title":{"rendered":"Geli\u015fim Tarihi"},"content":{"rendered":"<figure class=\"wp-block-image\"><img decoding=\"async\" title=\"4_\" src=\"https:\/\/atalu.cn\/wp-content\/uploads\/replace\/87c3e10292d33788a74d07124d6b4652.jpeg\" alt=\"4_\" \/><\/figure>\r\n\r\n\r\n\r\n<p>ATALU YENI\u0307 MALZEME TEKNOLOJI\u0307SI\u0307 (SHANDONG) CO, LTD<\/p>\r\n\r\n\r\n\r\n<p>2003, Kurucu renkli kaplama end\u00fcstrisine kat\u0131ld\u0131<\/p>\r\n\r\n\r\n\r\n<p>2005, Linyi Xinhe Paint Co., Ltd.<\/p>\r\n\r\n\r\n\r\n<p>2009, Avrupa sanat tavan\u0131<\/p>\r\n\r\n\r\n\r\n<p>2009, Linyi Xinhe Al\u00fcminyum Ltd.<\/p>\r\n\r\n\r\n\r\n<p>2012,\u00a0<strong>SHANDONG AT YENI\u0307 MALZEME VE TEKNOLOJI\u0307 A.\u015e., LTD<\/strong><\/p>\r\n\r\n\r\n\r\n<p>2013, Hangzhou, Pekin, Guangzhou ofisleri<\/p>\r\n\r\n\r\n\r\n<p>2014, Chengdu ofisi<\/p>\r\n\r\n\r\n\r\n<p>2015, Do\u011frudan Sat\u0131\u015f Departman\u0131, Cephe Duvar Departman\u0131<\/p>\r\n\r\n\r\n\r\n<p>2016, Shandong Jiahe Protective Film Co, Ltd.<\/p>\r\n\r\n\r\n\r\n<p>2017, \u015eirketin hisse reformunun imzalanmas\u0131<\/p>\r\n\r\n\r\n\r\n<p>2018, Shandong Zhongchuangxin Yeni Malzeme Teknolojisi Co, Ltd<\/p>\r\n\r\n\r\n\r\n<p>2019, Shandong Renhe Yeni Malzeme Teknolojisi Co, Ltd<\/p>\r\n\r\n\r\n\r\n<p>2020, G\u00fcney \u00c7in (Shenzhen) Operasyon Merkezi<\/p>\r\n\r\n\r\n\r\n<p>2022,\u00a0<strong>ATALU YENI\u0307 MALZEME TEKNOLOJI\u0307SI\u0307 (SHANDONG) CO, LTD<\/strong><\/p>","protected":false},"excerpt":{"rendered":"<p>ATALU NEW MATERIAL TECHNOLOGY (SHANDONG) CO., LTD 2003, The founder joined the color coating industry\u3000 2005, Linyi Xinhe Paint Co., Ltd. 2009, European art ceiling 2009, Linyi Xinhe Aluminum Co., Ltd. 2012,\u00a0SHANDONG AT NEW MATERIAL AND TECHNOLOGY CO., LTD 2013, Hangzhou, Beijing, Guangzhou offices 2014, Chengdu office 2015, Direct Sales Department, Facade Wall Department 2016, [&hellip;]<\/p>","protected":false},"author":1,"featured_media":917,"parent":0,"menu_order":0,"comment_status":"closed","ping_status":"closed","template":"","meta":{"_gspb_post_css":"","footnotes":""},"class_list":["post-571","page","type-page","status-publish","has-post-thumbnail","hentry"],"blocksy_meta":[],"featured_image_urls":{"full":["https:\/\/atalu.cn\/wp-content\/uploads\/2024\/05\/3-0mm-color-coated-aluminum-coil-and-sheet-67106424.jpg",350,350,false],"thumbnail":["https:\/\/atalu.cn\/wp-content\/uploads\/2024\/05\/3-0mm-color-coated-aluminum-coil-and-sheet-67106424-150x150.jpg",150,150,true],"medium":["https:\/\/atalu.cn\/wp-content\/uploads\/2024\/05\/3-0mm-color-coated-aluminum-coil-and-sheet-67106424-300x300.jpg",300,300,true],"medium_large":["https:\/\/atalu.cn\/wp-content\/uploads\/2024\/05\/3-0mm-color-coated-aluminum-coil-and-sheet-67106424.jpg",350,350,false],"large":["https:\/\/atalu.cn\/wp-content\/uploads\/2024\/05\/3-0mm-color-coated-aluminum-coil-and-sheet-67106424.jpg",350,350,false],"gs-tiny":["https:\/\/atalu.cn\/wp-content\/uploads\/2024\/05\/3-0mm-color-coated-aluminum-coil-and-sheet-67106424.jpg",50,50,false],"xl":["https:\/\/atalu.cn\/wp-content\/uploads\/2024\/05\/3-0mm-color-coated-aluminum-coil-and-sheet-67106424.jpg",350,350,false],"xxl":["https:\/\/atalu.cn\/wp-content\/uploads\/2024\/05\/3-0mm-color-coated-aluminum-coil-and-sheet-67106424.jpg",350,350,false],"xxxl":["https:\/\/atalu.cn\/wp-content\/uploads\/2024\/05\/3-0mm-color-coated-aluminum-coil-and-sheet-67106424.jpg",350,350,false],"xxxxl":["https:\/\/atalu.cn\/wp-content\/uploads\/2024\/05\/3-0mm-color-coated-aluminum-coil-and-sheet-67106424.jpg",350,350,false],"xxxxxl":["https:\/\/atalu.cn\/wp-content\/uploads\/2024\/05\/3-0mm-color-coated-aluminum-coil-and-sheet-67106424.jpg",350,350,false],"1536x1536":["https:\/\/atalu.cn\/wp-content\/uploads\/2024\/05\/3-0mm-color-coated-aluminum-coil-and-sheet-67106424.jpg",350,350,false],"2048x2048":["https:\/\/atalu.cn\/wp-content\/uploads\/2024\/05\/3-0mm-color-coated-aluminum-coil-and-sheet-67106424.jpg",350,350,false],"trp-custom-language-flag":["https:\/\/atalu.cn\/wp-content\/uploads\/2024\/05\/3-0mm-color-coated-aluminum-coil-and-sheet-67106424.jpg",12,12,false],"woocommerce_archive_thumbnail":["https:\/\/atalu.cn\/wp-content\/uploads\/2024\/05\/3-0mm-color-coated-aluminum-coil-and-sheet-67106424.jpg",350,350,false],"woocommerce_thumbnail":["https:\/\/atalu.cn\/wp-content\/uploads\/2024\/05\/3-0mm-color-coated-aluminum-coil-and-sheet-67106424-300x300.jpg",300,300,true],"woocommerce_single":["https:\/\/atalu.cn\/wp-content\/uploads\/2024\/05\/3-0mm-color-coated-aluminum-coil-and-sheet-67106424.jpg",350,350,false],"woocommerce_gallery_thumbnail":["https:\/\/atalu.cn\/wp-content\/uploads\/2024\/05\/3-0mm-color-coated-aluminum-coil-and-sheet-67106424-100x100.jpg",100,100,true]},"post_excerpt_stackable":"<p>ATALU NEW MATERIAL TECHNOLOGY (SHANDONG) CO., LTD 2003, The founder joined the color coating industry\u3000 2005, Linyi Xinhe Paint Co., Ltd. 2009, European art ceiling 2009, Linyi Xinhe Aluminum Co., Ltd. 2012,\u00a0SHANDONG AT NEW MATERIAL AND TECHNOLOGY CO., LTD 2013, Hangzhou, Beijing, Guangzhou offices 2014, Chengdu office 2015, Direct Sales Department, Facade Wall Department 2016, Shandong Jiahe Protective Film Co., Ltd. 2017, Signing of the company&#8217;s share reform 2018, Shandong Zhongchuangxin New Material Technology Co., Ltd 2019, Shandong Renhe New Material Technology Co., Ltd 2020, South China(Shenzhen) Operation Center 2022,\u00a0ATALU NEW MATERIAL TECHNOLOGY (SHANDONG) CO., LTD<\/p>\n","category_list":"","author_info":{"name":"aydenzeng","url":"https:\/\/atalu.cn\/tr\/author\/aydenzeng"},"comments_num":"0 comments","_links":{"self":[{"href":"https:\/\/atalu.cn\/tr\/wp-json\/wp\/v2\/pages\/571","targetHints":{"allow":["GET"]}}],"collection":[{"href":"https:\/\/atalu.cn\/tr\/wp-json\/wp\/v2\/pages"}],"about":[{"href":"https:\/\/atalu.cn\/tr\/wp-json\/wp\/v2\/types\/page"}],"author":[{"embeddable":true,"href":"https:\/\/atalu.cn\/tr\/wp-json\/wp\/v2\/users\/1"}],"replies":[{"embeddable":true,"href":"https:\/\/atalu.cn\/tr\/wp-json\/wp\/v2\/comments?post=571"}],"version-history":[{"count":4,"href":"https:\/\/atalu.cn\/tr\/wp-json\/wp\/v2\/pages\/571\/revisions"}],"predecessor-version":[{"id":577,"href":"https:\/\/atalu.cn\/tr\/wp-json\/wp\/v2\/pages\/571\/revisions\/577"}],"wp:featuredmedia":[{"embeddable":true,"href":"https:\/\/atalu.cn\/tr\/wp-json\/wp\/v2\/media\/917"}],"wp:attachment":[{"href":"https:\/\/atalu.cn\/tr\/wp-json\/wp\/v2\/media?parent=571"}],"curies":[{"name":"wp","href":"https:\/\/api.w.org\/{rel}","templated":true}]}}