{"id":578,"date":"2024-04-30T13:34:04","date_gmt":"2024-04-30T05:34:04","guid":{"rendered":"http:\/\/localhost:8012\/?page_id=578"},"modified":"2024-04-30T13:34:13","modified_gmt":"2024-04-30T05:34:13","slug":"company-advantages","status":"publish","type":"page","link":"https:\/\/atalu.cn\/tr\/company-advantages","title":{"rendered":"\u015eirket Avantajlar\u0131"},"content":{"rendered":"<table border=\"0\" width=\"100%\" cellspacing=\"0\">\n<tbody>\n<tr class=\"firstRow\">\n<td align=\"center\" valign=\"middle\" width=\"374\"><img loading=\"lazy\" decoding=\"async\" title=\"1\u00dcretim Ekipmanlar\u0131(001)\" src=\"https:\/\/atalu.cn\/wp-content\/uploads\/replace\/cc4330fdb7b0f94a91f03d40aa0692e9.jpeg\" alt=\"1Production Equipment(001)\" width=\"500\" height=\"345\" \/><\/td>\n<td align=\"center\" valign=\"middle\" width=\"374\"><img loading=\"lazy\" decoding=\"async\" title=\"2\u00dcretim denetimi(001)\" src=\"https:\/\/atalu.cn\/wp-content\/uploads\/replace\/4b01b3461def849303aa0771d81a80b3.jpeg\" alt=\"2Production inspection(001)\" width=\"500\" height=\"345\" \/><\/td>\n<\/tr>\n<tr>\n<td align=\"center\" valign=\"middle\" width=\"374\"><strong>\u00dcretim Ekipmanlar\u0131<\/strong><\/td>\n<td align=\"center\" valign=\"middle\" width=\"374\"><strong>\u00dcretim denetimi<\/strong><\/td>\n<\/tr>\n<tr>\n<td align=\"center\" valign=\"middle\" width=\"374\"><\/td>\n<td align=\"center\" valign=\"middle\" width=\"374\"><\/td>\n<\/tr>\n<tr>\n<td align=\"center\" valign=\"middle\" width=\"374\"><img loading=\"lazy\" decoding=\"async\" title=\"3laboratuvar(001)\" src=\"https:\/\/atalu.cn\/wp-content\/uploads\/replace\/35c513acd80dadf50b9df1600b85db13.jpeg\" alt=\"3laboratory(001)\" width=\"500\" height=\"345\" \/><\/td>\n<td align=\"center\" valign=\"middle\" width=\"374\"><img loading=\"lazy\" decoding=\"async\" title=\"4laboratuvar eki\u0307pmanlari(001)\" src=\"https:\/\/atalu.cn\/wp-content\/uploads\/replace\/34bc967e69e1ed5d4078f4345d281261.jpeg\" alt=\"4laboratory equipment(001)\" width=\"500\" height=\"345\" \/><\/td>\n<\/tr>\n<tr>\n<td align=\"center\" valign=\"middle\" width=\"374\"><strong>Laboratuvar<\/strong><\/td>\n<td align=\"center\" valign=\"middle\" width=\"374\"><strong>Laboratuvar ekipmanlar\u0131<\/strong><\/td>\n<\/tr>\n<\/tbody>\n<\/table>\n<p><strong>\u00dcretim Ekipmanlar\u0131<\/strong><\/p>\n<p>Almanya'dan \u00fc\u00e7 kaplamal\u0131 ve \u00fc\u00e7 pi\u015firmeli 5 otomatik rulo kaplama \u00fcretim hatt\u0131 getirildi<\/p>\n<p>\u00c7in'de 4.0mmx2600mmxC \u00fcretim kapasitesine sahip rulo kaplama otomatik \u00fcretim hatt\u0131n\u0131 tan\u0131tan ilk \u015firket<\/p>\n<p>1000'den fazla \u00e7e\u015fit bask\u0131 silindiri<\/p>\n<p>2 otomatik p\u00fcsk\u00fcrtme \u00fcretim hatt\u0131<\/p>\n<p>4 adet y\u00fcksek h\u0131zl\u0131 otomatik dilme hatt\u0131<\/p>\n<p>12 hassas \u00e7apraz kesim hatt\u0131<\/p>\n<p>6 kabartma \u00e7izgisi<\/p>\n<p><strong>Profesyonel<\/strong><\/p>\n<p>Kaplama end\u00fcstrisine 20 y\u0131ld\u0131r odakland\u0131k ve bir dizi kapsaml\u0131 sistem sertifikasyonunu ge\u00e7tik. Geli\u015fmi\u015f 8 tam otomatik y\u00fcksek h\u0131zl\u0131 \u00fcretim hatt\u0131m\u0131z, uluslararas\u0131 geli\u015fmi\u015f \u00fc\u00e7 kaplama ve iki pi\u015firme s\u00fcrecini benimser.<\/p>\n<p><strong>Kalite<\/strong><\/p>\n<p>Bilim ve Teknoloji B\u00fcrosu taraf\u0131ndan onaylanan, \u00fcretim s\u00fcrecini s\u0131k\u0131 bir \u015fekilde kontrol eden (8-16 denetim s\u00fcreci), \u00fcretim s\u00fcrecini yenilik\u00e7i bir \u015fekilde geli\u015ftiren, istikrar\u0131 veya \u00fcr\u00fcn kalitesini ve yeni \u00fcr\u00fcnlerin ara\u015ft\u0131r\u0131lmas\u0131n\u0131 ve geli\u015ftirilmesini sa\u011flayan \"m\u00fchendislik teknolojisi ara\u015ft\u0131rma merkezi veya renkli kaplamal\u0131 al\u00fcminyum levha\" kurulmu\u015ftur.<\/p>\n<p><strong>G\u00fc\u00e7<\/strong><\/p>\n<p>ATALU teknolojisi \"s\u0131f\u0131r hata\" ve \"m\u00fc\u015fterilerden sorumlu\" kavram\u0131n\u0131 savunur ve kalite y\u00f6netim standartlar\u0131na s\u0131k\u0131 s\u0131k\u0131ya ba\u011fl\u0131 olarak \u00fcretim yapar. Sinal ve Chinalco gibi b\u00fcy\u00fck yerli al\u00fcminyum \u00fcreticilerinin \u00fcr\u00fcnlerini kullan\u0131yor ve en iyi kaplama tedarik\u00e7ileriyle i\u015fbirli\u011fi ittifak\u0131 kuruyoruz.<\/p>","protected":false},"excerpt":{"rendered":"<p>Production Equipment Production inspection Laboratory Laboratory equipment Production Equipment Introduced 5 automatic roller coating production lines of three-coating and three-baking from Germany The first in China to introduce a roller coating automatic production line capable of producing 4.0mmx2600mmxC More than 1000 kinds of printing rollers 2 automatic spraying production lines 4 high-speed automatic slitting lines [&hellip;]<\/p>","protected":false},"author":1,"featured_media":582,"parent":0,"menu_order":0,"comment_status":"closed","ping_status":"closed","template":"","meta":{"_gspb_post_css":"","footnotes":""},"class_list":["post-578","page","type-page","status-publish","has-post-thumbnail","hentry"],"blocksy_meta":[],"featured_image_urls":{"full":["https:\/\/atalu.cn\/wp-content\/uploads\/replace\/34bc967e69e1ed5d4078f4345d281261.jpeg",500,345,false],"thumbnail":["https:\/\/atalu.cn\/wp-content\/uploads\/replace\/34bc967e69e1ed5d4078f4345d281261.jpeg",150,104,false],"medium":["https:\/\/atalu.cn\/wp-content\/uploads\/replace\/34bc967e69e1ed5d4078f4345d281261.jpeg",300,207,false],"medium_large":["https:\/\/atalu.cn\/wp-content\/uploads\/replace\/34bc967e69e1ed5d4078f4345d281261.jpeg",500,345,false],"large":["https:\/\/atalu.cn\/wp-content\/uploads\/replace\/34bc967e69e1ed5d4078f4345d281261.jpeg",500,345,false],"gs-tiny":["https:\/\/atalu.cn\/wp-content\/uploads\/replace\/34bc967e69e1ed5d4078f4345d281261.jpeg",50,35,false],"xl":["https:\/\/atalu.cn\/wp-content\/uploads\/replace\/34bc967e69e1ed5d4078f4345d281261.jpeg",500,345,false],"xxl":["https:\/\/atalu.cn\/wp-content\/uploads\/replace\/34bc967e69e1ed5d4078f4345d281261.jpeg",500,345,false],"xxxl":["https:\/\/atalu.cn\/wp-content\/uploads\/replace\/34bc967e69e1ed5d4078f4345d281261.jpeg",500,345,false],"xxxxl":["https:\/\/atalu.cn\/wp-content\/uploads\/replace\/34bc967e69e1ed5d4078f4345d281261.jpeg",500,345,false],"xxxxxl":["https:\/\/atalu.cn\/wp-content\/uploads\/replace\/34bc967e69e1ed5d4078f4345d281261.jpeg",500,345,false],"1536x1536":["https:\/\/atalu.cn\/wp-content\/uploads\/replace\/34bc967e69e1ed5d4078f4345d281261.jpeg",500,345,false],"2048x2048":["https:\/\/atalu.cn\/wp-content\/uploads\/replace\/34bc967e69e1ed5d4078f4345d281261.jpeg",500,345,false],"trp-custom-language-flag":["https:\/\/atalu.cn\/wp-content\/uploads\/replace\/34bc967e69e1ed5d4078f4345d281261.jpeg",18,12,false],"woocommerce_archive_thumbnail":["https:\/\/atalu.cn\/wp-content\/uploads\/replace\/34bc967e69e1ed5d4078f4345d281261.jpeg",500,345,false],"woocommerce_thumbnail":["https:\/\/atalu.cn\/wp-content\/uploads\/replace\/34bc967e69e1ed5d4078f4345d281261-300x300.jpeg",300,300,true],"woocommerce_single":["https:\/\/atalu.cn\/wp-content\/uploads\/replace\/34bc967e69e1ed5d4078f4345d281261.jpeg",500,345,false],"woocommerce_gallery_thumbnail":["https:\/\/atalu.cn\/wp-content\/uploads\/replace\/34bc967e69e1ed5d4078f4345d281261-100x100.jpeg",100,100,true]},"post_excerpt_stackable":"<p>Production Equipment Production inspection Laboratory Laboratory equipment Production Equipment Introduced 5 automatic roller coating production lines of three-coating and three-baking from Germany The first in China to introduce a roller coating automatic production line capable of producing 4.0mmx2600mmxC More than 1000 kinds of printing rollers 2 automatic spraying production lines 4 high-speed automatic slitting lines 12 precision crosscutting lines 6 embossing lines Professional We have focused on the coating industry for 20 years, and have passed a series of comprehensive system certification. Our advanced 8 fully automatic high-speed production lines adopt the international advanced three coating and two baking process.&hellip;<\/p>\n","category_list":"","author_info":{"name":"aydenzeng","url":"https:\/\/atalu.cn\/tr\/author\/aydenzeng"},"comments_num":"0 comments","_links":{"self":[{"href":"https:\/\/atalu.cn\/tr\/wp-json\/wp\/v2\/pages\/578","targetHints":{"allow":["GET"]}}],"collection":[{"href":"https:\/\/atalu.cn\/tr\/wp-json\/wp\/v2\/pages"}],"about":[{"href":"https:\/\/atalu.cn\/tr\/wp-json\/wp\/v2\/types\/page"}],"author":[{"embeddable":true,"href":"https:\/\/atalu.cn\/tr\/wp-json\/wp\/v2\/users\/1"}],"replies":[{"embeddable":true,"href":"https:\/\/atalu.cn\/tr\/wp-json\/wp\/v2\/comments?post=578"}],"version-history":[{"count":1,"href":"https:\/\/atalu.cn\/tr\/wp-json\/wp\/v2\/pages\/578\/revisions"}],"predecessor-version":[{"id":583,"href":"https:\/\/atalu.cn\/tr\/wp-json\/wp\/v2\/pages\/578\/revisions\/583"}],"wp:featuredmedia":[{"embeddable":true,"href":"https:\/\/atalu.cn\/tr\/wp-json\/wp\/v2\/media\/582"}],"wp:attachment":[{"href":"https:\/\/atalu.cn\/tr\/wp-json\/wp\/v2\/media?parent=578"}],"curies":[{"name":"wp","href":"https:\/\/api.w.org\/{rel}","templated":true}]}}