{"id":3115,"date":"2024-05-05T20:31:04","date_gmt":"2024-05-05T12:31:04","guid":{"rendered":"http:\/\/localhost:8012\/product\/anodized-aluminum-sheet-manufacturer"},"modified":"2024-05-05T20:31:06","modified_gmt":"2024-05-05T12:31:06","slug":"anodized-aluminum-sheet-manufacturer","status":"publish","type":"product","link":"https:\/\/atalu.cn\/tr\/anodized-aluminum-sheet-manufacturer","title":{"rendered":"Eloksall\u0131 Al\u00fcminyum Levha \u00dcreticisi"},"content":{"rendered":"<p><input id=\"productID\" name=\"productID\" type=\"hidden\" value=\"203408106\"><\/p>\n<p>Eloksall\u0131 al\u00fcminyum levha, bir\u00e7ok farkl\u0131 sekt\u00f6rde olduk\u00e7a pop\u00fcler hale gelen bir malzemedir. Bu malzeme, al\u00fcminyumun y\u00fczeyinde bir oksit tabakas\u0131 olu\u015fmas\u0131na neden olan bir al\u00fcminyum tabakadan elektrik ak\u0131m\u0131 ge\u00e7irilerek yap\u0131l\u0131r. Bu oksit tabakas\u0131, malzemeye korozyona ve a\u015f\u0131nmaya direnme kabiliyeti de dahil olmak \u00fczere benzersiz \u00f6zelliklerini veren \u015feydir. Bu makalede, anodize al\u00fcminyum levhan\u0131n \u00fcreticiler ve di\u011fer kullan\u0131c\u0131lar i\u00e7in bu kadar de\u011ferli bir malzeme olmas\u0131n\u0131 sa\u011flayan baz\u0131 farkl\u0131 y\u00f6nlerine bakaca\u011f\u0131z.<\/p>\n<p>\u00a0<\/p>\n<p>Eloksall\u0131 al\u00fcminyum levha hakk\u0131nda bilinmesi gereken en \u00f6nemli \u015feylerden biri, son derece dayan\u0131kl\u0131 olmas\u0131d\u0131r. Bu malzeme \u00e7iziklere, \u00e7entiklere ve g\u00fcnl\u00fck kullan\u0131mda meydana gelebilecek di\u011fer hasar t\u00fcrlerine kar\u015f\u0131 dayan\u0131kl\u0131d\u0131r. Bu, onu havac\u0131l\u0131k ve otomotiv end\u00fcstrileri gibi \u00e7e\u015fitli farkl\u0131 uygulamalarda kullan\u0131m i\u00e7in ideal bir malzeme haline getirir.<\/p>\n<p>\u00a0<\/p>\n<p>Eloksall\u0131 al\u00fcminyum levhay\u0131 bu kadar de\u011ferli k\u0131lan bir ba\u015fka \u00f6zellik de korozyona kar\u015f\u0131 direncidir. Al\u00fcminyumun y\u00fczeyinde olu\u015fan oksit tabakas\u0131, nem ve di\u011fer a\u015f\u0131nd\u0131r\u0131c\u0131 maddelerin malzemeye n\u00fcfuz etmesini \u00f6nleyen bir bariyer sa\u011flar. Bu da onu denizcilik uygulamalar\u0131nda ve neme maruz kalman\u0131n yayg\u0131n oldu\u011fu di\u011fer d\u0131\u015f ortamlarda kullan\u0131m i\u00e7in ideal bir se\u00e7im haline getirir.<\/p>\n<p>\u00a0<\/p>\n<p>Dayan\u0131kl\u0131l\u0131\u011f\u0131 ve korozyon direncine ek olarak, anodize al\u00fcminyum levha da \u00e7ok hafiftir. Bu da onu, u\u00e7ak ve di\u011fer hava ta\u015f\u0131tlar\u0131n\u0131n yap\u0131m\u0131 gibi a\u011f\u0131rl\u0131\u011f\u0131n \u00f6nemli bir fakt\u00f6r oldu\u011fu uygulamalarda kullan\u0131m i\u00e7in ideal bir malzeme haline getirir.<\/p>\n<p>\u00a0<\/p>\n<p>Eloksall\u0131 al\u00fcminyum levhan\u0131n bir di\u011fer faydas\u0131 da \u00e7ok y\u00f6nl\u00fcl\u00fc\u011f\u00fcd\u00fcr. Bu malzeme \u00e7e\u015fitli \u015fekil ve boyutlarda kolayca kal\u0131planabilir, bu da onu \u00e7ok \u00e7e\u015fitli farkl\u0131 \u00fcr\u00fcnlerde kullan\u0131m i\u00e7in ideal bir se\u00e7im haline getirir. Ayr\u0131ca kolayca boyanabilir, bu da \u00fcreticilerin \u00e7ok \u00e7e\u015fitli farkl\u0131 renk ve y\u00fczeylere sahip \u00fcr\u00fcnler olu\u015fturmas\u0131na olanak tan\u0131r.<\/p>\n<p>\u00a0<\/p>\n<p>Eloksall\u0131 al\u00fcminyum levhan\u0131n bak\u0131m\u0131 da \u00e7ok kolayd\u0131r. Ah\u015fap veya \u00e7elik gibi di\u011fer malzemelerin aksine, anodize al\u00fcminyum levha en iyi g\u00f6r\u00fcn\u00fcm\u00fcn\u00fc korumak i\u00e7in \u00e7ok az bak\u0131m gerektirir. Bu da onu, bak\u0131m i\u00e7in kesinti s\u00fcresinin bir se\u00e7enek olmad\u0131\u011f\u0131 ticari ve end\u00fcstriyel ortamlarda kullan\u0131m i\u00e7in ideal bir se\u00e7im haline getirir.<\/p>\n<p>\u00a0<\/p>\n<p>Bununla birlikte, anodize al\u00fcminyum levhan\u0131n belki de en \u00f6nemli y\u00f6n\u00fc maliyet etkinli\u011fidir. Bu malzeme, \u00e7elik veya titanyum gibi di\u011fer malzemelere k\u0131yasla nispeten ucuzdur, bu da onu seri \u00fcretilen \u00fcr\u00fcnlerde veya maliyetin birincil endi\u015fe kayna\u011f\u0131 oldu\u011fu uygulamalarda kullan\u0131m i\u00e7in ideal bir se\u00e7im haline getirir.<\/p>\n<p>\u00a0<\/p>\n<p>Sonu\u00e7 olarak, anodize al\u00fcminyum levha bir\u00e7ok farkl\u0131 sekt\u00f6rde geni\u015f bir uygulama yelpazesine sahip bir malzemedir. Dayan\u0131kl\u0131l\u0131\u011f\u0131, korozyon direnci, hafifli\u011fi, \u00e7ok y\u00f6nl\u00fcl\u00fc\u011f\u00fc, d\u00fc\u015f\u00fck bak\u0131m gereksinimleri ve maliyet etkinli\u011fi, onu u\u00e7aklar ve di\u011fer hava ta\u015f\u0131tlar\u0131ndan ak\u0131ll\u0131 telefonlar ve diz\u00fcst\u00fc bilgisayarlar gibi t\u00fcketici \u00fcr\u00fcnlerine kadar her \u015feyde kullan\u0131m i\u00e7in ideal bir se\u00e7im haline getirmektedir. \u0130ster yeni bir \u00fcr\u00fcn yaratmak isteyen bir \u00fcretici ister bu malzemeden yap\u0131lm\u0131\u015f bir \u015fey sat\u0131n almak isteyen bir t\u00fcketici olun, anodize al\u00fcminyum levha kesinlikle dikkate de\u011fer bir malzemedir.<\/p>\n<p>\u00a0<\/p>\n<p>Eloksall\u0131 al\u00fcminyum levhan\u0131n lider \u00fcreticisi olarak, \u00e7e\u015fitli end\u00fcstrilerin ihtiya\u00e7lar\u0131n\u0131 kar\u015f\u0131layan y\u00fcksek kaliteli al\u00fcminyum \u00fcr\u00fcnler \u00fcretme konusunda uzman\u0131z. Eloksal, al\u00fcminyumun korozyon direncini art\u0131ran ve dekoratif bir y\u00fczey sa\u011flayan elektrokimyasal bir i\u015flemdir. Eloksall\u0131 al\u00fcminyum levha, dayan\u0131kl\u0131l\u0131\u011f\u0131, renklendirilebilirli\u011fi ve \u00e7ok y\u00f6nl\u00fcl\u00fc\u011f\u00fc nedeniyle mimari, end\u00fcstriyel ve t\u00fcketici uygulamalar\u0131nda yayg\u0131n olarak kullan\u0131lmaktad\u0131r.<\/p>\n<p>Eloksall\u0131 al\u00fcminyum levham\u0131z \u015feffaf eloksall\u0131, bronz eloksall\u0131, siyah eloksall\u0131 ve \u00f6zel renkler dahil olmak \u00fczere \u00e7e\u015fitli renk ve y\u00fczeylerde mevcuttur. \u00dcr\u00fcnlerimizin kalite ve performans a\u00e7\u0131s\u0131ndan kat\u0131 standartlar\u0131 kar\u015f\u0131lamas\u0131n\u0131 sa\u011flamak i\u00e7in yaln\u0131zca en kaliteli malzemeleri ve ileri teknolojiyi kullan\u0131yoruz. Eloksal i\u015flemi metal s\u0131z\u0131nt\u0131s\u0131n\u0131 \u00f6nleyen toksik olmayan ve yan\u0131c\u0131 olmayan bir y\u00fczey katman\u0131 olu\u015fturdu\u011fundan, eloksall\u0131 al\u00fcminyum levhalar\u0131m\u0131z da \u00e7evre dostudur.<\/p>\n<p>Eloksall\u0131 al\u00fcminyum levham\u0131z \u00e7at\u0131 kaplama, duvar kaplamas\u0131, tabela, dekoratif paneller ve daha fazlas\u0131 gibi bir\u00e7ok farkl\u0131 uygulamada kullan\u0131labilir. Hem hava ko\u015fullar\u0131na hem de korozyona kar\u015f\u0131 m\u00fckemmel direnci ile uzun s\u00fcreli dayan\u0131kl\u0131l\u0131k ve az bak\u0131m gerektiren uygulamalar i\u00e7in idealdir. Ayr\u0131ca, anodize al\u00fcminyum levham\u0131zla \u00e7al\u0131\u015fmak kolayd\u0131r ve her m\u00fc\u015fterinin benzersiz ihtiya\u00e7lar\u0131n\u0131 kar\u015f\u0131lamak i\u00e7in kesilebilir, delinebilir ve \u00fcretilebilir.<\/p>\n<p>\u0130ster bir in\u015faat projesi, ister end\u00fcstriyel uygulama veya ba\u015fka bir ama\u00e7 i\u00e7in anodize al\u00fcminyum levhaya ihtiyac\u0131n\u0131z olsun, size en kaliteli \u00fcr\u00fcnleri ve m\u00fckemmel m\u00fc\u015fteri hizmetlerini sunmay\u0131 taahh\u00fct ediyoruz. Eloksall\u0131 al\u00fcminyum levham\u0131z hakk\u0131nda daha fazla bilgi edinmek ve al\u00fcminyum levha ihtiya\u00e7lar\u0131n\u0131z\u0131 kar\u015f\u0131laman\u0131za nas\u0131l yard\u0131mc\u0131 olabilece\u011fimizi \u00f6\u011frenmek i\u00e7in bug\u00fcn bize ula\u015f\u0131n.<\/p>\n<p class=\"productsTags\"> Hot Tags: anodize al\u00fcminyum levha \u00fcreticisi, \u00c7in anodize al\u00fcminyum levha \u00fcreticisi \u00fcreticileri, tedarik\u00e7ileri, fabrika,  <a href=\"\/tr\/showroom\/48-x-96-aluminum-sheet\/\" target=\"_blank\" title=\"48 x 96 al\u00fcminyum levha\" rel=\"noopener\">48 x 96 al\u00fcminyum levha<\/a>, <a href=\"\/tr\/showroom\/gold-anodized-aluminum-sheet\/\" target=\"_blank\" title=\"Alt\u0131n Eloksall\u0131 Al\u00fcminyum Levha\" rel=\"noopener\">Alt\u0131n Eloksall\u0131 Al\u00fcminyum Levha<\/a>, <a href=\"\/tr\/showroom\/soldering-aluminum-sheet-metal\/\" target=\"_blank\" title=\"al\u00fcminyum sac lehimleme\" rel=\"noopener\">al\u00fcminyum sac lehimleme<\/a>, <a href=\"\/tr\/showroom\/aluminium-flat-sheet\/\" target=\"_blank\" title=\"al\u00fcmi\u0307nyum d\u00fcz levha\" rel=\"noopener\">al\u00fcmi\u0307nyum d\u00fcz levha<\/a>, <a href=\"\/tr\/showroom\/5456-aluminum-plate\/\" target=\"_blank\" title=\"5456 al\u00fcminyum levha\" rel=\"noopener\">5456 al\u00fcminyum levha<\/a>, <a href=\"\/tr\/showroom\/stucco-embossed-aluminum-sheet\/\" target=\"_blank\" title=\"s\u0131va kabartmal\u0131 al\u00fcminyum levha\" rel=\"noopener\">s\u0131va kabartmal\u0131 al\u00fcminyum levha<\/a> <\/p>\n<p><\/input><\/p>","protected":false},"excerpt":{"rendered":"<p class=\"pdshow-r-text\">Eloksall\u0131 al\u00fcminyum levhan\u0131n lider \u00fcreticisi olarak, \u00e7e\u015fitli end\u00fcstrilerin ihtiya\u00e7lar\u0131n\u0131 kar\u015f\u0131layan y\u00fcksek kaliteli al\u00fcminyum \u00fcr\u00fcnler \u00fcretme konusunda uzman\u0131z. Eloksal, al\u00fcminyumun korozyon direncini art\u0131ran ve dekoratif bir y\u00fczey sa\u011flayan elektrokimyasal bir i\u015flemdir. Eloksall\u0131...<\/p>","protected":false},"featured_media":2240,"comment_status":"closed","ping_status":"open","template":"","meta":{"_gspb_post_css":""},"product_cat":[23,33],"product_tag":[],"product_brands":[],"class_list":{"0":"post-3115","1":"product","2":"type-product","3":"status-publish","4":"has-post-thumbnail","6":"product_cat-aluminum-sheet","7":"product_cat-anodized-aluminum-sheet","9":"first","10":"instock","11":"product-type-simple"},"featured_image_urls":{"full":["https:\/\/atalu.cn\/wp-content\/uploads\/2024\/05\/anodized-aluminum-sheet-manufacturer.webp",730,730,false],"thumbnail":["https:\/\/atalu.cn\/wp-content\/uploads\/2024\/05\/anodized-aluminum-sheet-manufacturer-150x150.webp",150,150,true],"medium":["https:\/\/atalu.cn\/wp-content\/uploads\/2024\/05\/anodized-aluminum-sheet-manufacturer-300x300.webp",300,300,true],"medium_large":["https:\/\/atalu.cn\/wp-content\/uploads\/2024\/05\/anodized-aluminum-sheet-manufacturer.webp",730,730,false],"large":["https:\/\/atalu.cn\/wp-content\/uploads\/2024\/05\/anodized-aluminum-sheet-manufacturer.webp",730,730,false],"gs-tiny":["https:\/\/atalu.cn\/wp-content\/uploads\/2024\/05\/anodized-aluminum-sheet-manufacturer.webp",50,50,false],"xl":["https:\/\/atalu.cn\/wp-content\/uploads\/2024\/05\/anodized-aluminum-sheet-manufacturer.webp",730,730,false],"xxl":["https:\/\/atalu.cn\/wp-content\/uploads\/2024\/05\/anodized-aluminum-sheet-manufacturer.webp",730,730,false],"xxxl":["https:\/\/atalu.cn\/wp-content\/uploads\/2024\/05\/anodized-aluminum-sheet-manufacturer.webp",730,730,false],"xxxxl":["https:\/\/atalu.cn\/wp-content\/uploads\/2024\/05\/anodized-aluminum-sheet-manufacturer.webp",730,730,false],"xxxxxl":["https:\/\/atalu.cn\/wp-content\/uploads\/2024\/05\/anodized-aluminum-sheet-manufacturer.webp",730,730,false],"1536x1536":["https:\/\/atalu.cn\/wp-content\/uploads\/2024\/05\/anodized-aluminum-sheet-manufacturer.webp",730,730,false],"2048x2048":["https:\/\/atalu.cn\/wp-content\/uploads\/2024\/05\/anodized-aluminum-sheet-manufacturer.webp",730,730,false],"trp-custom-language-flag":["https:\/\/atalu.cn\/wp-content\/uploads\/2024\/05\/anodized-aluminum-sheet-manufacturer.webp",12,12,false],"woocommerce_archive_thumbnail":["https:\/\/atalu.cn\/wp-content\/uploads\/2024\/05\/anodized-aluminum-sheet-manufacturer-500x500.webp",500,500,true],"woocommerce_thumbnail":["https:\/\/atalu.cn\/wp-content\/uploads\/2024\/05\/anodized-aluminum-sheet-manufacturer-300x300.webp",300,300,true],"woocommerce_single":["https:\/\/atalu.cn\/wp-content\/uploads\/2024\/05\/anodized-aluminum-sheet-manufacturer-600x600.webp",600,600,true],"woocommerce_gallery_thumbnail":["https:\/\/atalu.cn\/wp-content\/uploads\/2024\/05\/anodized-aluminum-sheet-manufacturer-100x100.webp",100,100,true]},"post_excerpt_stackable":"<p class=\"pdshow-r-text\">As a leading manufacturer of anodized aluminum sheet, we specialize in producing high-quality aluminum products that meet the needs of various industries. Anodizing is an electrochemical process that enhances the corrosion resistance of aluminum and provides a decorative finish. Anodized&#8230;<\/p>\n","category_list":"","author_info":{"name":"","url":""},"comments_num":"0 comments","_links":{"self":[{"href":"https:\/\/atalu.cn\/tr\/wp-json\/wp\/v2\/product\/3115","targetHints":{"allow":["GET"]}}],"collection":[{"href":"https:\/\/atalu.cn\/tr\/wp-json\/wp\/v2\/product"}],"about":[{"href":"https:\/\/atalu.cn\/tr\/wp-json\/wp\/v2\/types\/product"}],"replies":[{"embeddable":true,"href":"https:\/\/atalu.cn\/tr\/wp-json\/wp\/v2\/comments?post=3115"}],"wp:featuredmedia":[{"embeddable":true,"href":"https:\/\/atalu.cn\/tr\/wp-json\/wp\/v2\/media\/2240"}],"wp:attachment":[{"href":"https:\/\/atalu.cn\/tr\/wp-json\/wp\/v2\/media?parent=3115"}],"wp:term":[{"taxonomy":"product_cat","embeddable":true,"href":"https:\/\/atalu.cn\/tr\/wp-json\/wp\/v2\/product_cat?post=3115"},{"taxonomy":"product_tag","embeddable":true,"href":"https:\/\/atalu.cn\/tr\/wp-json\/wp\/v2\/product_tag?post=3115"},{"taxonomy":"product_brands","embeddable":true,"href":"https:\/\/atalu.cn\/tr\/wp-json\/wp\/v2\/product_brands?post=3115"}],"curies":[{"name":"wp","href":"https:\/\/api.w.org\/{rel}","templated":true}]}}