{"id":3169,"date":"2024-05-05T20:31:13","date_gmt":"2024-05-05T12:31:13","guid":{"rendered":"http:\/\/localhost:8012\/product\/color-coated-aluminum-truck-body-sheet"},"modified":"2024-05-05T20:31:13","modified_gmt":"2024-05-05T12:31:13","slug":"color-coated-aluminum-truck-body-sheet","status":"publish","type":"product","link":"https:\/\/atalu.cn\/tr\/color-coated-aluminum-truck-body-sheet","title":{"rendered":"Renk Kapl\u0131 Al\u00fcminyum Kamyon G\u00f6vde Sac\u0131"},"content":{"rendered":"<p><input id=\"productID\" name=\"productID\" type=\"hidden\" value=\"209493638\"><\/p>\n<p>Renkli kaplamal\u0131 al\u00fcminyum kamyon kasa sac\u0131, kamyon ve treyler \u00fcretiminde kullan\u0131lan hafif ve dayan\u0131kl\u0131 bir malzemedir. Bu \u00fcr\u00fcn, pas ve korozyona kar\u015f\u0131 koruma sa\u011flamak i\u00e7in bir boya tabakas\u0131 ile kaplanm\u0131\u015f y\u00fcksek kaliteli al\u00fcminyumdan yap\u0131lm\u0131\u015ft\u0131r. Renkli kaplama sadece kamyon g\u00f6vdesinin g\u00f6r\u00fcn\u00fcm\u00fcn\u00fc iyile\u015ftirmekle kalmaz, ayn\u0131 zamanda ek hava direnci ve yal\u0131t\u0131m sa\u011flar.<\/p>\n<p>Renkli kaplamal\u0131 al\u00fcminyum kamyon g\u00f6vde sac\u0131, geleneksel \u00e7elik veya ah\u015fap malzemelere g\u00f6re \u00e7e\u015fitli avantajlar sunar. \u0130lk olarak, \u00e7elikten \u00f6nemli \u00f6l\u00e7\u00fcde daha hafiftir, bu da yak\u0131t verimlili\u011fi sa\u011flar ve arac\u0131n toplam a\u011f\u0131rl\u0131\u011f\u0131n\u0131 azalt\u0131r. \u0130kinci olarak, al\u00fcminyum do\u011fas\u0131 gere\u011fi korozyona dayan\u0131kl\u0131d\u0131r, bak\u0131m maliyetlerini azalt\u0131r ve kamyon g\u00f6vdesinin \u00f6mr\u00fcn\u00fc uzat\u0131r. Ayr\u0131ca, m\u00fckemmel \u0131s\u0131 ve ses yal\u0131t\u0131m \u00f6zellikleri, onu frigorifik kamyonlar ve treylerler i\u00e7in tercih edilen malzeme haline getirmektedir.<\/p>\n<p>Renkli kaplamal\u0131 al\u00fcminyum kamyon g\u00f6vde sac\u0131 \u00e7e\u015fitli renklerde, y\u00fczeylerde ve geni\u015fliklerde mevcuttur, bu da onu her m\u00fc\u015fterinin benzersiz ihtiya\u00e7lar\u0131n\u0131 kar\u015f\u0131lamak i\u00e7in son derece \u00f6zelle\u015ftirilebilir hale getirir. \u00dczerinde \u00e7al\u0131\u015fmak kolayd\u0131r ve kamyon veya treylerin \u00f6zel tasar\u0131m gereksinimlerine uyacak \u015fekilde kesilebilir, b\u00fck\u00fclebilir ve \u015fekillendirilebilir. \u00dcr\u00fcn ayn\u0131 zamanda geri d\u00f6n\u00fc\u015ft\u00fcr\u00fclebilir olmas\u0131 nedeniyle \u00e7evre dostudur ve hem \u00fcreticiler hem de t\u00fcketiciler i\u00e7in s\u00fcrd\u00fcr\u00fclebilir bir se\u00e7imdir.<\/p>\n<p>Sonu\u00e7 olarak, renkli kaplamal\u0131 al\u00fcminyum kamyon kasa sac\u0131, kamyon ve treyler \u00fcreticileri i\u00e7in \u00e7ok say\u0131da avantaj sunan g\u00fcvenilir, uygun maliyetli ve \u00e7ok y\u00f6nl\u00fc bir malzemedir. Hafifli\u011fi, dayan\u0131kl\u0131l\u0131\u011f\u0131, korozyon direnci ve yal\u0131t\u0131m \u00f6zellikleri onu \u00e7e\u015fitli uygulamalar i\u00e7in tercih edilen bir se\u00e7enek haline getirmektedir. Ayr\u0131ca, \u00f6zelle\u015ftirilebilir renk ve kaplama se\u00e7enekleri tasar\u0131mda \u00e7ok y\u00f6nl\u00fcl\u00fck sa\u011flar ve kamyon g\u00f6vdesinin g\u00f6r\u00fcn\u00fcm\u00fcn\u00fc iyile\u015ftirir.<\/p>\n<p class=\"productsTags\"> Hot Tags: renk kapl\u0131 al\u00fcminyum kamyon g\u00f6vde sac\u0131, \u00c7in renk kapl\u0131 al\u00fcminyum kamyon g\u00f6vde sac\u0131 \u00fcreticileri, tedarik\u00e7ileri, fabrika,  <a href=\"\/tr\/showroom\/3-0mm-color-coated-aluminum-wood-grain-sheet\/\" target=\"_blank\" title=\"3 0mm Renkli Kaplamal\u0131 Al\u00fcminyum Ah\u015fap Damarl\u0131 Levha\" rel=\"noopener\">3 0mm Renkli Kaplamal\u0131 Al\u00fcminyum Ah\u015fap Damarl\u0131 Levha<\/a>, <a href=\"\/tr\/showroom\/14-gauge-aluminum-sheet-metal\/\" target=\"_blank\" title=\"14 gauge al\u00fcminyum sac\" rel=\"noopener\">14 gauge al\u00fcminyum sac<\/a>, <a href=\"\/tr\/showroom\/aligloss-composite-panel\/\" target=\"_blank\" title=\"aligloss kompozit panel\" rel=\"noopener\">aligloss kompozit panel<\/a>, <a href=\"\/tr\/showroom\/laser-aluminum-plate\/\" target=\"_blank\" title=\"lazer al\u00fcmi\u0307nyum plaka\" rel=\"noopener\">lazer al\u00fcmi\u0307nyum plaka<\/a>, <a href=\"\/tr\/showroom\/patterned-aluminum-panels\/\" target=\"_blank\" title=\"desenli al\u00fcminyum paneller\" rel=\"noopener\">desenli al\u00fcminyum paneller<\/a>, <a href=\"\/tr\/showroom\/aluminium-sheet-metal-fabrication\/\" target=\"_blank\" title=\"al\u00fcmi\u0307nyum sac i\u0307malati\" rel=\"noopener\">al\u00fcmi\u0307nyum sac i\u0307malati<\/a> <\/p>\n<p><\/input><\/p>","protected":false},"excerpt":{"rendered":"<p class=\"pdshow-r-text\">Renkli kaplamal\u0131 al\u00fcminyum kamyon kasa sac\u0131, kamyon ve treyler \u00fcretiminde kullan\u0131lan hafif ve dayan\u0131kl\u0131 bir malzemedir. Bu \u00fcr\u00fcn, pas ve korozyona kar\u015f\u0131 koruma sa\u011flamak i\u00e7in bir boya tabakas\u0131 ile kaplanm\u0131\u015f y\u00fcksek kaliteli al\u00fcminyumdan yap\u0131lm\u0131\u015ft\u0131r. Renk kaplamas\u0131 sadece g\u00f6r\u00fcn\u00fcm\u00fc iyile\u015ftirmekle kalmaz...<\/p>","protected":false},"featured_media":2696,"comment_status":"closed","ping_status":"open","template":"","meta":{"_gspb_post_css":""},"product_cat":[23,31],"product_tag":[],"product_brands":[],"class_list":{"0":"post-3169","1":"product","2":"type-product","3":"status-publish","4":"has-post-thumbnail","6":"product_cat-aluminum-sheet","7":"product_cat-prepainted-aluminum-sheet","9":"first","10":"instock","11":"product-type-simple"},"featured_image_urls":{"full":["https:\/\/atalu.cn\/wp-content\/uploads\/2024\/05\/color-coated-aluminum-truck-body-sheet.webp",730,730,false],"thumbnail":["https:\/\/atalu.cn\/wp-content\/uploads\/2024\/05\/color-coated-aluminum-truck-body-sheet-150x150.webp",150,150,true],"medium":["https:\/\/atalu.cn\/wp-content\/uploads\/2024\/05\/color-coated-aluminum-truck-body-sheet-300x300.webp",300,300,true],"medium_large":["https:\/\/atalu.cn\/wp-content\/uploads\/2024\/05\/color-coated-aluminum-truck-body-sheet.webp",730,730,false],"large":["https:\/\/atalu.cn\/wp-content\/uploads\/2024\/05\/color-coated-aluminum-truck-body-sheet.webp",730,730,false],"gs-tiny":["https:\/\/atalu.cn\/wp-content\/uploads\/2024\/05\/color-coated-aluminum-truck-body-sheet.webp",50,50,false],"xl":["https:\/\/atalu.cn\/wp-content\/uploads\/2024\/05\/color-coated-aluminum-truck-body-sheet.webp",730,730,false],"xxl":["https:\/\/atalu.cn\/wp-content\/uploads\/2024\/05\/color-coated-aluminum-truck-body-sheet.webp",730,730,false],"xxxl":["https:\/\/atalu.cn\/wp-content\/uploads\/2024\/05\/color-coated-aluminum-truck-body-sheet.webp",730,730,false],"xxxxl":["https:\/\/atalu.cn\/wp-content\/uploads\/2024\/05\/color-coated-aluminum-truck-body-sheet.webp",730,730,false],"xxxxxl":["https:\/\/atalu.cn\/wp-content\/uploads\/2024\/05\/color-coated-aluminum-truck-body-sheet.webp",730,730,false],"1536x1536":["https:\/\/atalu.cn\/wp-content\/uploads\/2024\/05\/color-coated-aluminum-truck-body-sheet.webp",730,730,false],"2048x2048":["https:\/\/atalu.cn\/wp-content\/uploads\/2024\/05\/color-coated-aluminum-truck-body-sheet.webp",730,730,false],"trp-custom-language-flag":["https:\/\/atalu.cn\/wp-content\/uploads\/2024\/05\/color-coated-aluminum-truck-body-sheet.webp",12,12,false],"woocommerce_archive_thumbnail":["https:\/\/atalu.cn\/wp-content\/uploads\/2024\/05\/color-coated-aluminum-truck-body-sheet-500x500.webp",500,500,true],"woocommerce_thumbnail":["https:\/\/atalu.cn\/wp-content\/uploads\/2024\/05\/color-coated-aluminum-truck-body-sheet-300x300.webp",300,300,true],"woocommerce_single":["https:\/\/atalu.cn\/wp-content\/uploads\/2024\/05\/color-coated-aluminum-truck-body-sheet-600x600.webp",600,600,true],"woocommerce_gallery_thumbnail":["https:\/\/atalu.cn\/wp-content\/uploads\/2024\/05\/color-coated-aluminum-truck-body-sheet-100x100.webp",100,100,true]},"post_excerpt_stackable":"<p class=\"pdshow-r-text\">Color coated aluminum truck body sheet is a lightweight and durable material used for manufacturing trucks and trailers. This product is made from high-quality aluminum, which is coated with a layer of paint to provide protection against rust and corrosion. The color coating not only enhances&#8230;<\/p>\n","category_list":"","author_info":{"name":"","url":""},"comments_num":"0 comments","_links":{"self":[{"href":"https:\/\/atalu.cn\/tr\/wp-json\/wp\/v2\/product\/3169","targetHints":{"allow":["GET"]}}],"collection":[{"href":"https:\/\/atalu.cn\/tr\/wp-json\/wp\/v2\/product"}],"about":[{"href":"https:\/\/atalu.cn\/tr\/wp-json\/wp\/v2\/types\/product"}],"replies":[{"embeddable":true,"href":"https:\/\/atalu.cn\/tr\/wp-json\/wp\/v2\/comments?post=3169"}],"wp:featuredmedia":[{"embeddable":true,"href":"https:\/\/atalu.cn\/tr\/wp-json\/wp\/v2\/media\/2696"}],"wp:attachment":[{"href":"https:\/\/atalu.cn\/tr\/wp-json\/wp\/v2\/media?parent=3169"}],"wp:term":[{"taxonomy":"product_cat","embeddable":true,"href":"https:\/\/atalu.cn\/tr\/wp-json\/wp\/v2\/product_cat?post=3169"},{"taxonomy":"product_tag","embeddable":true,"href":"https:\/\/atalu.cn\/tr\/wp-json\/wp\/v2\/product_tag?post=3169"},{"taxonomy":"product_brands","embeddable":true,"href":"https:\/\/atalu.cn\/tr\/wp-json\/wp\/v2\/product_brands?post=3169"}],"curies":[{"name":"wp","href":"https:\/\/api.w.org\/{rel}","templated":true}]}}