{"id":3210,"date":"2024-05-05T20:31:19","date_gmt":"2024-05-05T12:31:19","guid":{"rendered":"http:\/\/localhost:8012\/product\/matt-color-coated-aluminum-sheet"},"modified":"2024-05-05T20:31:19","modified_gmt":"2024-05-05T12:31:19","slug":"matt-color-coated-aluminum-sheet","status":"publish","type":"product","link":"https:\/\/atalu.cn\/tr\/matt-color-coated-aluminum-sheet","title":{"rendered":"Mat Renkli Kaplamal\u0131 Al\u00fcminyum Levha"},"content":{"rendered":"<p><input id=\"productID\" name=\"productID\" type=\"hidden\" value=\"204836091\"><\/p>\n<p>\u00e7e\u015fitli t\u00fcccarlar i\u00e7in.<\/p>\n<p>\u00a0<\/p>\n<p>Kar\u015f\u0131n\u0131zda Mat Renkli Kaplamal\u0131 Al\u00fcminyum Levha - \u0130\u015f \u0130htiya\u00e7lar\u0131n\u0131z i\u00e7in Dayan\u0131kl\u0131 ve \u00c7ok Y\u00f6nl\u00fc Bir \u00dcr\u00fcn<\/p>\n<p>\u00a0<\/p>\n<p>\u0130\u015f ihtiya\u00e7lar\u0131n\u0131z i\u00e7in g\u00fcvenilir ve dayan\u0131kl\u0131 bir malzeme mi ar\u0131yorsunuz? Cevab\u0131n\u0131z evet ise, Mat Renkli Kaplamal\u0131 Al\u00fcminyum Levha \u00fcr\u00fcn\u00fcm\u00fcz sizin i\u00e7in m\u00fckemmel bir \u00e7\u00f6z\u00fcmd\u00fcr. \u00c7in'de bulunan ve her t\u00fcrl\u00fc i\u015f i\u00e7in y\u00fcksek kaliteli al\u00fcminyum levha \u00fcr\u00fcnleri \u00fcreten tan\u0131nm\u0131\u015f bir \u00fcreticiyiz.<\/p>\n<p>\u00a0<\/p>\n<p>Mat Renkli Kaplamal\u0131 Al\u00fcminyum Levham\u0131z, \u00e7e\u015fitli end\u00fcstriyel ve ticari uygulamalar i\u00e7in kullanabilece\u011finiz \u00e7ok y\u00f6nl\u00fc bir \u00fcr\u00fcnd\u00fcr. Mimari ve dekoratif ama\u00e7lar\u0131n yan\u0131 s\u0131ra bina ve in\u015faat ihtiya\u00e7lar\u0131 i\u00e7in y\u00fcksek kaliteli bitmi\u015f \u00fcr\u00fcnler olu\u015fturmak i\u00e7in ideal bir \u00e7\u00f6z\u00fcmd\u00fcr.<\/p>\n<p>\u00a0<\/p>\n<p>\u00dcretim tesislerimizde, \u00fcst\u00fcn kalitede al\u00fcminyum levhalar \u00fcretmemizi sa\u011flamak i\u00e7in geli\u015fmi\u015f \u00fcretim teknolojisinden yararlan\u0131yoruz. Mat Renkli Kaplamal\u0131 Al\u00fcminyum Levham\u0131z, sert hava ko\u015fullar\u0131na, korozyona ve a\u015f\u0131nmaya dayanabilecek estetik bir \u00e7ekicilik ve dayan\u0131kl\u0131l\u0131k sa\u011flayan \u00f6zel bir kaplama ile i\u015flenir.<\/p>\n<p>\u00a0<\/p>\n<p>Mat Renkli Kaplamal\u0131 Al\u00fcminyum Sac\u0131m\u0131z\u0131n Temel Faydalar\u0131<\/p>\n<p>\u00a0<\/p>\n<p>1. Dayan\u0131kl\u0131l\u0131k: Mat Renkli Kaplamal\u0131 Al\u00fcminyum Levham\u0131z, a\u015f\u0131r\u0131 s\u0131cakl\u0131klar ve nem gibi zorlu \u00e7evre ko\u015fullar\u0131na dayanacak \u015fekilde tasarlanm\u0131\u015ft\u0131r. Kolayca korozyona u\u011framaz veya parlakl\u0131\u011f\u0131n\u0131 kaybetmez, bu da onu d\u0131\u015f mekan dekoratif panelleri, mimari yap\u0131lar ve bina d\u0131\u015f cepheleri i\u00e7in m\u00fckemmel bir se\u00e7im haline getirir.<\/p>\n<p>\u00a0<\/p>\n<p>2. \u00c7ok y\u00f6nl\u00fcl\u00fck: Mat Renkli Kaplamal\u0131 Al\u00fcminyum Levham\u0131z, i\u015f ihtiya\u00e7lar\u0131n\u0131za ba\u011fl\u0131 olarak se\u00e7ebilece\u011finiz \u00e7ok \u00e7e\u015fitli renk ve y\u00fczeylerde gelir. \u0130ster mat bir y\u00fczey ister parlak ve yans\u0131t\u0131c\u0131 bir y\u00fczey ar\u0131yor olun, sipari\u015finizi gereksinimlerinizi kar\u015f\u0131layacak \u015fekilde \u00f6zelle\u015ftirebiliriz.<\/p>\n<p>\u00a0<\/p>\n<p>3. \u00c7al\u0131\u015fmas\u0131 Kolay: Mat Renkli Kaplamal\u0131 Al\u00fcminyum Levham\u0131z\u0131n kurulumu, imalat\u0131 ve kesimi kolayd\u0131r. Hafiftir, ta\u015f\u0131nmas\u0131n\u0131 ve kullan\u0131lmas\u0131n\u0131 kolayla\u015ft\u0131r\u0131r ve herhangi bir \u015fekil veya boyuta g\u00f6re \u00f6zelle\u015ftirilebilir. Duvar kaplamas\u0131, \u00e7at\u0131 kaplamas\u0131, tavan panelleri, cepheler ve \u00e7ok y\u00f6nl\u00fc malzemeler gerektiren di\u011fer uygulamalar i\u00e7in kullanabilirsiniz.<\/p>\n<p>\u00a0<\/p>\n<p>4. D\u00fc\u015f\u00fck Bak\u0131m: Mat Renkli Kaplamal\u0131 Al\u00fcminyum Levham\u0131z minimum bak\u0131m gerektirir. Sabun ve su ile temizlenmesi kolayd\u0131r ve herhangi bir \u00f6zel temizleme sol\u00fcsyonu gerektirmez.<\/p>\n<p>\u00a0<\/p>\n<p>5. \u00c7evre Dostu: Mat Renkli Kaplamal\u0131 Al\u00fcminyum Levham\u0131z, 100% geri d\u00f6n\u00fc\u015ft\u00fcr\u00fclebilir al\u00fcminyumdan yap\u0131lm\u0131\u015f \u00e7evre dostu bir malzemedir. Herhangi bir tehlikeli madde salmaz, bu da onu insan kullan\u0131m\u0131 ve \u00e7evre i\u00e7in g\u00fcvenli hale getirir.<\/p>\n<p>\u00a0<\/p>\n<p>Neden Mat Renkli Kaplamal\u0131 Al\u00fcminyum Levham\u0131z\u0131 Se\u00e7melisiniz?<\/p>\n<p>\u00a0<\/p>\n<p>1. Y\u00fcksek Kaliteli \u00dcr\u00fcn: Mat Renkli Kaplamal\u0131 Al\u00fcminyum Levham\u0131z\u0131 piyasada e\u015fi benzeri olmayan ola\u011fan\u00fcst\u00fc kalite standartlar\u0131nda \u00fcretiyoruz. \u00dcr\u00fcnlerimiz, istenen standartlar\u0131 kar\u015f\u0131lad\u0131klar\u0131ndan emin olmak i\u00e7in titiz kalite testlerinden ge\u00e7mektedir.<\/p>\n<p>\u00a0<\/p>\n<p>2. Rekabet\u00e7i Fiyatland\u0131rma: \u0130\u015fletmelerin kaliteden \u00f6d\u00fcn vermeden maliyetlerden tasarruf etmelerine yard\u0131mc\u0131 olmak i\u00e7in \u00fcr\u00fcnlerimizi makul fiyatlarla sunuyoruz.<\/p>\n<p>\u00a0<\/p>\n<p>3. M\u00fc\u015fteri Hizmetleri: T\u00fcm sorular\u0131n\u0131z ve endi\u015feleriniz konusunda size yard\u0131mc\u0131 olmak i\u00e7in her zaman haz\u0131r olan profesyonel m\u00fc\u015fteri destek personelinden olu\u015fan bir ekibimiz var. M\u00fc\u015fterilerimizin her sat\u0131n alma i\u015fleminden memnun kalmalar\u0131n\u0131 sa\u011flamak i\u00e7in m\u00fckemmel m\u00fc\u015fteri hizmeti sunmaya \u00e7al\u0131\u015f\u0131yoruz.<\/p>\n<p>\u00a0<\/p>\n<p>4. H\u0131zl\u0131 Teslimat Hizmetleri: Sipari\u015fleri m\u00fc\u015fterilerimize derhal teslim etmemizi sa\u011flayan k\u00f6kl\u00fc bir tedarik zinciri a\u011f\u0131na sahibiz. Sipari\u015flerinizin zaman\u0131nda ve iyi durumda teslim edilmesini sa\u011fl\u0131yoruz.<\/p>\n<p>\u00a0<\/p>\n<p>Sonu\u00e7<\/p>\n<p>\u00a0<\/p>\n<p>Mat Renkli Kaplamal\u0131 Al\u00fcminyum Levham\u0131z, \u00e7e\u015fitli i\u015f ihtiya\u00e7lar\u0131 i\u00e7in m\u00fckemmel bir malzemedir. Dayan\u0131kl\u0131l\u0131\u011f\u0131, \u00e7ok y\u00f6nl\u00fcl\u00fc\u011f\u00fc ve az bak\u0131m gerektiren \u00f6zellikleri ile t\u00fcm bina ve in\u015faat ihtiya\u00e7lar\u0131n\u0131z i\u00e7in m\u00fckemmel bir \u00e7\u00f6z\u00fcmd\u00fcr. Mat Renkli Kaplamal\u0131 Al\u00fcminyum Levha sipari\u015fi vermek ve bu y\u00fcksek kaliteli \u00fcr\u00fcn\u00fcn avantajlar\u0131n\u0131 deneyimlemek i\u00e7in bug\u00fcn bize ula\u015f\u0131n.<\/p>\n<p>\u00a0<\/p>\n<p>\u00a0<\/p>\n<div class=\"wmkc-template-7\">\n<h5>\u00dcr\u00fcn A\u00e7\u0131klamas\u0131<\/h5>\n<\/div>\n<p>\u00a0<\/p>\n<p>Mat renk kapl\u0131 al\u00fcminyum levha, mat bir y\u00fczeye sahip ve \u00f6zel bir renkle kaplanm\u0131\u015f bir al\u00fcminyum levha t\u00fcr\u00fcd\u00fcr. Mat y\u00fczey, \u0131\u015f\u0131\u011f\u0131 da\u011f\u0131tan ve y\u00fczeyden yans\u0131mas\u0131n\u0131 \u00f6nleyen \u00f6zel bir kaplama kullan\u0131larak elde edilir, bu da onu y\u00fcksek yans\u0131t\u0131c\u0131l\u0131\u011f\u0131n istenmedi\u011fi uygulamalarda kullan\u0131m i\u00e7in ideal hale getirir.<br \/>\n\u00a0<\/p>\n<div class=\"wmkc-template-7\">\n<h5>\u00dcr\u00fcn Bilgileri<\/h5>\n<\/div>\n<p>\u00a0<\/p>\n<p>Mat renk kaplamal\u0131 al\u00fcminyum levha i\u00e7in kullan\u0131lan al\u00fcminyum levha, m\u00fckemmel g\u00fc\u00e7 ve dayan\u0131kl\u0131l\u0131k sa\u011flayan y\u00fcksek kaliteli al\u00fcminyum ala\u015f\u0131mdan yap\u0131lm\u0131\u015ft\u0131r. Hafiftir, korozyona dayan\u0131kl\u0131d\u0131r ve zorlu hava ko\u015fullar\u0131na dayanabilir, bu da onu \u00e7e\u015fitli uygulamalarda kullan\u0131m i\u00e7in uygun hale getirir.<\/p>\n<p>Mat renk kaplamal\u0131 al\u00fcminyum levhada kullan\u0131lan \u00f6zel renk kaplama, rulo kaplama i\u015flemi ile uygulan\u0131r. Bu, kaplaman\u0131n homojen olmas\u0131n\u0131 ve al\u00fcminyum levhan\u0131n y\u00fczeyine s\u0131k\u0131ca yap\u0131\u015fmas\u0131n\u0131 sa\u011flar. Kaplama daha sonra al\u00fcminyum y\u00fczeye tamamen yap\u0131\u015fmas\u0131n\u0131 sa\u011flamak i\u00e7in y\u00fcksek s\u0131cakl\u0131kta k\u00fcrlenir.<\/p>\n<p>\u00a0<\/p>\n<div class=\"wmkc-template-7\">\n<h5>\u00dcr\u00fcn Avantaj\u0131<\/h5>\n<\/div>\n<p>\u00a0<\/p>\n<p>Mat renk kapl\u0131 al\u00fcminyum levha, siyah, beyaz, gri ve di\u011fer tonlar dahil olmak \u00fczere \u00e7ok \u00e7e\u015fitli renklerde mevcuttur. Bu da onu renk koordinasyonunun \u00f6nemli oldu\u011fu mimari ve dekoratif uygulamalarda kullan\u0131m i\u00e7in pop\u00fcler bir se\u00e7im haline getirir.<\/p>\n<p>Estetik \u00e7ekicili\u011finin yan\u0131 s\u0131ra, Mat renk kapl\u0131 al\u00fcminyum levha ayn\u0131 zamanda m\u00fckemmel dayan\u0131kl\u0131l\u0131k ve hava ko\u015fullar\u0131na kar\u015f\u0131 diren\u00e7 sunar. Zorlu hava ko\u015fullar\u0131nda bile solmaya, \u00e7atlamaya ve soyulmaya kar\u015f\u0131 dayan\u0131kl\u0131d\u0131r, bu da onu d\u0131\u015f uygulamalar i\u00e7in g\u00fcvenilir bir se\u00e7im haline getirir.<\/p>\n<p>Genel olarak, Mat renkli kaplamal\u0131 al\u00fcminyum levha, dayan\u0131kl\u0131l\u0131k, estetik ve hava ko\u015fullar\u0131na dayan\u0131kl\u0131l\u0131\u011f\u0131n benzersiz bir kombinasyonunu sunan \u00e7ok y\u00f6nl\u00fc bir malzemedir. \u0130ster mimaride, ister otomotivde veya di\u011fer uygulamalarda kullan\u0131ls\u0131n, \u00e7ok \u00e7e\u015fitli ihtiya\u00e7lar i\u00e7in uygun maliyetli ve g\u00fcvenilir bir \u00e7\u00f6z\u00fcm sa\u011flar.<\/p>\n<p class=\"productsTags\"> Hot Tags: mat renk kapl\u0131 al\u00fcminyum levha, \u00c7in mat renk kapl\u0131 al\u00fcminyum levha \u00fcreticileri, tedarik\u00e7ileri, fabrika,  <a href=\"\/tr\/showroom\/uv-reflective-aluminum-sheet\/\" target=\"_blank\" title=\"uv yans\u0131t\u0131c\u0131 al\u00fcminyum levha\" rel=\"noopener\">uv yans\u0131t\u0131c\u0131 al\u00fcminyum levha<\/a>, <a href=\"\/tr\/showroom\/20mm-aluminium-sheet\/\" target=\"_blank\" title=\"20mm al\u00fcminyum levha\" rel=\"noopener\">20mm al\u00fcminyum levha<\/a>, <a href=\"\/tr\/showroom\/aluminum-honeycomb-sheet\/\" target=\"_blank\" title=\"al\u00fcminyum petek levha\" rel=\"noopener\">al\u00fcminyum petek levha<\/a>, <a href=\"\/tr\/showroom\/4mm-aluminium-sheet\/\" target=\"_blank\" title=\"4mm al\u00fcminyum levha\" rel=\"noopener\">4mm al\u00fcminyum levha<\/a>, <a href=\"\/tr\/showroom\/12mm-aluminium-plate\/\" target=\"_blank\" title=\"12mm al\u00fcminyum plaka\" rel=\"noopener\">12mm al\u00fcminyum plaka<\/a>, <a href=\"\/tr\/showroom\/mill-finish-aluminum-sheet\/\" target=\"_blank\" title=\"de\u011firmen cilal\u0131 al\u00fcminyum levha\" rel=\"noopener\">de\u011firmen cilal\u0131 al\u00fcminyum levha<\/a> <\/p>\n<p><\/input><\/p>","protected":false},"excerpt":{"rendered":"<p class=\"pdshow-r-text\">\u00dcr\u00fcn Tan\u0131m\u0131 Mat renk kapl\u0131 al\u00fcminyum levha, mat bir y\u00fczeye sahip ve \u00f6zel bir renkle kaplanm\u0131\u015f bir al\u00fcminyum levha t\u00fcr\u00fcd\u00fcr. Mat y\u00fczey, \u0131\u015f\u0131\u011f\u0131 da\u011f\u0131tan ve y\u00fczeyden yans\u0131mas\u0131n\u0131 \u00f6nleyen \u00f6zel bir kaplama kullan\u0131larak elde edilir, bu da onu ideal hale getirir ...<\/p>","protected":false},"featured_media":2107,"comment_status":"closed","ping_status":"open","template":"","meta":{"_gspb_post_css":""},"product_cat":[23,31],"product_tag":[],"product_brands":[],"class_list":{"0":"post-3210","1":"product","2":"type-product","3":"status-publish","4":"has-post-thumbnail","6":"product_cat-aluminum-sheet","7":"product_cat-prepainted-aluminum-sheet","9":"first","10":"instock","11":"product-type-simple"},"featured_image_urls":{"full":["https:\/\/atalu.cn\/wp-content\/uploads\/2024\/05\/matt-color-coated-aluminum-sheet.webp",730,730,false],"thumbnail":["https:\/\/atalu.cn\/wp-content\/uploads\/2024\/05\/matt-color-coated-aluminum-sheet-150x150.webp",150,150,true],"medium":["https:\/\/atalu.cn\/wp-content\/uploads\/2024\/05\/matt-color-coated-aluminum-sheet-300x300.webp",300,300,true],"medium_large":["https:\/\/atalu.cn\/wp-content\/uploads\/2024\/05\/matt-color-coated-aluminum-sheet.webp",730,730,false],"large":["https:\/\/atalu.cn\/wp-content\/uploads\/2024\/05\/matt-color-coated-aluminum-sheet.webp",730,730,false],"gs-tiny":["https:\/\/atalu.cn\/wp-content\/uploads\/2024\/05\/matt-color-coated-aluminum-sheet.webp",50,50,false],"xl":["https:\/\/atalu.cn\/wp-content\/uploads\/2024\/05\/matt-color-coated-aluminum-sheet.webp",730,730,false],"xxl":["https:\/\/atalu.cn\/wp-content\/uploads\/2024\/05\/matt-color-coated-aluminum-sheet.webp",730,730,false],"xxxl":["https:\/\/atalu.cn\/wp-content\/uploads\/2024\/05\/matt-color-coated-aluminum-sheet.webp",730,730,false],"xxxxl":["https:\/\/atalu.cn\/wp-content\/uploads\/2024\/05\/matt-color-coated-aluminum-sheet.webp",730,730,false],"xxxxxl":["https:\/\/atalu.cn\/wp-content\/uploads\/2024\/05\/matt-color-coated-aluminum-sheet.webp",730,730,false],"1536x1536":["https:\/\/atalu.cn\/wp-content\/uploads\/2024\/05\/matt-color-coated-aluminum-sheet.webp",730,730,false],"2048x2048":["https:\/\/atalu.cn\/wp-content\/uploads\/2024\/05\/matt-color-coated-aluminum-sheet.webp",730,730,false],"trp-custom-language-flag":["https:\/\/atalu.cn\/wp-content\/uploads\/2024\/05\/matt-color-coated-aluminum-sheet.webp",12,12,false],"woocommerce_archive_thumbnail":["https:\/\/atalu.cn\/wp-content\/uploads\/2024\/05\/matt-color-coated-aluminum-sheet-500x500.webp",500,500,true],"woocommerce_thumbnail":["https:\/\/atalu.cn\/wp-content\/uploads\/2024\/05\/matt-color-coated-aluminum-sheet-300x300.webp",300,300,true],"woocommerce_single":["https:\/\/atalu.cn\/wp-content\/uploads\/2024\/05\/matt-color-coated-aluminum-sheet-600x600.webp",600,600,true],"woocommerce_gallery_thumbnail":["https:\/\/atalu.cn\/wp-content\/uploads\/2024\/05\/matt-color-coated-aluminum-sheet-100x100.webp",100,100,true]},"post_excerpt_stackable":"<p class=\"pdshow-r-text\">Products Description Matt color coated aluminum sheet is a type of aluminum sheet that has a matte finish and is coated with a special color. The matte finish is achieved by the use of a special coating that diffuses the light and prevents it from reflecting off the surface, which makes it ideal&#8230;<\/p>\n","category_list":"","author_info":{"name":"","url":""},"comments_num":"0 comments","_links":{"self":[{"href":"https:\/\/atalu.cn\/tr\/wp-json\/wp\/v2\/product\/3210","targetHints":{"allow":["GET"]}}],"collection":[{"href":"https:\/\/atalu.cn\/tr\/wp-json\/wp\/v2\/product"}],"about":[{"href":"https:\/\/atalu.cn\/tr\/wp-json\/wp\/v2\/types\/product"}],"replies":[{"embeddable":true,"href":"https:\/\/atalu.cn\/tr\/wp-json\/wp\/v2\/comments?post=3210"}],"wp:featuredmedia":[{"embeddable":true,"href":"https:\/\/atalu.cn\/tr\/wp-json\/wp\/v2\/media\/2107"}],"wp:attachment":[{"href":"https:\/\/atalu.cn\/tr\/wp-json\/wp\/v2\/media?parent=3210"}],"wp:term":[{"taxonomy":"product_cat","embeddable":true,"href":"https:\/\/atalu.cn\/tr\/wp-json\/wp\/v2\/product_cat?post=3210"},{"taxonomy":"product_tag","embeddable":true,"href":"https:\/\/atalu.cn\/tr\/wp-json\/wp\/v2\/product_tag?post=3210"},{"taxonomy":"product_brands","embeddable":true,"href":"https:\/\/atalu.cn\/tr\/wp-json\/wp\/v2\/product_brands?post=3210"}],"curies":[{"name":"wp","href":"https:\/\/api.w.org\/{rel}","templated":true}]}}