{"id":3245,"date":"2024-05-05T20:31:26","date_gmt":"2024-05-05T12:31:26","guid":{"rendered":"http:\/\/localhost:8012\/product\/prepained-aluminum-trim-coil"},"modified":"2024-05-05T20:31:26","modified_gmt":"2024-05-05T12:31:26","slug":"prepained-aluminum-trim-coil","status":"publish","type":"product","link":"https:\/\/atalu.cn\/tr\/prepained-aluminum-trim-coil","title":{"rendered":"Boyal\u0131 Al\u00fcminyum Trim Bobin"},"content":{"rendered":"<p><input id=\"productID\" name=\"productID\" type=\"hidden\" value=\"206368522\"><\/p>\n<p>\u00d6nceden boyanm\u0131\u015f al\u00fcminyum trim bobini, d\u0131\u015f kaplama, mimari elemanlar, fasya panolar\u0131, dekoratif d\u00f6\u015feme ve pervazlar ve daha fazlas\u0131 gibi \u00e7e\u015fitli uygulamalar i\u00e7in kullan\u0131lan \u00e7ok y\u00f6nl\u00fc bir \u00fcr\u00fcnd\u00fcr. Al\u00fcminyum bobinlerin \u00e7ok \u00e7e\u015fitli renk ve dokularda \u00f6nceden boyanmas\u0131yla yap\u0131l\u0131r, bu da herhangi bir tasar\u0131m veya mimariye uymay\u0131 kolayla\u015ft\u0131r\u0131r.<\/p>\n<p>\u00d6nceden boyanm\u0131\u015f al\u00fcminyum trim bobininin en \u00f6nemli avantajlar\u0131ndan biri, son derece dayan\u0131kl\u0131 ve hava ko\u015fullar\u0131na dayan\u0131kl\u0131 olmas\u0131d\u0131r. \u00d6nceden boyanm\u0131\u015f kaplama, al\u00fcminyumu elementlerden koruyarak pas, korozyon ve zaman i\u00e7inde solmay\u0131 \u00f6nler. Bu, onu sert hava ko\u015fullar\u0131na maruz kalaca\u011f\u0131 d\u0131\u015f uygulamalar i\u00e7in ideal bir se\u00e7im haline getirir.<\/p>\n<p>\u00d6nceden boyanm\u0131\u015f al\u00fcminyum trim bobininin bir ba\u015fka avantaj\u0131 da hafif olmas\u0131d\u0131r, bu da kurulumu ve ta\u015f\u0131nmas\u0131n\u0131 kolayla\u015ft\u0131r\u0131r. Herhangi bir tasar\u0131m gereksinimine uyacak \u015fekilde kesilebildi\u011fi, b\u00fck\u00fclebildi\u011fi ve \u015fekillendirilebildi\u011fi i\u00e7in \u00e7al\u0131\u015fmas\u0131 da kolayd\u0131r. Bu, onu hem \u00e7ok y\u00f6nl\u00fc hem de kullan\u0131m\u0131 kolay bir \u00fcr\u00fcn isteyen in\u015faat\u00e7\u0131lar, mimarlar ve tasar\u0131mc\u0131lar aras\u0131nda pop\u00fcler bir se\u00e7im haline getirir.<\/p>\n<p>\u00d6nceden boyanm\u0131\u015f al\u00fcminyum trim bobini, projeniz i\u00e7in benzersiz bir g\u00f6r\u00fcn\u00fcm olu\u015fturman\u0131za olanak tan\u0131yan \u00e7e\u015fitli renk ve dokularda mevcuttur. Renkler solmaya kar\u015f\u0131 dayan\u0131kl\u0131 ve uzun \u00f6m\u00fcrl\u00fcd\u00fcr, bu nedenle kaplaman\u0131n zaman i\u00e7inde parlakl\u0131\u011f\u0131n\u0131 kaybetmesi konusunda endi\u015felenmenize gerek kalmaz. Ayr\u0131ca mat, parlak ve dokulu gibi farkl\u0131 y\u00fczeyler de mevcut olup her t\u00fcrl\u00fc tasar\u0131m esteti\u011fine uyum sa\u011flaman\u0131za olanak tan\u0131r.<\/p>\n<p>\u00d6zetle, \u00f6nceden boyanm\u0131\u015f al\u00fcminyum trim bobini, \u00e7ok \u00e7e\u015fitli uygulamalar i\u00e7in kullan\u0131lan \u00e7ok y\u00f6nl\u00fc ve dayan\u0131kl\u0131 bir \u00fcr\u00fcnd\u00fcr. Kurulumu kolayd\u0131r, hafiftir ve \u00e7e\u015fitli renk ve y\u00fczeylere sahiptir, bu da onu in\u015faat\u00e7\u0131lar, mimarlar ve tasar\u0131mc\u0131lar aras\u0131nda pop\u00fcler bir se\u00e7im haline getirir. Hem pratik hem de g\u00f6rsel olarak \u00e7ekici bir \u00fcr\u00fcn ar\u0131yorsan\u0131z, \u00f6nceden boyanm\u0131\u015f al\u00fcminyum trim bobini m\u00fckemmel bir se\u00e7imdir.<\/p>\n<p class=\"productsTags\"> Hot Tags: prepained al\u00fcminyum trim bobini, \u00c7in prepained al\u00fcminyum trim bobini \u00fcreticileri, tedarik\u00e7ileri, fabrika,  <a href=\"\/tr\/showroom\/wood-grain-pvc-trim-coil\/\" target=\"_blank\" title=\"ah\u015fap tah\u0131l pvc d\u00f6\u015feme bobini\" rel=\"noopener\">ah\u015fap tah\u0131l pvc d\u00f6\u015feme bobini<\/a>, <a href=\"\/tr\/showroom\/1100-color-coated-aluminum-coil\/\" target=\"_blank\" title=\"1100 Renk Kapl\u0131 Al\u00fcminyum Bobin\" rel=\"noopener\">1100 Renk Kapl\u0131 Al\u00fcminyum Bobin<\/a>, <a href=\"\/tr\/showroom\/wood-grain-aluminum-trim-coil\/\" target=\"_blank\" title=\"ah\u015fap damarl\u0131 al\u00fcminyum kaplama bobini\" rel=\"noopener\">ah\u015fap damarl\u0131 al\u00fcminyum kaplama bobini<\/a>, <a href=\"\/tr\/showroom\/wood-grain-aluminum-coil\/\" target=\"_blank\" title=\"ah\u015fap damarl\u0131 al\u00fcminyum bobin\" rel=\"noopener\">ah\u015fap damarl\u0131 al\u00fcminyum bobin<\/a>, <a href=\"\/tr\/showroom\/high-precision-aluminum-coil-coating-color-for-gutter\/\" target=\"_blank\" title=\"Oluk \u0130\u00e7in Y\u00fcksek Hassasiyetli Al\u00fcminyum Bobin Kaplama Rengi\" rel=\"noopener\">Oluk \u0130\u00e7in Y\u00fcksek Hassasiyetli Al\u00fcminyum Bobin Kaplama Rengi<\/a>, <a href=\"\/tr\/showroom\/wood-aluminium-coil\/\" target=\"_blank\" title=\"ah\u015fap al\u00fcminyum bobin\" rel=\"noopener\">ah\u015fap al\u00fcminyum bobin<\/a> <\/p>\n<p><\/input><\/p>","protected":false},"excerpt":{"rendered":"<p class=\"pdshow-r-text\">\u00d6nceden boyanm\u0131\u015f al\u00fcminyum trim bobini, d\u0131\u015f kaplama, mimari elemanlar, fasya panolar\u0131, dekoratif d\u00f6\u015feme ve pervazlar ve daha fazlas\u0131 gibi \u00e7e\u015fitli uygulamalar i\u00e7in kullan\u0131lan \u00e7ok y\u00f6nl\u00fc bir \u00fcr\u00fcnd\u00fcr. Al\u00fcminyum bobinlerin \u00e7ok \u00e7e\u015fitli renk ve dokularda \u00f6nceden boyanmas\u0131yla yap\u0131l\u0131r, bu da...<\/p>","protected":false},"featured_media":2606,"comment_status":"closed","ping_status":"open","template":"","meta":{"_gspb_post_css":""},"product_cat":[22],"product_tag":[],"product_brands":[],"class_list":{"0":"post-3245","1":"product","2":"type-product","3":"status-publish","4":"has-post-thumbnail","6":"product_cat-aluminum-coil","8":"first","9":"instock","10":"product-type-simple"},"featured_image_urls":{"full":["https:\/\/atalu.cn\/wp-content\/uploads\/2024\/05\/prepained-aluminum-trim-coil.webp",730,730,false],"thumbnail":["https:\/\/atalu.cn\/wp-content\/uploads\/2024\/05\/prepained-aluminum-trim-coil-150x150.webp",150,150,true],"medium":["https:\/\/atalu.cn\/wp-content\/uploads\/2024\/05\/prepained-aluminum-trim-coil-300x300.webp",300,300,true],"medium_large":["https:\/\/atalu.cn\/wp-content\/uploads\/2024\/05\/prepained-aluminum-trim-coil.webp",730,730,false],"large":["https:\/\/atalu.cn\/wp-content\/uploads\/2024\/05\/prepained-aluminum-trim-coil.webp",730,730,false],"gs-tiny":["https:\/\/atalu.cn\/wp-content\/uploads\/2024\/05\/prepained-aluminum-trim-coil.webp",50,50,false],"xl":["https:\/\/atalu.cn\/wp-content\/uploads\/2024\/05\/prepained-aluminum-trim-coil.webp",730,730,false],"xxl":["https:\/\/atalu.cn\/wp-content\/uploads\/2024\/05\/prepained-aluminum-trim-coil.webp",730,730,false],"xxxl":["https:\/\/atalu.cn\/wp-content\/uploads\/2024\/05\/prepained-aluminum-trim-coil.webp",730,730,false],"xxxxl":["https:\/\/atalu.cn\/wp-content\/uploads\/2024\/05\/prepained-aluminum-trim-coil.webp",730,730,false],"xxxxxl":["https:\/\/atalu.cn\/wp-content\/uploads\/2024\/05\/prepained-aluminum-trim-coil.webp",730,730,false],"1536x1536":["https:\/\/atalu.cn\/wp-content\/uploads\/2024\/05\/prepained-aluminum-trim-coil.webp",730,730,false],"2048x2048":["https:\/\/atalu.cn\/wp-content\/uploads\/2024\/05\/prepained-aluminum-trim-coil.webp",730,730,false],"trp-custom-language-flag":["https:\/\/atalu.cn\/wp-content\/uploads\/2024\/05\/prepained-aluminum-trim-coil.webp",12,12,false],"woocommerce_archive_thumbnail":["https:\/\/atalu.cn\/wp-content\/uploads\/2024\/05\/prepained-aluminum-trim-coil-500x500.webp",500,500,true],"woocommerce_thumbnail":["https:\/\/atalu.cn\/wp-content\/uploads\/2024\/05\/prepained-aluminum-trim-coil-300x300.webp",300,300,true],"woocommerce_single":["https:\/\/atalu.cn\/wp-content\/uploads\/2024\/05\/prepained-aluminum-trim-coil-600x600.webp",600,600,true],"woocommerce_gallery_thumbnail":["https:\/\/atalu.cn\/wp-content\/uploads\/2024\/05\/prepained-aluminum-trim-coil-100x100.webp",100,100,true]},"post_excerpt_stackable":"<p class=\"pdshow-r-text\">Pre-painted aluminum trim coil is a versatile product that is used for various applications such as exterior trim, architectural elements, fascia boards, decorative trim and moldings, and more. It is made by pre-painting aluminum coils in a wide range of colors and textures, making it easy to&#8230;<\/p>\n","category_list":"","author_info":{"name":"","url":""},"comments_num":"0 comments","_links":{"self":[{"href":"https:\/\/atalu.cn\/tr\/wp-json\/wp\/v2\/product\/3245","targetHints":{"allow":["GET"]}}],"collection":[{"href":"https:\/\/atalu.cn\/tr\/wp-json\/wp\/v2\/product"}],"about":[{"href":"https:\/\/atalu.cn\/tr\/wp-json\/wp\/v2\/types\/product"}],"replies":[{"embeddable":true,"href":"https:\/\/atalu.cn\/tr\/wp-json\/wp\/v2\/comments?post=3245"}],"wp:featuredmedia":[{"embeddable":true,"href":"https:\/\/atalu.cn\/tr\/wp-json\/wp\/v2\/media\/2606"}],"wp:attachment":[{"href":"https:\/\/atalu.cn\/tr\/wp-json\/wp\/v2\/media?parent=3245"}],"wp:term":[{"taxonomy":"product_cat","embeddable":true,"href":"https:\/\/atalu.cn\/tr\/wp-json\/wp\/v2\/product_cat?post=3245"},{"taxonomy":"product_tag","embeddable":true,"href":"https:\/\/atalu.cn\/tr\/wp-json\/wp\/v2\/product_tag?post=3245"},{"taxonomy":"product_brands","embeddable":true,"href":"https:\/\/atalu.cn\/tr\/wp-json\/wp\/v2\/product_brands?post=3245"}],"curies":[{"name":"wp","href":"https:\/\/api.w.org\/{rel}","templated":true}]}}