{"id":3300,"date":"2024-05-05T20:31:33","date_gmt":"2024-05-05T12:31:33","guid":{"rendered":"http:\/\/localhost:8012\/product\/wood-grain-pattern-aluminum-coil-for-ceiling"},"modified":"2024-05-19T20:00:41","modified_gmt":"2024-05-19T12:00:41","slug":"wood-grain-pattern-aluminum-coil-for-ceiling","status":"publish","type":"product","link":"https:\/\/atalu.cn\/tr\/wood-grain-pattern-aluminum-coil-for-ceiling","title":{"rendered":"Tavan \u0130\u00e7in Ah\u015fap Tah\u0131l Desenli Al\u00fcminyum Bobin"},"content":{"rendered":"<p><input id=\"productID\" name=\"productID\" type=\"hidden\" value=\"205608883\"><\/p>\n<p>Tavan i\u00e7in ah\u015fap tah\u0131l desenli al\u00fcminyum bobin, \u00e7e\u015fitli i\u00e7 ve d\u0131\u015f dekorasyon projelerinde yayg\u0131n olarak kullan\u0131lan y\u00fcksek kaliteli bir dekoratif malzeme t\u00fcr\u00fcd\u00fcr. Y\u00fcksek kaliteli al\u00fcminyum ala\u015f\u0131ml\u0131 malzemeden ve dayan\u0131kl\u0131l\u0131k, stabilite ve estetik a\u00e7\u0131s\u0131ndan m\u00fckemmel performans\u0131n\u0131 sa\u011flayan geli\u015fmi\u015f \u00fcretim teknolojisinden yap\u0131lm\u0131\u015ft\u0131r.<\/p>\n<p>Tavan i\u00e7in ah\u015fap tah\u0131l desenli al\u00fcminyum bobin, m\u00fc\u015fterilerin gereksinimlerine g\u00f6re \u00f6zelle\u015ftirilebilen \u00e7ok \u00e7e\u015fitli renk ve desenlerde mevcuttur. Ah\u015fap damar deseni metale do\u011fal ve s\u0131cak bir g\u00f6r\u00fcn\u00fcm kazand\u0131r\u0131r, bu da onu ger\u00e7ek ah\u015faba m\u00fckemmel bir alternatif haline getirir. Ayr\u0131ca geleneksel ah\u015faba g\u00f6re daha dayan\u0131kl\u0131 ve bak\u0131m\u0131 daha kolayd\u0131r.<\/p>\n<p>Tavan i\u00e7in ah\u015fap desenli al\u00fcminyum bobinin kurulumu kolayd\u0131r, minimum bak\u0131m gerektirir ve uzun bir hizmet \u00f6mr\u00fcne sahiptir. Sert hava ko\u015fullar\u0131na dayanabilir ve korozyona direnebilir, bu da onu hem i\u00e7 hem de d\u0131\u015f ortamlarda kullan\u0131m i\u00e7in ideal hale getirir. Ayr\u0131ca yang\u0131na dayan\u0131kl\u0131d\u0131r ve iyi yal\u0131t\u0131m \u00f6zelliklerine sahiptir, bu da onu \u00e7e\u015fitli in\u015faat projeleri i\u00e7in m\u00fckemmel bir se\u00e7im haline getirir.<\/p>\n<p>Tavan i\u00e7in ah\u015fap tah\u0131l desenli al\u00fcminyum bobin, tavan dekorasyonu, duvar dekorasyonu, mobilya dekorasyonu ve daha fazlas\u0131 gibi \u00e7e\u015fitli uygulamalarda yayg\u0131n olarak kullan\u0131lmaktad\u0131r. Havaalanlar\u0131, oteller, al\u0131\u015fveri\u015f merkezleri, ofisler ve evler gibi ticari ve konut binalar\u0131nda da kullan\u0131labilir. \u00c7ok y\u00f6nl\u00fcl\u00fc\u011f\u00fc ve m\u00fckemmel performans\u0131 onu mimarlar, in\u015faat\u00e7\u0131lar ve ev sahipleri aras\u0131nda pop\u00fcler bir se\u00e7im haline getirmektedir.<\/p>\n<p>Sonu\u00e7 olarak, tavan i\u00e7in ah\u015fap damarl\u0131 desen al\u00fcminyum bobin, \u00fcst\u00fcn performans, estetik \u00e7ekicilik ve \u00e7ok y\u00f6nl\u00fcl\u00fck sunan m\u00fckemmel bir dekoratif malzemedir. Geleneksel ah\u015fap ve di\u011fer dekoratif metallere m\u00fckemmel bir alternatiftir ve herhangi bir i\u00e7 veya d\u0131\u015f projeye zarif ve do\u011fal bir g\u00f6r\u00fcn\u00fcm sa\u011flayabilir.<\/p>\n<p>\u00a0<\/p>\n<p><img decoding=\"async\" alt=\"500351--25\" height=\"446\" loading=\"lazy\" src=\"https:\/\/atalu.cn\/wp-content\/uploads\/2024\/05\/202305151548445fced50e09c044cc8809262743fd8b06.webp?size=446x0\" title=\"500351--25\" width=\"446\"\/>\u00a0\u00a0<img decoding=\"async\" alt=\"1\" height=\"448\" loading=\"lazy\" src=\"https:\/\/atalu.cn\/wp-content\/uploads\/2024\/05\/202305151548443ebc357e2bc2405688f00ae4756bd004.webp?size=448x0\" title=\"1\" width=\"448\"\/><\/p>\n<p>\u00a0<\/p>\n<p class=\"productsTags\"> Hot Tags: tavan i\u00e7in ah\u015fap tah\u0131l desen al\u00fcminyum bobin, tavan \u00fcreticileri, tedarik\u00e7iler, fabrika i\u00e7in \u00c7in ah\u015fap tah\u0131l desen al\u00fcminyum bobin,  <a href=\"\/tr\/showroom\/aluminum-coil-for-roofing\/\" target=\"_blank\" title=\"\u00e7at\u0131 kaplamas\u0131 i\u00e7in al\u00fcminyum bobin\" rel=\"noopener\">\u00e7at\u0131 kaplamas\u0131 i\u00e7in al\u00fcminyum bobin<\/a>, <a href=\"\/tr\/showroom\/charcoal-gray-trim-coil\/\" target=\"_blank\" title=\"k\u00f6m\u00fcr gri\u0307si\u0307 d\u00f6\u015feme bobi\u0307ni\u0307\" rel=\"noopener\">k\u00f6m\u00fcr gri\u0307si\u0307 d\u00f6\u015feme bobi\u0307ni\u0307<\/a>, <a href=\"\/tr\/showroom\/aluminium-pair-coil\/\" target=\"_blank\" title=\"al\u00fcminyum \u00e7ift bobin\" rel=\"noopener\">al\u00fcminyum \u00e7ift bobin<\/a>, <a href=\"\/tr\/showroom\/019-aluminum-coil\/\" target=\"_blank\" title=\"019 al\u00fcminyum bobin\" rel=\"noopener\">019 al\u00fcminyum bobin<\/a>, <a href=\"\/tr\/showroom\/aluminum-coil-3003\/\" target=\"_blank\" title=\"al\u00fcminyum bobin 3003\" rel=\"noopener\">al\u00fcminyum bobin 3003<\/a>, <a href=\"\/tr\/showroom\/aluminum-wood-grain-trim-coil\/\" target=\"_blank\" title=\"Al\u00fcminyum Ah\u015fap Damarl\u0131 Trim Bobini\" rel=\"noopener\">Al\u00fcminyum Ah\u015fap Damarl\u0131 Trim Bobini<\/a> <\/p>\n<p><\/input><\/p>","protected":false},"excerpt":{"rendered":"<p class=\"pdshow-r-text\">Tavan i\u00e7in ah\u015fap tah\u0131l desenli al\u00fcminyum bobin, \u00e7e\u015fitli i\u00e7 ve d\u0131\u015f dekorasyon projelerinde yayg\u0131n olarak kullan\u0131lan y\u00fcksek kaliteli bir dekoratif malzeme t\u00fcr\u00fcd\u00fcr. Y\u00fcksek kaliteli al\u00fcminyum ala\u015f\u0131ml\u0131 malzemeden ve geli\u015fmi\u015f \u00fcretim teknolojisinden yap\u0131lm\u0131\u015ft\u0131r, bu da m\u00fckemmel performans\u0131n\u0131 sa\u011flar ...<\/p>","protected":false},"featured_media":2698,"comment_status":"closed","ping_status":"closed","template":"","meta":{"_gspb_post_css":""},"product_cat":[22,26],"product_tag":[],"product_brands":[],"class_list":{"0":"post-3300","1":"product","2":"type-product","3":"status-publish","4":"has-post-thumbnail","6":"product_cat-aluminum-coil","7":"product_cat-prepainted-aluminum-coil","9":"first","10":"instock","11":"product-type-simple"},"featured_image_urls":{"full":["https:\/\/atalu.cn\/wp-content\/uploads\/2024\/05\/wood-grain-pattern-aluminum-coil-for-ceiling.webp",730,730,false],"thumbnail":["https:\/\/atalu.cn\/wp-content\/uploads\/2024\/05\/wood-grain-pattern-aluminum-coil-for-ceiling-150x150.webp",150,150,true],"medium":["https:\/\/atalu.cn\/wp-content\/uploads\/2024\/05\/wood-grain-pattern-aluminum-coil-for-ceiling-300x300.webp",300,300,true],"medium_large":["https:\/\/atalu.cn\/wp-content\/uploads\/2024\/05\/wood-grain-pattern-aluminum-coil-for-ceiling.webp",730,730,false],"large":["https:\/\/atalu.cn\/wp-content\/uploads\/2024\/05\/wood-grain-pattern-aluminum-coil-for-ceiling.webp",730,730,false],"gs-tiny":["https:\/\/atalu.cn\/wp-content\/uploads\/2024\/05\/wood-grain-pattern-aluminum-coil-for-ceiling.webp",50,50,false],"xl":["https:\/\/atalu.cn\/wp-content\/uploads\/2024\/05\/wood-grain-pattern-aluminum-coil-for-ceiling.webp",730,730,false],"xxl":["https:\/\/atalu.cn\/wp-content\/uploads\/2024\/05\/wood-grain-pattern-aluminum-coil-for-ceiling.webp",730,730,false],"xxxl":["https:\/\/atalu.cn\/wp-content\/uploads\/2024\/05\/wood-grain-pattern-aluminum-coil-for-ceiling.webp",730,730,false],"xxxxl":["https:\/\/atalu.cn\/wp-content\/uploads\/2024\/05\/wood-grain-pattern-aluminum-coil-for-ceiling.webp",730,730,false],"xxxxxl":["https:\/\/atalu.cn\/wp-content\/uploads\/2024\/05\/wood-grain-pattern-aluminum-coil-for-ceiling.webp",730,730,false],"1536x1536":["https:\/\/atalu.cn\/wp-content\/uploads\/2024\/05\/wood-grain-pattern-aluminum-coil-for-ceiling.webp",730,730,false],"2048x2048":["https:\/\/atalu.cn\/wp-content\/uploads\/2024\/05\/wood-grain-pattern-aluminum-coil-for-ceiling.webp",730,730,false],"trp-custom-language-flag":["https:\/\/atalu.cn\/wp-content\/uploads\/2024\/05\/wood-grain-pattern-aluminum-coil-for-ceiling.webp",12,12,false],"woocommerce_archive_thumbnail":["https:\/\/atalu.cn\/wp-content\/uploads\/2024\/05\/wood-grain-pattern-aluminum-coil-for-ceiling-500x500.webp",500,500,true],"woocommerce_thumbnail":["https:\/\/atalu.cn\/wp-content\/uploads\/2024\/05\/wood-grain-pattern-aluminum-coil-for-ceiling-300x300.webp",300,300,true],"woocommerce_single":["https:\/\/atalu.cn\/wp-content\/uploads\/2024\/05\/wood-grain-pattern-aluminum-coil-for-ceiling-600x600.webp",600,600,true],"woocommerce_gallery_thumbnail":["https:\/\/atalu.cn\/wp-content\/uploads\/2024\/05\/wood-grain-pattern-aluminum-coil-for-ceiling-100x100.webp",100,100,true]},"post_excerpt_stackable":"<p class=\"pdshow-r-text\">Wood grain pattern aluminum coil for ceiling is a type of high-quality decorative material that is widely used in various interior and exterior decoration projects. It is made from high-quality aluminum alloy material and advanced production technology, which ensures its excellent performance in&#8230;<\/p>\n","category_list":"","author_info":{"name":"","url":""},"comments_num":"0 comments","_links":{"self":[{"href":"https:\/\/atalu.cn\/tr\/wp-json\/wp\/v2\/product\/3300","targetHints":{"allow":["GET"]}}],"collection":[{"href":"https:\/\/atalu.cn\/tr\/wp-json\/wp\/v2\/product"}],"about":[{"href":"https:\/\/atalu.cn\/tr\/wp-json\/wp\/v2\/types\/product"}],"replies":[{"embeddable":true,"href":"https:\/\/atalu.cn\/tr\/wp-json\/wp\/v2\/comments?post=3300"}],"wp:featuredmedia":[{"embeddable":true,"href":"https:\/\/atalu.cn\/tr\/wp-json\/wp\/v2\/media\/2698"}],"wp:attachment":[{"href":"https:\/\/atalu.cn\/tr\/wp-json\/wp\/v2\/media?parent=3300"}],"wp:term":[{"taxonomy":"product_cat","embeddable":true,"href":"https:\/\/atalu.cn\/tr\/wp-json\/wp\/v2\/product_cat?post=3300"},{"taxonomy":"product_tag","embeddable":true,"href":"https:\/\/atalu.cn\/tr\/wp-json\/wp\/v2\/product_tag?post=3300"},{"taxonomy":"product_brands","embeddable":true,"href":"https:\/\/atalu.cn\/tr\/wp-json\/wp\/v2\/product_brands?post=3300"}],"curies":[{"name":"wp","href":"https:\/\/api.w.org\/{rel}","templated":true}]}}